{"id":3782,"date":"2022-03-20T08:08:11","date_gmt":"2022-03-20T08:08:11","guid":{"rendered":"https:\/\/en.atakan.io?post_type=product&#038;p=3782"},"modified":"2026-03-04T11:47:21","modified_gmt":"2026-03-04T11:47:21","slug":"high-strength-class-portland-cement","status":"publish","type":"product","link":"https:\/\/cimsa.com.tr\/en\/product\/high-strength-class-portland-cement\/","title":{"rendered":"\u00c7\u0130MSA CLASSIC PRO 52,5  Portland Cement"},"content":{"rendered":"","protected":false},"excerpt":{"rendered":"<p>\u00c7imsa 52.5 strength class cement maximizes the performance in end products with its reliable strength and stability in building reinforcement projects. The product is designed to give the best outcomes in thin section reinforced concrete, high strength concrete, prestressed concrete and concrete sleeper manufacturing. The product features maximum performance for precast and tile production where early demolding is important, and increasing production efficiency. The product preserves its stable color and is ideal for architectural concrete.<\/p>\n","protected":false},"featured_media":9943,"comment_status":"open","ping_status":"closed","template":"","meta":{"_acf_changed":false},"product_brand":[],"product_cat":[30],"product_tag":[],"class_list":{"0":"post-3782","1":"product","2":"type-product","3":"status-publish","4":"has-post-thumbnail","6":"product_cat-grey-cement","8":"first","9":"instock","10":"shipping-taxable","11":"product-type-simple"},"acf":[],"yoast_head":"<!-- This site is optimized with the Yoast SEO plugin v26.6 - https:\/\/yoast.com\/wordpress\/plugins\/seo\/ -->\n<title>\u00c7\u0130MSA CLASSIC PRO 52,5 Portland Cement - \u00c7imsa<\/title>\n<meta name=\"description\" content=\"\u00c7imsa Classic Pro 52.5: High-strength Portland cement for reinforced concrete, precast, tiles, and architectural applications with stable color.\" \/>\n<meta name=\"robots\" content=\"index, follow, max-snippet:-1, max-image-preview:large, max-video-preview:-1\" \/>\n<link rel=\"canonical\" href=\"https:\/\/cimsa.com.tr\/en\/product\/high-strength-class-portland-cement\/\" \/>\n<meta property=\"og:locale\" content=\"en_US\" \/>\n<meta property=\"og:type\" content=\"article\" \/>\n<meta property=\"og:title\" content=\"\u00c7\u0130MSA CLASSIC PRO 52,5 Portland Cement - \u00c7imsa\" \/>\n<meta property=\"og:description\" content=\"\u00c7imsa Classic Pro 52.5: High-strength Portland cement for reinforced concrete, precast, tiles, and architectural applications with stable color.\" \/>\n<meta property=\"og:url\" content=\"https:\/\/cimsa.com.tr\/en\/product\/high-strength-class-portland-cement\/\" \/>\n<meta property=\"og:site_name\" content=\"\u00c7imsa\" \/>\n<meta property=\"article:modified_time\" content=\"2026-03-04T11:47:21+00:00\" \/>\n<meta property=\"og:image\" content=\"https:\/\/cimsa.com.tr\/en\/wp-content\/uploads\/sites\/3\/2022\/03\/cimsa-classic-pro-525.png\" \/>\n\t<meta property=\"og:image:width\" content=\"800\" \/>\n\t<meta property=\"og:image:height\" content=\"800\" \/>\n\t<meta property=\"og:image:type\" content=\"image\/png\" \/>\n<meta name=\"twitter:card\" content=\"summary_large_image\" \/>\n<meta name=\"twitter:label1\" content=\"Est. reading time\" \/>\n\t<meta name=\"twitter:data1\" content=\"1 minute\" \/>\n<script type=\"application\/ld+json\" class=\"yoast-schema-graph\">{\"@context\":\"https:\/\/schema.org\",\"@graph\":[{\"@type\":\"WebPage\",\"@id\":\"https:\/\/cimsa.com.tr\/en\/product\/high-strength-class-portland-cement\/\",\"url\":\"https:\/\/cimsa.com.tr\/en\/product\/high-strength-class-portland-cement\/\",\"name\":\"\u00c7\u0130MSA CLASSIC PRO 52,5 Portland Cement - \u00c7imsa\",\"isPartOf\":{\"@id\":\"https:\/\/cimsa.com.tr\/en\/#website\"},\"primaryImageOfPage\":{\"@id\":\"https:\/\/cimsa.com.tr\/en\/product\/high-strength-class-portland-cement\/#primaryimage\"},\"image\":{\"@id\":\"https:\/\/cimsa.com.tr\/en\/product\/high-strength-class-portland-cement\/#primaryimage\"},\"thumbnailUrl\":\"https:\/\/cimsa.com.tr\/en\/wp-content\/uploads\/sites\/3\/2022\/03\/cimsa-classic-pro-525.png\",\"datePublished\":\"2022-03-20T08:08:11+00:00\",\"dateModified\":\"2026-03-04T11:47:21+00:00\",\"description\":\"\u00c7imsa Classic Pro 52.5: High-strength Portland cement for reinforced concrete, precast, tiles, and architectural applications with stable color.\",\"breadcrumb\":{\"@id\":\"https:\/\/cimsa.com.tr\/en\/product\/high-strength-class-portland-cement\/#breadcrumb\"},\"inLanguage\":\"en-US\",\"potentialAction\":[{\"@type\":\"ReadAction\",\"target\":[\"https:\/\/cimsa.com.tr\/en\/product\/high-strength-class-portland-cement\/\"]}]},{\"@type\":\"ImageObject\",\"inLanguage\":\"en-US\",\"@id\":\"https:\/\/cimsa.com.tr\/en\/product\/high-strength-class-portland-cement\/#primaryimage\",\"url\":\"https:\/\/cimsa.com.tr\/en\/wp-content\/uploads\/sites\/3\/2022\/03\/cimsa-classic-pro-525.png\",\"contentUrl\":\"https:\/\/cimsa.com.tr\/en\/wp-content\/uploads\/sites\/3\/2022\/03\/cimsa-classic-pro-525.png\",\"width\":800,\"height\":800,\"caption\":\"cimsa-classic-pro-52,5\"},{\"@type\":\"BreadcrumbList\",\"@id\":\"https:\/\/cimsa.com.tr\/en\/product\/high-strength-class-portland-cement\/#breadcrumb\",\"itemListElement\":[{\"@type\":\"ListItem\",\"position\":1,\"name\":\"Ma\u011faza\",\"item\":\"https:\/\/cimsa.com.tr\/en\/?page_id=1994\"},{\"@type\":\"ListItem\",\"position\":2,\"name\":\"\u00c7\u0130MSA CLASSIC PRO 52,5 Portland Cement\"}]},{\"@type\":\"WebSite\",\"@id\":\"https:\/\/cimsa.com.tr\/en\/#website\",\"url\":\"https:\/\/cimsa.com.tr\/en\/\",\"name\":\"\u00c7imsa\",\"description\":\"Shaping Today for Tomorrow\",\"potentialAction\":[{\"@type\":\"SearchAction\",\"target\":{\"@type\":\"EntryPoint\",\"urlTemplate\":\"https:\/\/cimsa.com.tr\/en\/?s={search_term_string}\"},\"query-input\":{\"@type\":\"PropertyValueSpecification\",\"valueRequired\":true,\"valueName\":\"search_term_string\"}}],\"inLanguage\":\"en-US\"}]}<\/script>\n<!-- \/ Yoast SEO plugin. -->","yoast_head_json":{"title":"\u00c7\u0130MSA CLASSIC PRO 52,5 Portland Cement - \u00c7imsa","description":"\u00c7imsa Classic Pro 52.5: High-strength Portland cement for reinforced concrete, precast, tiles, and architectural applications with stable color.","robots":{"index":"index","follow":"follow","max-snippet":"max-snippet:-1","max-image-preview":"max-image-preview:large","max-video-preview":"max-video-preview:-1"},"canonical":"https:\/\/cimsa.com.tr\/en\/product\/high-strength-class-portland-cement\/","og_locale":"en_US","og_type":"article","og_title":"\u00c7\u0130MSA CLASSIC PRO 52,5 Portland Cement - \u00c7imsa","og_description":"\u00c7imsa Classic Pro 52.5: High-strength Portland cement for reinforced concrete, precast, tiles, and architectural applications with stable color.","og_url":"https:\/\/cimsa.com.tr\/en\/product\/high-strength-class-portland-cement\/","og_site_name":"\u00c7imsa","article_modified_time":"2026-03-04T11:47:21+00:00","og_image":[{"width":800,"height":800,"url":"https:\/\/cimsa.com.tr\/en\/wp-content\/uploads\/sites\/3\/2022\/03\/cimsa-classic-pro-525.png","type":"image\/png"}],"twitter_card":"summary_large_image","twitter_misc":{"Est. reading time":"1 minute"},"schema":{"@context":"https:\/\/schema.org","@graph":[{"@type":"WebPage","@id":"https:\/\/cimsa.com.tr\/en\/product\/high-strength-class-portland-cement\/","url":"https:\/\/cimsa.com.tr\/en\/product\/high-strength-class-portland-cement\/","name":"\u00c7\u0130MSA CLASSIC PRO 52,5 Portland Cement - \u00c7imsa","isPartOf":{"@id":"https:\/\/cimsa.com.tr\/en\/#website"},"primaryImageOfPage":{"@id":"https:\/\/cimsa.com.tr\/en\/product\/high-strength-class-portland-cement\/#primaryimage"},"image":{"@id":"https:\/\/cimsa.com.tr\/en\/product\/high-strength-class-portland-cement\/#primaryimage"},"thumbnailUrl":"https:\/\/cimsa.com.tr\/en\/wp-content\/uploads\/sites\/3\/2022\/03\/cimsa-classic-pro-525.png","datePublished":"2022-03-20T08:08:11+00:00","dateModified":"2026-03-04T11:47:21+00:00","description":"\u00c7imsa Classic Pro 52.5: High-strength Portland cement for reinforced concrete, precast, tiles, and architectural applications with stable color.","breadcrumb":{"@id":"https:\/\/cimsa.com.tr\/en\/product\/high-strength-class-portland-cement\/#breadcrumb"},"inLanguage":"en-US","potentialAction":[{"@type":"ReadAction","target":["https:\/\/cimsa.com.tr\/en\/product\/high-strength-class-portland-cement\/"]}]},{"@type":"ImageObject","inLanguage":"en-US","@id":"https:\/\/cimsa.com.tr\/en\/product\/high-strength-class-portland-cement\/#primaryimage","url":"https:\/\/cimsa.com.tr\/en\/wp-content\/uploads\/sites\/3\/2022\/03\/cimsa-classic-pro-525.png","contentUrl":"https:\/\/cimsa.com.tr\/en\/wp-content\/uploads\/sites\/3\/2022\/03\/cimsa-classic-pro-525.png","width":800,"height":800,"caption":"cimsa-classic-pro-52,5"},{"@type":"BreadcrumbList","@id":"https:\/\/cimsa.com.tr\/en\/product\/high-strength-class-portland-cement\/#breadcrumb","itemListElement":[{"@type":"ListItem","position":1,"name":"Ma\u011faza","item":"https:\/\/cimsa.com.tr\/en\/?page_id=1994"},{"@type":"ListItem","position":2,"name":"\u00c7\u0130MSA CLASSIC PRO 52,5 Portland Cement"}]},{"@type":"WebSite","@id":"https:\/\/cimsa.com.tr\/en\/#website","url":"https:\/\/cimsa.com.tr\/en\/","name":"\u00c7imsa","description":"Shaping Today for Tomorrow","potentialAction":[{"@type":"SearchAction","target":{"@type":"EntryPoint","urlTemplate":"https:\/\/cimsa.com.tr\/en\/?s={search_term_string}"},"query-input":{"@type":"PropertyValueSpecification","valueRequired":true,"valueName":"search_term_string"}}],"inLanguage":"en-US"}]}},"_links":{"self":[{"href":"https:\/\/cimsa.com.tr\/en\/wp-json\/wp\/v2\/product\/3782","targetHints":{"allow":["GET"]}}],"collection":[{"href":"https:\/\/cimsa.com.tr\/en\/wp-json\/wp\/v2\/product"}],"about":[{"href":"https:\/\/cimsa.com.tr\/en\/wp-json\/wp\/v2\/types\/product"}],"replies":[{"embeddable":true,"href":"https:\/\/cimsa.com.tr\/en\/wp-json\/wp\/v2\/comments?post=3782"}],"wp:featuredmedia":[{"embeddable":true,"href":"https:\/\/cimsa.com.tr\/en\/wp-json\/wp\/v2\/media\/9943"}],"wp:attachment":[{"href":"https:\/\/cimsa.com.tr\/en\/wp-json\/wp\/v2\/media?parent=3782"}],"wp:term":[{"taxonomy":"product_brand","embeddable":true,"href":"https:\/\/cimsa.com.tr\/en\/wp-json\/wp\/v2\/product_brand?post=3782"},{"taxonomy":"product_cat","embeddable":true,"href":"https:\/\/cimsa.com.tr\/en\/wp-json\/wp\/v2\/product_cat?post=3782"},{"taxonomy":"product_tag","embeddable":true,"href":"https:\/\/cimsa.com.tr\/en\/wp-json\/wp\/v2\/product_tag?post=3782"}],"curies":[{"name":"wp","href":"https:\/\/api.w.org\/{rel}","templated":true}]}}