{"id":3768,"date":"2022-03-20T07:50:08","date_gmt":"2022-03-20T07:50:08","guid":{"rendered":"https:\/\/en.atakan.io?post_type=product&#038;p=3768"},"modified":"2026-03-04T11:48:24","modified_gmt":"2026-03-04T11:48:24","slug":"portland-cement","status":"publish","type":"product","link":"https:\/\/cimsa.com.tr\/en\/product\/portland-cement\/","title":{"rendered":"\u00c7\u0130MSA RAPID 42,5 Portland Cement"},"content":{"rendered":"","protected":false},"excerpt":{"rendered":"<p>\u00c7imsa Portland cement gains rapid strength with its high clinker content and offers stable strength at all ages. The early strength performance shortens the demolding time. The product is suitable for the production of precast and prestressed concrete elements and for the production of concrete surface coatings on the roads that endure heavy traffic. Using the product in the production of all kinds of reinforced concrete structures including residential buildings, bridges, foundations, viaducts, concrete roads, precast building elements, for which early strength is important, is ideal. Mineral additives can be used to produce concrete suitable for various implementations.<\/p>\n","protected":false},"featured_media":9950,"comment_status":"open","ping_status":"closed","template":"","meta":{"_acf_changed":false},"product_brand":[],"product_cat":[30],"product_tag":[],"class_list":{"0":"post-3768","1":"product","2":"type-product","3":"status-publish","4":"has-post-thumbnail","6":"product_cat-grey-cement","8":"first","9":"instock","10":"shipping-taxable","11":"product-type-simple"},"acf":[],"yoast_head":"<!-- This site is optimized with the Yoast SEO plugin v26.6 - https:\/\/yoast.com\/wordpress\/plugins\/seo\/ -->\n<title>\u00c7\u0130MSA RAPID 42,5 Portland Cement - \u00c7imsa<\/title>\n<meta name=\"robots\" content=\"index, follow, max-snippet:-1, max-image-preview:large, max-video-preview:-1\" \/>\n<link rel=\"canonical\" href=\"https:\/\/cimsa.com.tr\/en\/product\/portland-cement\/\" \/>\n<meta property=\"og:locale\" content=\"en_US\" \/>\n<meta property=\"og:type\" content=\"article\" \/>\n<meta property=\"og:title\" content=\"\u00c7\u0130MSA RAPID 42,5 Portland Cement - \u00c7imsa\" \/>\n<meta property=\"og:description\" content=\"\u00c7imsa Portland cement gains rapid strength with its high clinker content and offers stable strength at all ages. The early strength performance shortens the demolding time. The product is suitable for the production of precast and prestressed concrete elements and for the production of concrete surface coatings on the roads that endure heavy traffic. Using the product in the production of all kinds of reinforced concrete structures including residential buildings, bridges, foundations, viaducts, concrete roads, precast building elements, for which early strength is important, is ideal. Mineral additives can be used to produce concrete suitable for various implementations.\" \/>\n<meta property=\"og:url\" content=\"https:\/\/cimsa.com.tr\/en\/product\/portland-cement\/\" \/>\n<meta property=\"og:site_name\" content=\"\u00c7imsa\" \/>\n<meta property=\"article:modified_time\" content=\"2026-03-04T11:48:24+00:00\" \/>\n<meta property=\"og:image\" content=\"https:\/\/cimsa.com.tr\/en\/wp-content\/uploads\/sites\/3\/2022\/03\/rapid-425-portland-cimento.png\" \/>\n\t<meta property=\"og:image:width\" content=\"800\" \/>\n\t<meta property=\"og:image:height\" content=\"800\" \/>\n\t<meta property=\"og:image:type\" content=\"image\/png\" \/>\n<meta name=\"twitter:card\" content=\"summary_large_image\" \/>\n<meta name=\"twitter:label1\" content=\"Est. reading time\" \/>\n\t<meta name=\"twitter:data1\" content=\"1 minute\" \/>\n<script type=\"application\/ld+json\" class=\"yoast-schema-graph\">{\"@context\":\"https:\/\/schema.org\",\"@graph\":[{\"@type\":\"WebPage\",\"@id\":\"https:\/\/cimsa.com.tr\/en\/product\/portland-cement\/\",\"url\":\"https:\/\/cimsa.com.tr\/en\/product\/portland-cement\/\",\"name\":\"\u00c7\u0130MSA RAPID 42,5 Portland Cement - \u00c7imsa\",\"isPartOf\":{\"@id\":\"https:\/\/cimsa.com.tr\/en\/#website\"},\"primaryImageOfPage\":{\"@id\":\"https:\/\/cimsa.com.tr\/en\/product\/portland-cement\/#primaryimage\"},\"image\":{\"@id\":\"https:\/\/cimsa.com.tr\/en\/product\/portland-cement\/#primaryimage\"},\"thumbnailUrl\":\"https:\/\/cimsa.com.tr\/en\/wp-content\/uploads\/sites\/3\/2022\/03\/rapid-425-portland-cimento.png\",\"datePublished\":\"2022-03-20T07:50:08+00:00\",\"dateModified\":\"2026-03-04T11:48:24+00:00\",\"breadcrumb\":{\"@id\":\"https:\/\/cimsa.com.tr\/en\/product\/portland-cement\/#breadcrumb\"},\"inLanguage\":\"en-US\",\"potentialAction\":[{\"@type\":\"ReadAction\",\"target\":[\"https:\/\/cimsa.com.tr\/en\/product\/portland-cement\/\"]}]},{\"@type\":\"ImageObject\",\"inLanguage\":\"en-US\",\"@id\":\"https:\/\/cimsa.com.tr\/en\/product\/portland-cement\/#primaryimage\",\"url\":\"https:\/\/cimsa.com.tr\/en\/wp-content\/uploads\/sites\/3\/2022\/03\/rapid-425-portland-cimento.png\",\"contentUrl\":\"https:\/\/cimsa.com.tr\/en\/wp-content\/uploads\/sites\/3\/2022\/03\/rapid-425-portland-cimento.png\",\"width\":800,\"height\":800,\"caption\":\"rapid-42,5-portland\"},{\"@type\":\"BreadcrumbList\",\"@id\":\"https:\/\/cimsa.com.tr\/en\/product\/portland-cement\/#breadcrumb\",\"itemListElement\":[{\"@type\":\"ListItem\",\"position\":1,\"name\":\"Ma\u011faza\",\"item\":\"https:\/\/cimsa.com.tr\/en\/?page_id=1994\"},{\"@type\":\"ListItem\",\"position\":2,\"name\":\"\u00c7\u0130MSA RAPID 42,5 Portland Cement\"}]},{\"@type\":\"WebSite\",\"@id\":\"https:\/\/cimsa.com.tr\/en\/#website\",\"url\":\"https:\/\/cimsa.com.tr\/en\/\",\"name\":\"\u00c7imsa\",\"description\":\"Shaping Today for Tomorrow\",\"potentialAction\":[{\"@type\":\"SearchAction\",\"target\":{\"@type\":\"EntryPoint\",\"urlTemplate\":\"https:\/\/cimsa.com.tr\/en\/?s={search_term_string}\"},\"query-input\":{\"@type\":\"PropertyValueSpecification\",\"valueRequired\":true,\"valueName\":\"search_term_string\"}}],\"inLanguage\":\"en-US\"}]}<\/script>\n<!-- \/ Yoast SEO plugin. -->","yoast_head_json":{"title":"\u00c7\u0130MSA RAPID 42,5 Portland Cement - \u00c7imsa","robots":{"index":"index","follow":"follow","max-snippet":"max-snippet:-1","max-image-preview":"max-image-preview:large","max-video-preview":"max-video-preview:-1"},"canonical":"https:\/\/cimsa.com.tr\/en\/product\/portland-cement\/","og_locale":"en_US","og_type":"article","og_title":"\u00c7\u0130MSA RAPID 42,5 Portland Cement - \u00c7imsa","og_description":"\u00c7imsa Portland cement gains rapid strength with its high clinker content and offers stable strength at all ages. The early strength performance shortens the demolding time. The product is suitable for the production of precast and prestressed concrete elements and for the production of concrete surface coatings on the roads that endure heavy traffic. Using the product in the production of all kinds of reinforced concrete structures including residential buildings, bridges, foundations, viaducts, concrete roads, precast building elements, for which early strength is important, is ideal. Mineral additives can be used to produce concrete suitable for various implementations.","og_url":"https:\/\/cimsa.com.tr\/en\/product\/portland-cement\/","og_site_name":"\u00c7imsa","article_modified_time":"2026-03-04T11:48:24+00:00","og_image":[{"width":800,"height":800,"url":"https:\/\/cimsa.com.tr\/en\/wp-content\/uploads\/sites\/3\/2022\/03\/rapid-425-portland-cimento.png","type":"image\/png"}],"twitter_card":"summary_large_image","twitter_misc":{"Est. reading time":"1 minute"},"schema":{"@context":"https:\/\/schema.org","@graph":[{"@type":"WebPage","@id":"https:\/\/cimsa.com.tr\/en\/product\/portland-cement\/","url":"https:\/\/cimsa.com.tr\/en\/product\/portland-cement\/","name":"\u00c7\u0130MSA RAPID 42,5 Portland Cement - \u00c7imsa","isPartOf":{"@id":"https:\/\/cimsa.com.tr\/en\/#website"},"primaryImageOfPage":{"@id":"https:\/\/cimsa.com.tr\/en\/product\/portland-cement\/#primaryimage"},"image":{"@id":"https:\/\/cimsa.com.tr\/en\/product\/portland-cement\/#primaryimage"},"thumbnailUrl":"https:\/\/cimsa.com.tr\/en\/wp-content\/uploads\/sites\/3\/2022\/03\/rapid-425-portland-cimento.png","datePublished":"2022-03-20T07:50:08+00:00","dateModified":"2026-03-04T11:48:24+00:00","breadcrumb":{"@id":"https:\/\/cimsa.com.tr\/en\/product\/portland-cement\/#breadcrumb"},"inLanguage":"en-US","potentialAction":[{"@type":"ReadAction","target":["https:\/\/cimsa.com.tr\/en\/product\/portland-cement\/"]}]},{"@type":"ImageObject","inLanguage":"en-US","@id":"https:\/\/cimsa.com.tr\/en\/product\/portland-cement\/#primaryimage","url":"https:\/\/cimsa.com.tr\/en\/wp-content\/uploads\/sites\/3\/2022\/03\/rapid-425-portland-cimento.png","contentUrl":"https:\/\/cimsa.com.tr\/en\/wp-content\/uploads\/sites\/3\/2022\/03\/rapid-425-portland-cimento.png","width":800,"height":800,"caption":"rapid-42,5-portland"},{"@type":"BreadcrumbList","@id":"https:\/\/cimsa.com.tr\/en\/product\/portland-cement\/#breadcrumb","itemListElement":[{"@type":"ListItem","position":1,"name":"Ma\u011faza","item":"https:\/\/cimsa.com.tr\/en\/?page_id=1994"},{"@type":"ListItem","position":2,"name":"\u00c7\u0130MSA RAPID 42,5 Portland Cement"}]},{"@type":"WebSite","@id":"https:\/\/cimsa.com.tr\/en\/#website","url":"https:\/\/cimsa.com.tr\/en\/","name":"\u00c7imsa","description":"Shaping Today for Tomorrow","potentialAction":[{"@type":"SearchAction","target":{"@type":"EntryPoint","urlTemplate":"https:\/\/cimsa.com.tr\/en\/?s={search_term_string}"},"query-input":{"@type":"PropertyValueSpecification","valueRequired":true,"valueName":"search_term_string"}}],"inLanguage":"en-US"}]}},"_links":{"self":[{"href":"https:\/\/cimsa.com.tr\/en\/wp-json\/wp\/v2\/product\/3768","targetHints":{"allow":["GET"]}}],"collection":[{"href":"https:\/\/cimsa.com.tr\/en\/wp-json\/wp\/v2\/product"}],"about":[{"href":"https:\/\/cimsa.com.tr\/en\/wp-json\/wp\/v2\/types\/product"}],"replies":[{"embeddable":true,"href":"https:\/\/cimsa.com.tr\/en\/wp-json\/wp\/v2\/comments?post=3768"}],"wp:featuredmedia":[{"embeddable":true,"href":"https:\/\/cimsa.com.tr\/en\/wp-json\/wp\/v2\/media\/9950"}],"wp:attachment":[{"href":"https:\/\/cimsa.com.tr\/en\/wp-json\/wp\/v2\/media?parent=3768"}],"wp:term":[{"taxonomy":"product_brand","embeddable":true,"href":"https:\/\/cimsa.com.tr\/en\/wp-json\/wp\/v2\/product_brand?post=3768"},{"taxonomy":"product_cat","embeddable":true,"href":"https:\/\/cimsa.com.tr\/en\/wp-json\/wp\/v2\/product_cat?post=3768"},{"taxonomy":"product_tag","embeddable":true,"href":"https:\/\/cimsa.com.tr\/en\/wp-json\/wp\/v2\/product_tag?post=3768"}],"curies":[{"name":"wp","href":"https:\/\/api.w.org\/{rel}","templated":true}]}}