{"id":12665,"date":"2025-09-08T06:48:15","date_gmt":"2025-09-08T06:48:15","guid":{"rendered":"https:\/\/cimsa.com.tr\/en\/?post_type=product&#038;p=12665"},"modified":"2026-04-06T08:41:03","modified_gmt":"2026-04-06T08:41:03","slug":"portland-composite-cement","status":"publish","type":"product","link":"https:\/\/cimsa.com.tr\/en\/product\/portland-composite-cement\/","title":{"rendered":"\u00c7\u0130MSA Izo Power 42,5 Portland Composite Cement"},"content":{"rendered":"","protected":false},"excerpt":{"rendered":"<p>Thanks to its natural pozzolan and calcined clay content, the product offers lower heat of hydration compared to Portland cement. This makes it an ideal choice for hot weather concreting and mass concrete applications. In structures such as dams, water channels, coastal and port constructions, it provides higher resistance against environmental effects than Portland cement. By reducing micro-porosity in the concrete, it enhances impermeability and ensures long-term durability. Its fine particle structure contributes to improved performance in grout and ground improvement applications. The lower clinker ratio helps reduce greenhouse gas emissions, making it a strong alternative for sustainable construction projects.<\/p>\n","protected":false},"featured_media":12669,"comment_status":"open","ping_status":"closed","template":"","meta":{"_acf_changed":false},"product_brand":[],"product_cat":[30],"product_tag":[59],"class_list":{"0":"post-12665","1":"product","2":"type-product","3":"status-publish","4":"has-post-thumbnail","6":"product_cat-grey-cement","7":"product_tag-kalker2","9":"first","10":"instock","11":"shipping-taxable","12":"product-type-simple"},"acf":[],"yoast_head":"<!-- This site is optimized with the Yoast SEO plugin v26.6 - https:\/\/yoast.com\/wordpress\/plugins\/seo\/ -->\n<title>\u00c7\u0130MSA Izo Power 42,5 Portland Composite Cement - \u00c7imsa<\/title>\n<meta name=\"description\" content=\"Portland Composite Cement offers low hydration heat, high durability, and eco-friendly performance, making it ideal for sustainable projects.\" \/>\n<meta name=\"robots\" content=\"index, follow, max-snippet:-1, max-image-preview:large, max-video-preview:-1\" \/>\n<link rel=\"canonical\" href=\"https:\/\/cimsa.com.tr\/en\/product\/portland-composite-cement\/\" \/>\n<meta property=\"og:locale\" content=\"en_US\" \/>\n<meta property=\"og:type\" content=\"article\" \/>\n<meta property=\"og:title\" content=\"\u00c7\u0130MSA Izo Power 42,5 Portland Composite Cement - \u00c7imsa\" \/>\n<meta property=\"og:description\" content=\"Portland Composite Cement offers low hydration heat, high durability, and eco-friendly performance, making it ideal for sustainable projects.\" \/>\n<meta property=\"og:url\" content=\"https:\/\/cimsa.com.tr\/en\/product\/portland-composite-cement\/\" \/>\n<meta property=\"og:site_name\" content=\"\u00c7imsa\" \/>\n<meta property=\"article:modified_time\" content=\"2026-04-06T08:41:03+00:00\" \/>\n<meta property=\"og:image\" content=\"https:\/\/cimsa.com.tr\/en\/wp-content\/uploads\/sites\/3\/2025\/09\/portland-kompoze-cimento-tr.png\" \/>\n\t<meta property=\"og:image:width\" content=\"800\" \/>\n\t<meta property=\"og:image:height\" content=\"810\" \/>\n\t<meta property=\"og:image:type\" content=\"image\/png\" \/>\n<meta name=\"twitter:card\" content=\"summary_large_image\" \/>\n<meta name=\"twitter:label1\" content=\"Est. reading time\" \/>\n\t<meta name=\"twitter:data1\" content=\"1 minute\" \/>\n<script type=\"application\/ld+json\" class=\"yoast-schema-graph\">{\"@context\":\"https:\/\/schema.org\",\"@graph\":[{\"@type\":\"WebPage\",\"@id\":\"https:\/\/cimsa.com.tr\/en\/product\/portland-composite-cement\/\",\"url\":\"https:\/\/cimsa.com.tr\/en\/product\/portland-composite-cement\/\",\"name\":\"\u00c7\u0130MSA Izo Power 42,5 Portland Composite Cement - \u00c7imsa\",\"isPartOf\":{\"@id\":\"https:\/\/cimsa.com.tr\/en\/#website\"},\"primaryImageOfPage\":{\"@id\":\"https:\/\/cimsa.com.tr\/en\/product\/portland-composite-cement\/#primaryimage\"},\"image\":{\"@id\":\"https:\/\/cimsa.com.tr\/en\/product\/portland-composite-cement\/#primaryimage\"},\"thumbnailUrl\":\"https:\/\/cimsa.com.tr\/en\/wp-content\/uploads\/sites\/3\/2025\/09\/portland-kompoze-cimento-tr.png\",\"datePublished\":\"2025-09-08T06:48:15+00:00\",\"dateModified\":\"2026-04-06T08:41:03+00:00\",\"description\":\"Portland Composite Cement offers low hydration heat, high durability, and eco-friendly performance, making it ideal for sustainable projects.\",\"breadcrumb\":{\"@id\":\"https:\/\/cimsa.com.tr\/en\/product\/portland-composite-cement\/#breadcrumb\"},\"inLanguage\":\"en-US\",\"potentialAction\":[{\"@type\":\"ReadAction\",\"target\":[\"https:\/\/cimsa.com.tr\/en\/product\/portland-composite-cement\/\"]}]},{\"@type\":\"ImageObject\",\"inLanguage\":\"en-US\",\"@id\":\"https:\/\/cimsa.com.tr\/en\/product\/portland-composite-cement\/#primaryimage\",\"url\":\"https:\/\/cimsa.com.tr\/en\/wp-content\/uploads\/sites\/3\/2025\/09\/portland-kompoze-cimento-tr.png\",\"contentUrl\":\"https:\/\/cimsa.com.tr\/en\/wp-content\/uploads\/sites\/3\/2025\/09\/portland-kompoze-cimento-tr.png\",\"width\":800,\"height\":810},{\"@type\":\"BreadcrumbList\",\"@id\":\"https:\/\/cimsa.com.tr\/en\/product\/portland-composite-cement\/#breadcrumb\",\"itemListElement\":[{\"@type\":\"ListItem\",\"position\":1,\"name\":\"Ma\u011faza\",\"item\":\"https:\/\/cimsa.com.tr\/en\/?page_id=1994\"},{\"@type\":\"ListItem\",\"position\":2,\"name\":\"\u00c7\u0130MSA Izo Power 42,5 Portland Composite Cement\"}]},{\"@type\":\"WebSite\",\"@id\":\"https:\/\/cimsa.com.tr\/en\/#website\",\"url\":\"https:\/\/cimsa.com.tr\/en\/\",\"name\":\"\u00c7imsa\",\"description\":\"Shaping Today for Tomorrow\",\"potentialAction\":[{\"@type\":\"SearchAction\",\"target\":{\"@type\":\"EntryPoint\",\"urlTemplate\":\"https:\/\/cimsa.com.tr\/en\/?s={search_term_string}\"},\"query-input\":{\"@type\":\"PropertyValueSpecification\",\"valueRequired\":true,\"valueName\":\"search_term_string\"}}],\"inLanguage\":\"en-US\"}]}<\/script>\n<!-- \/ Yoast SEO plugin. -->","yoast_head_json":{"title":"\u00c7\u0130MSA Izo Power 42,5 Portland Composite Cement - \u00c7imsa","description":"Portland Composite Cement offers low hydration heat, high durability, and eco-friendly performance, making it ideal for sustainable projects.","robots":{"index":"index","follow":"follow","max-snippet":"max-snippet:-1","max-image-preview":"max-image-preview:large","max-video-preview":"max-video-preview:-1"},"canonical":"https:\/\/cimsa.com.tr\/en\/product\/portland-composite-cement\/","og_locale":"en_US","og_type":"article","og_title":"\u00c7\u0130MSA Izo Power 42,5 Portland Composite Cement - \u00c7imsa","og_description":"Portland Composite Cement offers low hydration heat, high durability, and eco-friendly performance, making it ideal for sustainable projects.","og_url":"https:\/\/cimsa.com.tr\/en\/product\/portland-composite-cement\/","og_site_name":"\u00c7imsa","article_modified_time":"2026-04-06T08:41:03+00:00","og_image":[{"width":800,"height":810,"url":"https:\/\/cimsa.com.tr\/en\/wp-content\/uploads\/sites\/3\/2025\/09\/portland-kompoze-cimento-tr.png","type":"image\/png"}],"twitter_card":"summary_large_image","twitter_misc":{"Est. reading time":"1 minute"},"schema":{"@context":"https:\/\/schema.org","@graph":[{"@type":"WebPage","@id":"https:\/\/cimsa.com.tr\/en\/product\/portland-composite-cement\/","url":"https:\/\/cimsa.com.tr\/en\/product\/portland-composite-cement\/","name":"\u00c7\u0130MSA Izo Power 42,5 Portland Composite Cement - \u00c7imsa","isPartOf":{"@id":"https:\/\/cimsa.com.tr\/en\/#website"},"primaryImageOfPage":{"@id":"https:\/\/cimsa.com.tr\/en\/product\/portland-composite-cement\/#primaryimage"},"image":{"@id":"https:\/\/cimsa.com.tr\/en\/product\/portland-composite-cement\/#primaryimage"},"thumbnailUrl":"https:\/\/cimsa.com.tr\/en\/wp-content\/uploads\/sites\/3\/2025\/09\/portland-kompoze-cimento-tr.png","datePublished":"2025-09-08T06:48:15+00:00","dateModified":"2026-04-06T08:41:03+00:00","description":"Portland Composite Cement offers low hydration heat, high durability, and eco-friendly performance, making it ideal for sustainable projects.","breadcrumb":{"@id":"https:\/\/cimsa.com.tr\/en\/product\/portland-composite-cement\/#breadcrumb"},"inLanguage":"en-US","potentialAction":[{"@type":"ReadAction","target":["https:\/\/cimsa.com.tr\/en\/product\/portland-composite-cement\/"]}]},{"@type":"ImageObject","inLanguage":"en-US","@id":"https:\/\/cimsa.com.tr\/en\/product\/portland-composite-cement\/#primaryimage","url":"https:\/\/cimsa.com.tr\/en\/wp-content\/uploads\/sites\/3\/2025\/09\/portland-kompoze-cimento-tr.png","contentUrl":"https:\/\/cimsa.com.tr\/en\/wp-content\/uploads\/sites\/3\/2025\/09\/portland-kompoze-cimento-tr.png","width":800,"height":810},{"@type":"BreadcrumbList","@id":"https:\/\/cimsa.com.tr\/en\/product\/portland-composite-cement\/#breadcrumb","itemListElement":[{"@type":"ListItem","position":1,"name":"Ma\u011faza","item":"https:\/\/cimsa.com.tr\/en\/?page_id=1994"},{"@type":"ListItem","position":2,"name":"\u00c7\u0130MSA Izo Power 42,5 Portland Composite Cement"}]},{"@type":"WebSite","@id":"https:\/\/cimsa.com.tr\/en\/#website","url":"https:\/\/cimsa.com.tr\/en\/","name":"\u00c7imsa","description":"Shaping Today for Tomorrow","potentialAction":[{"@type":"SearchAction","target":{"@type":"EntryPoint","urlTemplate":"https:\/\/cimsa.com.tr\/en\/?s={search_term_string}"},"query-input":{"@type":"PropertyValueSpecification","valueRequired":true,"valueName":"search_term_string"}}],"inLanguage":"en-US"}]}},"_links":{"self":[{"href":"https:\/\/cimsa.com.tr\/en\/wp-json\/wp\/v2\/product\/12665","targetHints":{"allow":["GET"]}}],"collection":[{"href":"https:\/\/cimsa.com.tr\/en\/wp-json\/wp\/v2\/product"}],"about":[{"href":"https:\/\/cimsa.com.tr\/en\/wp-json\/wp\/v2\/types\/product"}],"replies":[{"embeddable":true,"href":"https:\/\/cimsa.com.tr\/en\/wp-json\/wp\/v2\/comments?post=12665"}],"wp:featuredmedia":[{"embeddable":true,"href":"https:\/\/cimsa.com.tr\/en\/wp-json\/wp\/v2\/media\/12669"}],"wp:attachment":[{"href":"https:\/\/cimsa.com.tr\/en\/wp-json\/wp\/v2\/media?parent=12665"}],"wp:term":[{"taxonomy":"product_brand","embeddable":true,"href":"https:\/\/cimsa.com.tr\/en\/wp-json\/wp\/v2\/product_brand?post=12665"},{"taxonomy":"product_cat","embeddable":true,"href":"https:\/\/cimsa.com.tr\/en\/wp-json\/wp\/v2\/product_cat?post=12665"},{"taxonomy":"product_tag","embeddable":true,"href":"https:\/\/cimsa.com.tr\/en\/wp-json\/wp\/v2\/product_tag?post=12665"}],"curies":[{"name":"wp","href":"https:\/\/api.w.org\/{rel}","templated":true}]}}