{"id":10156,"date":"2023-06-13T18:37:08","date_gmt":"2023-06-13T18:37:08","guid":{"rendered":"https:\/\/cimsa.com.tr\/en\/?post_type=product&#038;p=10156"},"modified":"2026-03-04T11:43:18","modified_gmt":"2026-03-04T11:43:18","slug":"cimsa-master-power-portland-composite-cement","status":"publish","type":"product","link":"https:\/\/cimsa.com.tr\/en\/product\/cimsa-master-power-portland-composite-cement\/","title":{"rendered":"\u00c7imsa Master Power &#8211; Portland Composite Cement"},"content":{"rendered":"","protected":false},"excerpt":{"rendered":"<p>\u00c7imsa Portland Composite Cement is a CEM II\/C-M 32.5 R class Portland type cement that contains 36-50% fly ash and limestone. It has improved features that are beneficial for a wide range of mortar, plaster, and screed applications. It reduces the risk of cracking with its low hydration heat thanks to the inclusion of fine fillers. It is safe against cracking in screed concretes due to its low shrinkage property, and it is also resistant to moisture in exterior plaster. It is ideal for projects near the sea. It contains ground limestone to provide a more sustainable cement along with improved performance properties. It benefits the environment and sustainability through improved energy efficiency and continuous improvement in the areas of environmental protection and sustainability.<\/p>\n","protected":false},"featured_media":12699,"comment_status":"open","ping_status":"closed","template":"","meta":{"_acf_changed":false},"product_brand":[],"product_cat":[30],"product_tag":[],"class_list":{"0":"post-10156","1":"product","2":"type-product","3":"status-publish","4":"has-post-thumbnail","6":"product_cat-grey-cement","8":"first","9":"instock","10":"shipping-taxable","11":"product-type-simple"},"acf":[],"yoast_head":"<!-- This site is optimized with the Yoast SEO plugin v26.6 - https:\/\/yoast.com\/wordpress\/plugins\/seo\/ -->\n<title>\u00c7imsa Master Power - Portland Composite Cement - \u00c7imsa<\/title>\n<meta name=\"description\" content=\"\u00c7imsa Portland Composite Cement reduces the risk of cracking with its low hydration heat thanks to the inclusion of fine fillers.\" \/>\n<meta name=\"robots\" content=\"index, follow, max-snippet:-1, max-image-preview:large, max-video-preview:-1\" \/>\n<link rel=\"canonical\" href=\"https:\/\/cimsa.com.tr\/en\/product\/cimsa-master-power-portland-composite-cement\/\" \/>\n<meta property=\"og:locale\" content=\"en_US\" \/>\n<meta property=\"og:type\" content=\"article\" \/>\n<meta property=\"og:title\" content=\"\u00c7imsa Master Power - Portland Composite Cement - \u00c7imsa\" \/>\n<meta property=\"og:description\" content=\"\u00c7imsa Portland Composite Cement reduces the risk of cracking with its low hydration heat thanks to the inclusion of fine fillers.\" \/>\n<meta property=\"og:url\" content=\"https:\/\/cimsa.com.tr\/en\/product\/cimsa-master-power-portland-composite-cement\/\" \/>\n<meta property=\"og:site_name\" content=\"\u00c7imsa\" \/>\n<meta property=\"article:modified_time\" content=\"2026-03-04T11:43:18+00:00\" \/>\n<meta property=\"og:image\" content=\"https:\/\/cimsa.com.tr\/en\/wp-content\/uploads\/sites\/3\/2023\/08\/portland-kompozit-cimento-greenwave.webp\" \/>\n\t<meta property=\"og:image:width\" content=\"800\" \/>\n\t<meta property=\"og:image:height\" content=\"810\" \/>\n\t<meta property=\"og:image:type\" content=\"image\/webp\" \/>\n<meta name=\"twitter:card\" content=\"summary_large_image\" \/>\n<meta name=\"twitter:label1\" content=\"Est. reading time\" \/>\n\t<meta name=\"twitter:data1\" content=\"1 minute\" \/>\n<script type=\"application\/ld+json\" class=\"yoast-schema-graph\">{\"@context\":\"https:\/\/schema.org\",\"@graph\":[{\"@type\":\"WebPage\",\"@id\":\"https:\/\/cimsa.com.tr\/en\/product\/cimsa-master-power-portland-composite-cement\/\",\"url\":\"https:\/\/cimsa.com.tr\/en\/product\/cimsa-master-power-portland-composite-cement\/\",\"name\":\"\u00c7imsa Master Power - Portland Composite Cement - \u00c7imsa\",\"isPartOf\":{\"@id\":\"https:\/\/cimsa.com.tr\/en\/#website\"},\"primaryImageOfPage\":{\"@id\":\"https:\/\/cimsa.com.tr\/en\/product\/cimsa-master-power-portland-composite-cement\/#primaryimage\"},\"image\":{\"@id\":\"https:\/\/cimsa.com.tr\/en\/product\/cimsa-master-power-portland-composite-cement\/#primaryimage\"},\"thumbnailUrl\":\"https:\/\/cimsa.com.tr\/en\/wp-content\/uploads\/sites\/3\/2023\/08\/portland-kompozit-cimento-greenwave.webp\",\"datePublished\":\"2023-06-13T18:37:08+00:00\",\"dateModified\":\"2026-03-04T11:43:18+00:00\",\"description\":\"\u00c7imsa Portland Composite Cement reduces the risk of cracking with its low hydration heat thanks to the inclusion of fine fillers.\",\"breadcrumb\":{\"@id\":\"https:\/\/cimsa.com.tr\/en\/product\/cimsa-master-power-portland-composite-cement\/#breadcrumb\"},\"inLanguage\":\"en-US\",\"potentialAction\":[{\"@type\":\"ReadAction\",\"target\":[\"https:\/\/cimsa.com.tr\/en\/product\/cimsa-master-power-portland-composite-cement\/\"]}]},{\"@type\":\"ImageObject\",\"inLanguage\":\"en-US\",\"@id\":\"https:\/\/cimsa.com.tr\/en\/product\/cimsa-master-power-portland-composite-cement\/#primaryimage\",\"url\":\"https:\/\/cimsa.com.tr\/en\/wp-content\/uploads\/sites\/3\/2023\/08\/portland-kompozit-cimento-greenwave.webp\",\"contentUrl\":\"https:\/\/cimsa.com.tr\/en\/wp-content\/uploads\/sites\/3\/2023\/08\/portland-kompozit-cimento-greenwave.webp\",\"width\":800,\"height\":810,\"caption\":\"portland-kompozit-cimento-greenwave\"},{\"@type\":\"BreadcrumbList\",\"@id\":\"https:\/\/cimsa.com.tr\/en\/product\/cimsa-master-power-portland-composite-cement\/#breadcrumb\",\"itemListElement\":[{\"@type\":\"ListItem\",\"position\":1,\"name\":\"Ma\u011faza\",\"item\":\"https:\/\/cimsa.com.tr\/en\/?page_id=1994\"},{\"@type\":\"ListItem\",\"position\":2,\"name\":\"\u00c7imsa Master Power &#8211; Portland Composite Cement\"}]},{\"@type\":\"WebSite\",\"@id\":\"https:\/\/cimsa.com.tr\/en\/#website\",\"url\":\"https:\/\/cimsa.com.tr\/en\/\",\"name\":\"\u00c7imsa\",\"description\":\"Shaping Today for Tomorrow\",\"potentialAction\":[{\"@type\":\"SearchAction\",\"target\":{\"@type\":\"EntryPoint\",\"urlTemplate\":\"https:\/\/cimsa.com.tr\/en\/?s={search_term_string}\"},\"query-input\":{\"@type\":\"PropertyValueSpecification\",\"valueRequired\":true,\"valueName\":\"search_term_string\"}}],\"inLanguage\":\"en-US\"}]}<\/script>\n<!-- \/ Yoast SEO plugin. -->","yoast_head_json":{"title":"\u00c7imsa Master Power - Portland Composite Cement - \u00c7imsa","description":"\u00c7imsa Portland Composite Cement reduces the risk of cracking with its low hydration heat thanks to the inclusion of fine fillers.","robots":{"index":"index","follow":"follow","max-snippet":"max-snippet:-1","max-image-preview":"max-image-preview:large","max-video-preview":"max-video-preview:-1"},"canonical":"https:\/\/cimsa.com.tr\/en\/product\/cimsa-master-power-portland-composite-cement\/","og_locale":"en_US","og_type":"article","og_title":"\u00c7imsa Master Power - Portland Composite Cement - \u00c7imsa","og_description":"\u00c7imsa Portland Composite Cement reduces the risk of cracking with its low hydration heat thanks to the inclusion of fine fillers.","og_url":"https:\/\/cimsa.com.tr\/en\/product\/cimsa-master-power-portland-composite-cement\/","og_site_name":"\u00c7imsa","article_modified_time":"2026-03-04T11:43:18+00:00","og_image":[{"width":800,"height":810,"url":"https:\/\/cimsa.com.tr\/en\/wp-content\/uploads\/sites\/3\/2023\/08\/portland-kompozit-cimento-greenwave.webp","type":"image\/webp"}],"twitter_card":"summary_large_image","twitter_misc":{"Est. reading time":"1 minute"},"schema":{"@context":"https:\/\/schema.org","@graph":[{"@type":"WebPage","@id":"https:\/\/cimsa.com.tr\/en\/product\/cimsa-master-power-portland-composite-cement\/","url":"https:\/\/cimsa.com.tr\/en\/product\/cimsa-master-power-portland-composite-cement\/","name":"\u00c7imsa Master Power - Portland Composite Cement - \u00c7imsa","isPartOf":{"@id":"https:\/\/cimsa.com.tr\/en\/#website"},"primaryImageOfPage":{"@id":"https:\/\/cimsa.com.tr\/en\/product\/cimsa-master-power-portland-composite-cement\/#primaryimage"},"image":{"@id":"https:\/\/cimsa.com.tr\/en\/product\/cimsa-master-power-portland-composite-cement\/#primaryimage"},"thumbnailUrl":"https:\/\/cimsa.com.tr\/en\/wp-content\/uploads\/sites\/3\/2023\/08\/portland-kompozit-cimento-greenwave.webp","datePublished":"2023-06-13T18:37:08+00:00","dateModified":"2026-03-04T11:43:18+00:00","description":"\u00c7imsa Portland Composite Cement reduces the risk of cracking with its low hydration heat thanks to the inclusion of fine fillers.","breadcrumb":{"@id":"https:\/\/cimsa.com.tr\/en\/product\/cimsa-master-power-portland-composite-cement\/#breadcrumb"},"inLanguage":"en-US","potentialAction":[{"@type":"ReadAction","target":["https:\/\/cimsa.com.tr\/en\/product\/cimsa-master-power-portland-composite-cement\/"]}]},{"@type":"ImageObject","inLanguage":"en-US","@id":"https:\/\/cimsa.com.tr\/en\/product\/cimsa-master-power-portland-composite-cement\/#primaryimage","url":"https:\/\/cimsa.com.tr\/en\/wp-content\/uploads\/sites\/3\/2023\/08\/portland-kompozit-cimento-greenwave.webp","contentUrl":"https:\/\/cimsa.com.tr\/en\/wp-content\/uploads\/sites\/3\/2023\/08\/portland-kompozit-cimento-greenwave.webp","width":800,"height":810,"caption":"portland-kompozit-cimento-greenwave"},{"@type":"BreadcrumbList","@id":"https:\/\/cimsa.com.tr\/en\/product\/cimsa-master-power-portland-composite-cement\/#breadcrumb","itemListElement":[{"@type":"ListItem","position":1,"name":"Ma\u011faza","item":"https:\/\/cimsa.com.tr\/en\/?page_id=1994"},{"@type":"ListItem","position":2,"name":"\u00c7imsa Master Power &#8211; Portland Composite Cement"}]},{"@type":"WebSite","@id":"https:\/\/cimsa.com.tr\/en\/#website","url":"https:\/\/cimsa.com.tr\/en\/","name":"\u00c7imsa","description":"Shaping Today for Tomorrow","potentialAction":[{"@type":"SearchAction","target":{"@type":"EntryPoint","urlTemplate":"https:\/\/cimsa.com.tr\/en\/?s={search_term_string}"},"query-input":{"@type":"PropertyValueSpecification","valueRequired":true,"valueName":"search_term_string"}}],"inLanguage":"en-US"}]}},"_links":{"self":[{"href":"https:\/\/cimsa.com.tr\/en\/wp-json\/wp\/v2\/product\/10156","targetHints":{"allow":["GET"]}}],"collection":[{"href":"https:\/\/cimsa.com.tr\/en\/wp-json\/wp\/v2\/product"}],"about":[{"href":"https:\/\/cimsa.com.tr\/en\/wp-json\/wp\/v2\/types\/product"}],"replies":[{"embeddable":true,"href":"https:\/\/cimsa.com.tr\/en\/wp-json\/wp\/v2\/comments?post=10156"}],"wp:featuredmedia":[{"embeddable":true,"href":"https:\/\/cimsa.com.tr\/en\/wp-json\/wp\/v2\/media\/12699"}],"wp:attachment":[{"href":"https:\/\/cimsa.com.tr\/en\/wp-json\/wp\/v2\/media?parent=10156"}],"wp:term":[{"taxonomy":"product_brand","embeddable":true,"href":"https:\/\/cimsa.com.tr\/en\/wp-json\/wp\/v2\/product_brand?post=10156"},{"taxonomy":"product_cat","embeddable":true,"href":"https:\/\/cimsa.com.tr\/en\/wp-json\/wp\/v2\/product_cat?post=10156"},{"taxonomy":"product_tag","embeddable":true,"href":"https:\/\/cimsa.com.tr\/en\/wp-json\/wp\/v2\/product_tag?post=10156"}],"curies":[{"name":"wp","href":"https:\/\/api.w.org\/{rel}","templated":true}]}}