{"id":10149,"date":"2023-06-13T17:04:15","date_gmt":"2023-06-13T17:04:15","guid":{"rendered":"https:\/\/cimsa.com.tr\/en\/?post_type=product&#038;p=10149"},"modified":"2026-03-04T11:45:19","modified_gmt":"2026-03-04T11:45:19","slug":"cimsa-izo-power-425-portland-fly-ash-cement","status":"publish","type":"product","link":"https:\/\/cimsa.com.tr\/en\/product\/cimsa-izo-power-425-portland-fly-ash-cement\/","title":{"rendered":"\u00c7imsa Izo Power 42,5 Portland Fly Ash Cement"},"content":{"rendered":"","protected":false},"excerpt":{"rendered":"<p>Thanks to the up to 20% fly ash content, the product provides better performance than portland cement in concrete exposed to environmental effects. Produced in accordance with the production of all compressive strength classes, Portland Fly Ash Cement has high initial strength and continues to gain more strength in the long term. The product provides convenience to applicators with its easy workability feature. Due to its fineness and high void-filling effect, the product offers advantages in grout mortar and ground improvement applications. The product features sustainability for its lower GHG emissions than the Portland cement.<\/p>\n","protected":false},"featured_media":10152,"comment_status":"open","ping_status":"closed","template":"","meta":{"_acf_changed":false},"product_brand":[],"product_cat":[30],"product_tag":[],"class_list":{"0":"post-10149","1":"product","2":"type-product","3":"status-publish","4":"has-post-thumbnail","6":"product_cat-grey-cement","8":"first","9":"instock","10":"shipping-taxable","11":"product-type-simple"},"acf":[],"yoast_head":"<!-- This site is optimized with the Yoast SEO plugin v26.6 - https:\/\/yoast.com\/wordpress\/plugins\/seo\/ -->\n<title>\u00c7imsa Izo Power 42,5 Portland Fly Ash Cement - \u00c7imsa<\/title>\n<meta name=\"description\" content=\"\u00c7imsa Portland Fly Ash Cement is suitable for the production of all pressure resistance classes and offers superior performance.\" \/>\n<meta name=\"robots\" content=\"index, follow, max-snippet:-1, max-image-preview:large, max-video-preview:-1\" \/>\n<link rel=\"canonical\" href=\"https:\/\/cimsa.com.tr\/en\/product\/cimsa-izo-power-425-portland-fly-ash-cement\/\" \/>\n<meta property=\"og:locale\" content=\"en_US\" \/>\n<meta property=\"og:type\" content=\"article\" \/>\n<meta property=\"og:title\" content=\"\u00c7imsa Izo Power 42,5 Portland Fly Ash Cement - \u00c7imsa\" \/>\n<meta property=\"og:description\" content=\"\u00c7imsa Portland Fly Ash Cement is suitable for the production of all pressure resistance classes and offers superior performance.\" \/>\n<meta property=\"og:url\" content=\"https:\/\/cimsa.com.tr\/en\/product\/cimsa-izo-power-425-portland-fly-ash-cement\/\" \/>\n<meta property=\"og:site_name\" content=\"\u00c7imsa\" \/>\n<meta property=\"article:modified_time\" content=\"2026-03-04T11:45:19+00:00\" \/>\n<meta property=\"og:image\" content=\"https:\/\/cimsa.com.tr\/en\/wp-content\/uploads\/sites\/3\/2023\/06\/ucucu-kullu-cimento.png\" \/>\n\t<meta property=\"og:image:width\" content=\"800\" \/>\n\t<meta property=\"og:image:height\" content=\"800\" \/>\n\t<meta property=\"og:image:type\" content=\"image\/png\" \/>\n<meta name=\"twitter:card\" content=\"summary_large_image\" \/>\n<meta name=\"twitter:label1\" content=\"Est. reading time\" \/>\n\t<meta name=\"twitter:data1\" content=\"1 minute\" \/>\n<script type=\"application\/ld+json\" class=\"yoast-schema-graph\">{\"@context\":\"https:\/\/schema.org\",\"@graph\":[{\"@type\":\"WebPage\",\"@id\":\"https:\/\/cimsa.com.tr\/en\/product\/cimsa-izo-power-425-portland-fly-ash-cement\/\",\"url\":\"https:\/\/cimsa.com.tr\/en\/product\/cimsa-izo-power-425-portland-fly-ash-cement\/\",\"name\":\"\u00c7imsa Izo Power 42,5 Portland Fly Ash Cement - \u00c7imsa\",\"isPartOf\":{\"@id\":\"https:\/\/cimsa.com.tr\/en\/#website\"},\"primaryImageOfPage\":{\"@id\":\"https:\/\/cimsa.com.tr\/en\/product\/cimsa-izo-power-425-portland-fly-ash-cement\/#primaryimage\"},\"image\":{\"@id\":\"https:\/\/cimsa.com.tr\/en\/product\/cimsa-izo-power-425-portland-fly-ash-cement\/#primaryimage\"},\"thumbnailUrl\":\"https:\/\/cimsa.com.tr\/en\/wp-content\/uploads\/sites\/3\/2023\/06\/ucucu-kullu-cimento.png\",\"datePublished\":\"2023-06-13T17:04:15+00:00\",\"dateModified\":\"2026-03-04T11:45:19+00:00\",\"description\":\"\u00c7imsa Portland Fly Ash Cement is suitable for the production of all pressure resistance classes and offers superior performance.\",\"breadcrumb\":{\"@id\":\"https:\/\/cimsa.com.tr\/en\/product\/cimsa-izo-power-425-portland-fly-ash-cement\/#breadcrumb\"},\"inLanguage\":\"en-US\",\"potentialAction\":[{\"@type\":\"ReadAction\",\"target\":[\"https:\/\/cimsa.com.tr\/en\/product\/cimsa-izo-power-425-portland-fly-ash-cement\/\"]}]},{\"@type\":\"ImageObject\",\"inLanguage\":\"en-US\",\"@id\":\"https:\/\/cimsa.com.tr\/en\/product\/cimsa-izo-power-425-portland-fly-ash-cement\/#primaryimage\",\"url\":\"https:\/\/cimsa.com.tr\/en\/wp-content\/uploads\/sites\/3\/2023\/06\/ucucu-kullu-cimento.png\",\"contentUrl\":\"https:\/\/cimsa.com.tr\/en\/wp-content\/uploads\/sites\/3\/2023\/06\/ucucu-kullu-cimento.png\",\"width\":800,\"height\":800,\"caption\":\"cimsa-fly-ash-cement\"},{\"@type\":\"BreadcrumbList\",\"@id\":\"https:\/\/cimsa.com.tr\/en\/product\/cimsa-izo-power-425-portland-fly-ash-cement\/#breadcrumb\",\"itemListElement\":[{\"@type\":\"ListItem\",\"position\":1,\"name\":\"Ma\u011faza\",\"item\":\"https:\/\/cimsa.com.tr\/en\/?page_id=1994\"},{\"@type\":\"ListItem\",\"position\":2,\"name\":\"\u00c7imsa Izo Power 42,5 Portland Fly Ash Cement\"}]},{\"@type\":\"WebSite\",\"@id\":\"https:\/\/cimsa.com.tr\/en\/#website\",\"url\":\"https:\/\/cimsa.com.tr\/en\/\",\"name\":\"\u00c7imsa\",\"description\":\"Shaping Today for Tomorrow\",\"potentialAction\":[{\"@type\":\"SearchAction\",\"target\":{\"@type\":\"EntryPoint\",\"urlTemplate\":\"https:\/\/cimsa.com.tr\/en\/?s={search_term_string}\"},\"query-input\":{\"@type\":\"PropertyValueSpecification\",\"valueRequired\":true,\"valueName\":\"search_term_string\"}}],\"inLanguage\":\"en-US\"}]}<\/script>\n<!-- \/ Yoast SEO plugin. -->","yoast_head_json":{"title":"\u00c7imsa Izo Power 42,5 Portland Fly Ash Cement - \u00c7imsa","description":"\u00c7imsa Portland Fly Ash Cement is suitable for the production of all pressure resistance classes and offers superior performance.","robots":{"index":"index","follow":"follow","max-snippet":"max-snippet:-1","max-image-preview":"max-image-preview:large","max-video-preview":"max-video-preview:-1"},"canonical":"https:\/\/cimsa.com.tr\/en\/product\/cimsa-izo-power-425-portland-fly-ash-cement\/","og_locale":"en_US","og_type":"article","og_title":"\u00c7imsa Izo Power 42,5 Portland Fly Ash Cement - \u00c7imsa","og_description":"\u00c7imsa Portland Fly Ash Cement is suitable for the production of all pressure resistance classes and offers superior performance.","og_url":"https:\/\/cimsa.com.tr\/en\/product\/cimsa-izo-power-425-portland-fly-ash-cement\/","og_site_name":"\u00c7imsa","article_modified_time":"2026-03-04T11:45:19+00:00","og_image":[{"width":800,"height":800,"url":"https:\/\/cimsa.com.tr\/en\/wp-content\/uploads\/sites\/3\/2023\/06\/ucucu-kullu-cimento.png","type":"image\/png"}],"twitter_card":"summary_large_image","twitter_misc":{"Est. reading time":"1 minute"},"schema":{"@context":"https:\/\/schema.org","@graph":[{"@type":"WebPage","@id":"https:\/\/cimsa.com.tr\/en\/product\/cimsa-izo-power-425-portland-fly-ash-cement\/","url":"https:\/\/cimsa.com.tr\/en\/product\/cimsa-izo-power-425-portland-fly-ash-cement\/","name":"\u00c7imsa Izo Power 42,5 Portland Fly Ash Cement - \u00c7imsa","isPartOf":{"@id":"https:\/\/cimsa.com.tr\/en\/#website"},"primaryImageOfPage":{"@id":"https:\/\/cimsa.com.tr\/en\/product\/cimsa-izo-power-425-portland-fly-ash-cement\/#primaryimage"},"image":{"@id":"https:\/\/cimsa.com.tr\/en\/product\/cimsa-izo-power-425-portland-fly-ash-cement\/#primaryimage"},"thumbnailUrl":"https:\/\/cimsa.com.tr\/en\/wp-content\/uploads\/sites\/3\/2023\/06\/ucucu-kullu-cimento.png","datePublished":"2023-06-13T17:04:15+00:00","dateModified":"2026-03-04T11:45:19+00:00","description":"\u00c7imsa Portland Fly Ash Cement is suitable for the production of all pressure resistance classes and offers superior performance.","breadcrumb":{"@id":"https:\/\/cimsa.com.tr\/en\/product\/cimsa-izo-power-425-portland-fly-ash-cement\/#breadcrumb"},"inLanguage":"en-US","potentialAction":[{"@type":"ReadAction","target":["https:\/\/cimsa.com.tr\/en\/product\/cimsa-izo-power-425-portland-fly-ash-cement\/"]}]},{"@type":"ImageObject","inLanguage":"en-US","@id":"https:\/\/cimsa.com.tr\/en\/product\/cimsa-izo-power-425-portland-fly-ash-cement\/#primaryimage","url":"https:\/\/cimsa.com.tr\/en\/wp-content\/uploads\/sites\/3\/2023\/06\/ucucu-kullu-cimento.png","contentUrl":"https:\/\/cimsa.com.tr\/en\/wp-content\/uploads\/sites\/3\/2023\/06\/ucucu-kullu-cimento.png","width":800,"height":800,"caption":"cimsa-fly-ash-cement"},{"@type":"BreadcrumbList","@id":"https:\/\/cimsa.com.tr\/en\/product\/cimsa-izo-power-425-portland-fly-ash-cement\/#breadcrumb","itemListElement":[{"@type":"ListItem","position":1,"name":"Ma\u011faza","item":"https:\/\/cimsa.com.tr\/en\/?page_id=1994"},{"@type":"ListItem","position":2,"name":"\u00c7imsa Izo Power 42,5 Portland Fly Ash Cement"}]},{"@type":"WebSite","@id":"https:\/\/cimsa.com.tr\/en\/#website","url":"https:\/\/cimsa.com.tr\/en\/","name":"\u00c7imsa","description":"Shaping Today for Tomorrow","potentialAction":[{"@type":"SearchAction","target":{"@type":"EntryPoint","urlTemplate":"https:\/\/cimsa.com.tr\/en\/?s={search_term_string}"},"query-input":{"@type":"PropertyValueSpecification","valueRequired":true,"valueName":"search_term_string"}}],"inLanguage":"en-US"}]}},"_links":{"self":[{"href":"https:\/\/cimsa.com.tr\/en\/wp-json\/wp\/v2\/product\/10149","targetHints":{"allow":["GET"]}}],"collection":[{"href":"https:\/\/cimsa.com.tr\/en\/wp-json\/wp\/v2\/product"}],"about":[{"href":"https:\/\/cimsa.com.tr\/en\/wp-json\/wp\/v2\/types\/product"}],"replies":[{"embeddable":true,"href":"https:\/\/cimsa.com.tr\/en\/wp-json\/wp\/v2\/comments?post=10149"}],"wp:featuredmedia":[{"embeddable":true,"href":"https:\/\/cimsa.com.tr\/en\/wp-json\/wp\/v2\/media\/10152"}],"wp:attachment":[{"href":"https:\/\/cimsa.com.tr\/en\/wp-json\/wp\/v2\/media?parent=10149"}],"wp:term":[{"taxonomy":"product_brand","embeddable":true,"href":"https:\/\/cimsa.com.tr\/en\/wp-json\/wp\/v2\/product_brand?post=10149"},{"taxonomy":"product_cat","embeddable":true,"href":"https:\/\/cimsa.com.tr\/en\/wp-json\/wp\/v2\/product_cat?post=10149"},{"taxonomy":"product_tag","embeddable":true,"href":"https:\/\/cimsa.com.tr\/en\/wp-json\/wp\/v2\/product_tag?post=10149"}],"curies":[{"name":"wp","href":"https:\/\/api.w.org\/{rel}","templated":true}]}}