{"id":5288,"date":"2022-05-10T11:34:05","date_gmt":"2022-05-10T11:34:05","guid":{"rendered":"https:\/\/en.atakan.io?page_id=5288"},"modified":"2025-01-06T21:17:15","modified_gmt":"2025-01-06T21:17:15","slug":"fields-of-work","status":"publish","type":"page","link":"https:\/\/cimsa.com.tr\/en\/innovation\/fields-of-work\/","title":{"rendered":"Fields of Work"},"content":{"rendered":"\t\t<div data-elementor-type=\"wp-page\" data-elementor-id=\"5288\" class=\"elementor elementor-5288\" data-elementor-post-type=\"page\">\n\t\t\t\t\t\t<section class=\"elementor-section elementor-top-section elementor-element elementor-element-27dfc0d elementor-section-boxed elementor-section-height-default elementor-section-height-default\" data-id=\"27dfc0d\" data-element_type=\"section\">\n\t\t\t\t\t\t<div class=\"elementor-container elementor-column-gap-default\">\n\t\t\t\t\t<div class=\"elementor-column elementor-col-100 elementor-top-column elementor-element elementor-element-3c0577c\" data-id=\"3c0577c\" data-element_type=\"column\" data-settings=\"{&quot;background_background&quot;:&quot;classic&quot;}\">\n\t\t\t<div class=\"elementor-widget-wrap elementor-element-populated\">\n\t\t\t\t\t<div class=\"elementor-background-overlay\"><\/div>\n\t\t\t\t\t\t<div class=\"elementor-element elementor-element-b7086f6 elementor-widget elementor-widget-heading\" data-id=\"b7086f6\" data-element_type=\"widget\" data-widget_type=\"heading.default\">\n\t\t\t\t<div class=\"elementor-widget-container\">\n\t\t\t\t\t<h1 class=\"elementor-heading-title elementor-size-large\">Innovation<\/h1>\t\t\t\t<\/div>\n\t\t\t\t<\/div>\n\t\t\t\t\t<\/div>\n\t\t<\/div>\n\t\t\t\t\t<\/div>\n\t\t<\/section>\n\t\t\t\t<section class=\"elementor-section elementor-top-section elementor-element elementor-element-0061655 elementor-section-boxed elementor-section-height-default elementor-section-height-default\" data-id=\"0061655\" data-element_type=\"section\">\n\t\t\t\t\t\t<div class=\"elementor-container elementor-column-gap-default\">\n\t\t\t\t\t<div class=\"elementor-column elementor-col-100 elementor-top-column elementor-element elementor-element-29641f7\" data-id=\"29641f7\" data-element_type=\"column\">\n\t\t\t<div class=\"elementor-widget-wrap elementor-element-populated\">\n\t\t\t\t\t\t<div class=\"elementor-element elementor-element-f74c365 elementor-nav-menu__align-center elementor-nav-menu--dropdown-none elementor-widget elementor-widget-nav-menu\" data-id=\"f74c365\" data-element_type=\"widget\" data-settings=\"{&quot;layout&quot;:&quot;horizontal&quot;,&quot;submenu_icon&quot;:{&quot;value&quot;:&quot;&lt;i class=\\&quot;fas fa-caret-down\\&quot; aria-hidden=\\&quot;true\\&quot;&gt;&lt;\\\/i&gt;&quot;,&quot;library&quot;:&quot;fa-solid&quot;}}\" data-widget_type=\"nav-menu.default\">\n\t\t\t\t<div class=\"elementor-widget-container\">\n\t\t\t\t\t\t\t\t<nav aria-label=\"Menu\" class=\"elementor-nav-menu--main elementor-nav-menu__container elementor-nav-menu--layout-horizontal e--pointer-underline e--animation-fade\">\n\t\t\t\t<ul id=\"menu-1-f74c365\" class=\"elementor-nav-menu\"><li class=\"menu-item menu-item-type-post_type menu-item-object-page menu-item-4051\"><a href=\"https:\/\/cimsa.com.tr\/en\/innovation\/our-story\/\" class=\"elementor-item\">Our Story<\/a><\/li>\n<li class=\"menu-item menu-item-type-post_type menu-item-object-page menu-item-5297\"><a href=\"https:\/\/cimsa.com.tr\/en\/innovation\/fields-of-work\/\" class=\"elementor-item\">Fields of Work<\/a><\/li>\n<li class=\"menu-item menu-item-type-post_type menu-item-object-page menu-item-has-children menu-item-4050\"><a href=\"https:\/\/cimsa.com.tr\/en\/innovation\/eu-projects\/\" class=\"elementor-item\">Our Projects<\/a>\n<ul class=\"sub-menu elementor-nav-menu--dropdown\">\n\t<li class=\"menu-item menu-item-type-custom menu-item-object-custom menu-item-4081\"><a href=\"https:\/\/cimsa.com.tr\/en\/\/inovasyon\/yurutulen-ab-projeleri\/#geocond\" class=\"elementor-sub-item elementor-item-anchor\">Geocond<\/a><\/li>\n\t<li class=\"menu-item menu-item-type-custom menu-item-object-custom menu-item-4082\"><a href=\"https:\/\/cimsa.com.tr\/en\/\/inovasyon\/yurutulen-ab-projeleri\/#hypercog\" class=\"elementor-sub-item elementor-item-anchor\">Hypercog<\/a><\/li>\n\t<li class=\"menu-item menu-item-type-custom menu-item-object-custom menu-item-4083\"><a href=\"https:\/\/cimsa.com.tr\/en\/\/inovasyon\/yurutulen-ab-projeleri\/#iceberg\" class=\"elementor-sub-item elementor-item-anchor\">Iceberg<\/a><\/li>\n\t<li class=\"menu-item menu-item-type-custom menu-item-object-custom menu-item-4084\"><a href=\"https:\/\/cimsa.com.tr\/en\/\/inovasyon\/yurutulen-ab-projeleri\/#forge\" class=\"elementor-sub-item elementor-item-anchor\">Forge<\/a><\/li>\n<\/ul>\n<\/li>\n<li class=\"menu-item menu-item-type-post_type menu-item-object-page menu-item-4111\"><a href=\"https:\/\/cimsa.com.tr\/en\/innovation\/innovation-partners\/\" class=\"elementor-item\">Innovation Partners<\/a><\/li>\n<\/ul>\t\t\t<\/nav>\n\t\t\t\t\t\t<nav class=\"elementor-nav-menu--dropdown elementor-nav-menu__container\" aria-hidden=\"true\">\n\t\t\t\t<ul id=\"menu-2-f74c365\" class=\"elementor-nav-menu\"><li class=\"menu-item menu-item-type-post_type menu-item-object-page menu-item-4051\"><a href=\"https:\/\/cimsa.com.tr\/en\/innovation\/our-story\/\" class=\"elementor-item\" tabindex=\"-1\">Our Story<\/a><\/li>\n<li class=\"menu-item menu-item-type-post_type menu-item-object-page menu-item-5297\"><a href=\"https:\/\/cimsa.com.tr\/en\/innovation\/fields-of-work\/\" class=\"elementor-item\" tabindex=\"-1\">Fields of Work<\/a><\/li>\n<li class=\"menu-item menu-item-type-post_type menu-item-object-page menu-item-has-children menu-item-4050\"><a href=\"https:\/\/cimsa.com.tr\/en\/innovation\/eu-projects\/\" class=\"elementor-item\" tabindex=\"-1\">Our Projects<\/a>\n<ul class=\"sub-menu elementor-nav-menu--dropdown\">\n\t<li class=\"menu-item menu-item-type-custom menu-item-object-custom menu-item-4081\"><a href=\"https:\/\/cimsa.com.tr\/en\/\/inovasyon\/yurutulen-ab-projeleri\/#geocond\" class=\"elementor-sub-item elementor-item-anchor\" tabindex=\"-1\">Geocond<\/a><\/li>\n\t<li class=\"menu-item menu-item-type-custom menu-item-object-custom menu-item-4082\"><a href=\"https:\/\/cimsa.com.tr\/en\/\/inovasyon\/yurutulen-ab-projeleri\/#hypercog\" class=\"elementor-sub-item elementor-item-anchor\" tabindex=\"-1\">Hypercog<\/a><\/li>\n\t<li class=\"menu-item menu-item-type-custom menu-item-object-custom menu-item-4083\"><a href=\"https:\/\/cimsa.com.tr\/en\/\/inovasyon\/yurutulen-ab-projeleri\/#iceberg\" class=\"elementor-sub-item elementor-item-anchor\" tabindex=\"-1\">Iceberg<\/a><\/li>\n\t<li class=\"menu-item menu-item-type-custom menu-item-object-custom menu-item-4084\"><a href=\"https:\/\/cimsa.com.tr\/en\/\/inovasyon\/yurutulen-ab-projeleri\/#forge\" class=\"elementor-sub-item elementor-item-anchor\" tabindex=\"-1\">Forge<\/a><\/li>\n<\/ul>\n<\/li>\n<li class=\"menu-item menu-item-type-post_type menu-item-object-page menu-item-4111\"><a href=\"https:\/\/cimsa.com.tr\/en\/innovation\/innovation-partners\/\" class=\"elementor-item\" tabindex=\"-1\">Innovation Partners<\/a><\/li>\n<\/ul>\t\t\t<\/nav>\n\t\t\t\t\t\t<\/div>\n\t\t\t\t<\/div>\n\t\t\t\t\t<\/div>\n\t\t<\/div>\n\t\t\t\t\t<\/div>\n\t\t<\/section>\n\t\t\t\t<section class=\"elementor-section elementor-top-section elementor-element elementor-element-e611023 elementor-section-boxed elementor-section-height-default elementor-section-height-default\" data-id=\"e611023\" data-element_type=\"section\">\n\t\t\t\t\t\t<div class=\"elementor-container elementor-column-gap-default\">\n\t\t\t\t\t<div class=\"elementor-column elementor-col-50 elementor-top-column elementor-element elementor-element-04ca916\" data-id=\"04ca916\" data-element_type=\"column\">\n\t\t\t<div class=\"elementor-widget-wrap elementor-element-populated\">\n\t\t\t\t\t\t<div class=\"elementor-element elementor-element-9e4663a elementor-widget elementor-widget-image\" data-id=\"9e4663a\" data-element_type=\"widget\" data-widget_type=\"image.default\">\n\t\t\t\t<div class=\"elementor-widget-container\">\n\t\t\t\t\t\t\t\t\t\t\t\t\t\t\t<img decoding=\"async\" src=\"https:\/\/cimsa.com.tr\/en\/wp-content\/uploads\/sites\/3\/elementor\/thumbs\/shutterstock_397576294-q6zgdqes9w7im8aw7uros4xjzhhrwb3msbmfiqyz6c.jpg\" title=\"shutterstock_397576294\" alt=\"\u00fcr\u00fcn geli\u015ftirme\" loading=\"lazy\" \/>\t\t\t\t\t\t\t\t\t\t\t\t\t\t\t<\/div>\n\t\t\t\t<\/div>\n\t\t\t\t\t<\/div>\n\t\t<\/div>\n\t\t\t\t<div class=\"elementor-column elementor-col-50 elementor-top-column elementor-element elementor-element-c4413bc\" data-id=\"c4413bc\" data-element_type=\"column\">\n\t\t\t<div class=\"elementor-widget-wrap elementor-element-populated\">\n\t\t\t\t\t\t<div class=\"elementor-element elementor-element-d50b1e5 elementor-widget elementor-widget-text-editor\" data-id=\"d50b1e5\" data-element_type=\"widget\" data-widget_type=\"text-editor.default\">\n\t\t\t\t<div class=\"elementor-widget-container\">\n\t\t\t\t\t\t\t\t\t<p><strong>PRODUCT DEVELOPMENT<\/strong><\/p><ul><li>New \/ custom product development<\/li><li>Sustainable products<\/li><li>Product optimization<\/li><\/ul><p>\u00a0<\/p><p><strong>PROCESS &amp; TECHNOLOGY DEVELOPMENT<\/strong><\/p><ul><li>Improving the production processes<\/li><li>Energy efficiency<\/li><li>Digitalization, smart production technologies<\/li><li>Artificial intelligence and image processing<\/li><li>New process technologies<\/li><\/ul>\t\t\t\t\t\t\t\t<\/div>\n\t\t\t\t<\/div>\n\t\t\t\t\t<\/div>\n\t\t<\/div>\n\t\t\t\t\t<\/div>\n\t\t<\/section>\n\t\t\t\t<section class=\"elementor-section elementor-top-section elementor-element elementor-element-523012e elementor-reverse-mobile elementor-section-boxed elementor-section-height-default elementor-section-height-default\" data-id=\"523012e\" data-element_type=\"section\">\n\t\t\t\t\t\t<div class=\"elementor-container elementor-column-gap-default\">\n\t\t\t\t\t<div class=\"elementor-column elementor-col-50 elementor-top-column elementor-element elementor-element-07c8b74\" data-id=\"07c8b74\" data-element_type=\"column\">\n\t\t\t<div class=\"elementor-widget-wrap elementor-element-populated\">\n\t\t\t\t\t\t<div class=\"elementor-element elementor-element-8e419cb elementor-widget elementor-widget-text-editor\" data-id=\"8e419cb\" data-element_type=\"widget\" data-widget_type=\"text-editor.default\">\n\t\t\t\t<div class=\"elementor-widget-container\">\n\t\t\t\t\t\t\t\t\t<p><strong>IMPLEMENTATION DEVELOPMENT<\/strong><\/p><ul><li>Developing new implementations<\/li><li>Optimizing the existing practices<\/li><li>Customer oriented joint projects<\/li><\/ul><p>\u00a0<\/p><p><strong>SUSTAINABILITY<\/strong><\/p><ul><li>Alternative fuel and raw material<\/li><li>Decarbonized environmentally friendly products<\/li><li>Circular Economy<\/li><li>Industry 4.0<\/li><li>Carbon capture, use and storage (CCUS)<\/li><\/ul>\t\t\t\t\t\t\t\t<\/div>\n\t\t\t\t<\/div>\n\t\t\t\t\t<\/div>\n\t\t<\/div>\n\t\t\t\t<div class=\"elementor-column elementor-col-50 elementor-top-column elementor-element elementor-element-e80a89f\" data-id=\"e80a89f\" data-element_type=\"column\">\n\t\t\t<div class=\"elementor-widget-wrap elementor-element-populated\">\n\t\t\t\t\t\t<div class=\"elementor-element elementor-element-bb2cce2 elementor-widget elementor-widget-image\" data-id=\"bb2cce2\" data-element_type=\"widget\" data-widget_type=\"image.default\">\n\t\t\t\t<div class=\"elementor-widget-container\">\n\t\t\t\t\t\t\t\t\t\t\t\t\t\t\t<img decoding=\"async\" src=\"https:\/\/cimsa.com.tr\/en\/wp-content\/uploads\/sites\/3\/elementor\/thumbs\/shutterstock_1817135603-q6zgdqes9w7im8aw7uros4xjzhhrwb3msbmfiqyz6c.jpg\" title=\"shutterstock_1817135603\" alt=\"uygulama geli\u015ftirme\" loading=\"lazy\" \/>\t\t\t\t\t\t\t\t\t\t\t\t\t\t\t<\/div>\n\t\t\t\t<\/div>\n\t\t\t\t\t<\/div>\n\t\t<\/div>\n\t\t\t\t\t<\/div>\n\t\t<\/section>\n\t\t\t\t<\/div>\n\t\t","protected":false},"excerpt":{"rendered":"<p>Innovation PRODUCT DEVELOPMENT New \/ custom product development Sustainable products Product optimization \u00a0 PROCESS &amp; TECHNOLOGY DEVELOPMENT Improving the production processes Energy efficiency Digitalization, smart production technologies Artificial intelligence and image processing New process technologies IMPLEMENTATION DEVELOPMENT Developing new implementations Optimizing the existing practices Customer oriented joint projects \u00a0 SUSTAINABILITY Alternative fuel and raw material [&hellip;]<\/p>\n","protected":false},"author":2,"featured_media":0,"parent":3981,"menu_order":0,"comment_status":"closed","ping_status":"closed","template":"","meta":{"_acf_changed":false,"footnotes":""},"class_list":["post-5288","page","type-page","status-publish","hentry"],"acf":[],"yoast_head":"<!-- This site is optimized with the Yoast SEO plugin v26.6 - https:\/\/yoast.com\/wordpress\/plugins\/seo\/ -->\n<title>Fields of Work - \u00c7imsa<\/title>\n<meta name=\"description\" content=\"Explore \u00c7imsa&#039;s fields of work: product innovation, process optimization, sustainability, and advanced technologies like AI and Industry 4.0.\" \/>\n<meta name=\"robots\" content=\"index, follow, max-snippet:-1, max-image-preview:large, max-video-preview:-1\" \/>\n<link rel=\"canonical\" href=\"https:\/\/cimsa.com.tr\/en\/innovation\/fields-of-work\/\" \/>\n<meta property=\"og:locale\" content=\"en_US\" \/>\n<meta property=\"og:type\" content=\"article\" \/>\n<meta property=\"og:title\" content=\"Fields of Work - \u00c7imsa\" \/>\n<meta property=\"og:description\" content=\"Explore \u00c7imsa&#039;s fields of work: product innovation, process optimization, sustainability, and advanced technologies like AI and Industry 4.0.\" \/>\n<meta property=\"og:url\" content=\"https:\/\/cimsa.com.tr\/en\/innovation\/fields-of-work\/\" \/>\n<meta property=\"og:site_name\" content=\"\u00c7imsa\" \/>\n<meta property=\"article:modified_time\" content=\"2025-01-06T21:17:15+00:00\" \/>\n<meta property=\"og:image\" content=\"https:\/\/cimsa.com.tr\/en\/wp-content\/uploads\/sites\/3\/elementor\/thumbs\/shutterstock_397576294-pqfq1de9zatr26oa6k2wcecrku6ayc81kqdeh2fdlg.jpg\" \/>\n<meta name=\"twitter:card\" content=\"summary_large_image\" \/>\n<meta name=\"twitter:label1\" content=\"Est. reading time\" \/>\n\t<meta name=\"twitter:data1\" content=\"1 minute\" \/>\n<script type=\"application\/ld+json\" class=\"yoast-schema-graph\">{\"@context\":\"https:\/\/schema.org\",\"@graph\":[{\"@type\":\"WebPage\",\"@id\":\"https:\/\/cimsa.com.tr\/en\/innovation\/fields-of-work\/\",\"url\":\"https:\/\/cimsa.com.tr\/en\/innovation\/fields-of-work\/\",\"name\":\"Fields of Work - \u00c7imsa\",\"isPartOf\":{\"@id\":\"https:\/\/cimsa.com.tr\/en\/#website\"},\"primaryImageOfPage\":{\"@id\":\"https:\/\/cimsa.com.tr\/en\/innovation\/fields-of-work\/#primaryimage\"},\"image\":{\"@id\":\"https:\/\/cimsa.com.tr\/en\/innovation\/fields-of-work\/#primaryimage\"},\"thumbnailUrl\":\"https:\/\/cimsa.com.tr\/en\/wp-content\/uploads\/sites\/3\/elementor\/thumbs\/shutterstock_397576294-pqfq1de9zatr26oa6k2wcecrku6ayc81kqdeh2fdlg.jpg\",\"datePublished\":\"2022-05-10T11:34:05+00:00\",\"dateModified\":\"2025-01-06T21:17:15+00:00\",\"description\":\"Explore \u00c7imsa's fields of work: product innovation, process optimization, sustainability, and advanced technologies like AI and Industry 4.0.\",\"breadcrumb\":{\"@id\":\"https:\/\/cimsa.com.tr\/en\/innovation\/fields-of-work\/#breadcrumb\"},\"inLanguage\":\"en-US\",\"potentialAction\":[{\"@type\":\"ReadAction\",\"target\":[\"https:\/\/cimsa.com.tr\/en\/innovation\/fields-of-work\/\"]}]},{\"@type\":\"ImageObject\",\"inLanguage\":\"en-US\",\"@id\":\"https:\/\/cimsa.com.tr\/en\/innovation\/fields-of-work\/#primaryimage\",\"url\":\"https:\/\/cimsa.com.tr\/en\/wp-content\/uploads\/sites\/3\/elementor\/thumbs\/shutterstock_397576294-pqfq1de9zatr26oa6k2wcecrku6ayc81kqdeh2fdlg.jpg\",\"contentUrl\":\"https:\/\/cimsa.com.tr\/en\/wp-content\/uploads\/sites\/3\/elementor\/thumbs\/shutterstock_397576294-pqfq1de9zatr26oa6k2wcecrku6ayc81kqdeh2fdlg.jpg\"},{\"@type\":\"BreadcrumbList\",\"@id\":\"https:\/\/cimsa.com.tr\/en\/innovation\/fields-of-work\/#breadcrumb\",\"itemListElement\":[{\"@type\":\"ListItem\",\"position\":1,\"name\":\"Innovation\",\"item\":\"https:\/\/cimsa.com.tr\/en\/innovation\/\"},{\"@type\":\"ListItem\",\"position\":2,\"name\":\"Fields of Work\"}]},{\"@type\":\"WebSite\",\"@id\":\"https:\/\/cimsa.com.tr\/en\/#website\",\"url\":\"https:\/\/cimsa.com.tr\/en\/\",\"name\":\"\u00c7imsa\",\"description\":\"Shaping Today for Tomorrow\",\"potentialAction\":[{\"@type\":\"SearchAction\",\"target\":{\"@type\":\"EntryPoint\",\"urlTemplate\":\"https:\/\/cimsa.com.tr\/en\/?s={search_term_string}\"},\"query-input\":{\"@type\":\"PropertyValueSpecification\",\"valueRequired\":true,\"valueName\":\"search_term_string\"}}],\"inLanguage\":\"en-US\"}]}<\/script>\n<!-- \/ Yoast SEO plugin. -->","yoast_head_json":{"title":"Fields of Work - \u00c7imsa","description":"Explore \u00c7imsa's fields of work: product innovation, process optimization, sustainability, and advanced technologies like AI and Industry 4.0.","robots":{"index":"index","follow":"follow","max-snippet":"max-snippet:-1","max-image-preview":"max-image-preview:large","max-video-preview":"max-video-preview:-1"},"canonical":"https:\/\/cimsa.com.tr\/en\/innovation\/fields-of-work\/","og_locale":"en_US","og_type":"article","og_title":"Fields of Work - \u00c7imsa","og_description":"Explore \u00c7imsa's fields of work: product innovation, process optimization, sustainability, and advanced technologies like AI and Industry 4.0.","og_url":"https:\/\/cimsa.com.tr\/en\/innovation\/fields-of-work\/","og_site_name":"\u00c7imsa","article_modified_time":"2025-01-06T21:17:15+00:00","og_image":[{"url":"https:\/\/cimsa.com.tr\/en\/wp-content\/uploads\/sites\/3\/elementor\/thumbs\/shutterstock_397576294-pqfq1de9zatr26oa6k2wcecrku6ayc81kqdeh2fdlg.jpg","type":"","width":"","height":""}],"twitter_card":"summary_large_image","twitter_misc":{"Est. reading time":"1 minute"},"schema":{"@context":"https:\/\/schema.org","@graph":[{"@type":"WebPage","@id":"https:\/\/cimsa.com.tr\/en\/innovation\/fields-of-work\/","url":"https:\/\/cimsa.com.tr\/en\/innovation\/fields-of-work\/","name":"Fields of Work - \u00c7imsa","isPartOf":{"@id":"https:\/\/cimsa.com.tr\/en\/#website"},"primaryImageOfPage":{"@id":"https:\/\/cimsa.com.tr\/en\/innovation\/fields-of-work\/#primaryimage"},"image":{"@id":"https:\/\/cimsa.com.tr\/en\/innovation\/fields-of-work\/#primaryimage"},"thumbnailUrl":"https:\/\/cimsa.com.tr\/en\/wp-content\/uploads\/sites\/3\/elementor\/thumbs\/shutterstock_397576294-pqfq1de9zatr26oa6k2wcecrku6ayc81kqdeh2fdlg.jpg","datePublished":"2022-05-10T11:34:05+00:00","dateModified":"2025-01-06T21:17:15+00:00","description":"Explore \u00c7imsa's fields of work: product innovation, process optimization, sustainability, and advanced technologies like AI and Industry 4.0.","breadcrumb":{"@id":"https:\/\/cimsa.com.tr\/en\/innovation\/fields-of-work\/#breadcrumb"},"inLanguage":"en-US","potentialAction":[{"@type":"ReadAction","target":["https:\/\/cimsa.com.tr\/en\/innovation\/fields-of-work\/"]}]},{"@type":"ImageObject","inLanguage":"en-US","@id":"https:\/\/cimsa.com.tr\/en\/innovation\/fields-of-work\/#primaryimage","url":"https:\/\/cimsa.com.tr\/en\/wp-content\/uploads\/sites\/3\/elementor\/thumbs\/shutterstock_397576294-pqfq1de9zatr26oa6k2wcecrku6ayc81kqdeh2fdlg.jpg","contentUrl":"https:\/\/cimsa.com.tr\/en\/wp-content\/uploads\/sites\/3\/elementor\/thumbs\/shutterstock_397576294-pqfq1de9zatr26oa6k2wcecrku6ayc81kqdeh2fdlg.jpg"},{"@type":"BreadcrumbList","@id":"https:\/\/cimsa.com.tr\/en\/innovation\/fields-of-work\/#breadcrumb","itemListElement":[{"@type":"ListItem","position":1,"name":"Innovation","item":"https:\/\/cimsa.com.tr\/en\/innovation\/"},{"@type":"ListItem","position":2,"name":"Fields of Work"}]},{"@type":"WebSite","@id":"https:\/\/cimsa.com.tr\/en\/#website","url":"https:\/\/cimsa.com.tr\/en\/","name":"\u00c7imsa","description":"Shaping Today for Tomorrow","potentialAction":[{"@type":"SearchAction","target":{"@type":"EntryPoint","urlTemplate":"https:\/\/cimsa.com.tr\/en\/?s={search_term_string}"},"query-input":{"@type":"PropertyValueSpecification","valueRequired":true,"valueName":"search_term_string"}}],"inLanguage":"en-US"}]}},"_links":{"self":[{"href":"https:\/\/cimsa.com.tr\/en\/wp-json\/wp\/v2\/pages\/5288","targetHints":{"allow":["GET"]}}],"collection":[{"href":"https:\/\/cimsa.com.tr\/en\/wp-json\/wp\/v2\/pages"}],"about":[{"href":"https:\/\/cimsa.com.tr\/en\/wp-json\/wp\/v2\/types\/page"}],"author":[{"embeddable":true,"href":"https:\/\/cimsa.com.tr\/en\/wp-json\/wp\/v2\/users\/2"}],"replies":[{"embeddable":true,"href":"https:\/\/cimsa.com.tr\/en\/wp-json\/wp\/v2\/comments?post=5288"}],"version-history":[{"count":1,"href":"https:\/\/cimsa.com.tr\/en\/wp-json\/wp\/v2\/pages\/5288\/revisions"}],"predecessor-version":[{"id":12171,"href":"https:\/\/cimsa.com.tr\/en\/wp-json\/wp\/v2\/pages\/5288\/revisions\/12171"}],"up":[{"embeddable":true,"href":"https:\/\/cimsa.com.tr\/en\/wp-json\/wp\/v2\/pages\/3981"}],"wp:attachment":[{"href":"https:\/\/cimsa.com.tr\/en\/wp-json\/wp\/v2\/media?parent=5288"}],"curies":[{"name":"wp","href":"https:\/\/api.w.org\/{rel}","templated":true}]}}