{"id":1564,"date":"2022-02-21T16:29:42","date_gmt":"2022-02-21T16:29:42","guid":{"rendered":"https:\/\/en.atakan.io?page_id=1564"},"modified":"2026-03-03T10:50:58","modified_gmt":"2026-03-03T10:50:58","slug":"investor-relations","status":"publish","type":"page","link":"https:\/\/cimsa.com.tr\/en\/investor-relations\/","title":{"rendered":"Investor Relations"},"content":{"rendered":"\t\t<div data-elementor-type=\"wp-page\" data-elementor-id=\"1564\" class=\"elementor elementor-1564\" data-elementor-post-type=\"page\">\n\t\t\t\t\t\t<section class=\"elementor-section elementor-top-section elementor-element elementor-element-e7e6e94 elementor-reverse-mobile elementor-section-boxed elementor-section-height-default elementor-section-height-default\" data-id=\"e7e6e94\" data-element_type=\"section\">\n\t\t\t\t\t\t<div class=\"elementor-container elementor-column-gap-default\">\n\t\t\t\t\t<div class=\"elementor-column elementor-col-50 elementor-top-column elementor-element elementor-element-2b00151\" data-id=\"2b00151\" data-element_type=\"column\" data-settings=\"{&quot;background_background&quot;:&quot;classic&quot;}\">\n\t\t\t<div class=\"elementor-widget-wrap elementor-element-populated\">\n\t\t\t\t\t\t<div class=\"elementor-element elementor-element-019fc2c elementor-widget elementor-widget-shortcode\" data-id=\"019fc2c\" data-element_type=\"widget\" data-widget_type=\"shortcode.default\">\n\t\t\t\t<div class=\"elementor-widget-container\">\n\t\t\t\t\t\t\t<div class=\"elementor-shortcode\"><script src=\"https:\/\/fws.forinvestcdn.com\/f-ws.min.js\"><\/script>\n<f-ws wid=\"FWS_VKUMIZEB3\" lang=\"en-us\"><\/f-ws><\/div>\n\t\t\t\t\t\t<\/div>\n\t\t\t\t<\/div>\n\t\t\t\t\t<\/div>\n\t\t<\/div>\n\t\t\t\t<div class=\"elementor-column elementor-col-50 elementor-top-column elementor-element elementor-element-c6610b4\" data-id=\"c6610b4\" data-element_type=\"column\">\n\t\t\t<div class=\"elementor-widget-wrap elementor-element-populated\">\n\t\t\t\t\t\t<div class=\"elementor-element elementor-element-442e92b premium-carousel-ripple-yes elementor-widget__width-initial pa-carousel-template elementor-widget elementor-widget-premium-carousel-widget\" data-id=\"442e92b\" data-element_type=\"widget\" data-widget_type=\"premium-carousel-widget.default\">\n\t\t\t\t<div class=\"elementor-widget-container\">\n\t\t\t\t\t\t\t<div id=\"premium-carousel-wrapper-442e92b\" class=\"premium-carousel-wrapper premium-carousel-hidden carousel-wrapper-442e92b  premium-carousel-dots-below\" data-settings=\"{&quot;vertical&quot;:false,&quot;appearance&quot;:&quot;all&quot;,&quot;slidesToShow&quot;:1,&quot;infinite&quot;:true,&quot;speed&quot;:500,&quot;fade&quot;:true,&quot;autoplay&quot;:true,&quot;autoplaySpeed&quot;:7000,&quot;draggable&quot;:true,&quot;touchMove&quot;:true,&quot;adaptiveHeight&quot;:false,&quot;variableWidth&quot;:false,&quot;cssEase&quot;:&quot;ease&quot;,&quot;pauseOnHover&quot;:false,&quot;centerMode&quot;:false,&quot;arrows&quot;:false,&quot;dots&quot;:true,&quot;slidesDesk&quot;:1,&quot;slidesTab&quot;:1,&quot;slidesMob&quot;:1,&quot;animation&quot;:&quot;null&quot;,&quot;tabletBreak&quot;:1025,&quot;mobileBreak&quot;:768,&quot;navigation&quot;:[],&quot;carouselNavigation&quot;:&quot;dots&quot;,&quot;templatesNumber&quot;:2}\">\n\t\t\t\t\t\t\t\t<div class=\"premium-carousel-nav-dot\">\n\t\t\t\t\t\t\t\t\t\t<i class=\"fas fa-circle\" aria-hidden=\"true\"><\/i>\n\t\t\t\t\t\t\t\t\t\t<\/div>\n\t\t\t\t\t\t\t\t\t<div id=\"premium-carousel-442e92b\" class=\"premium-carousel-inner\">\n\t\t\t\t\t\t\t\t\t\t<div class=\"premium-carousel-template item-wrapper\">\n\t\t\t\t\t\t\t<style>.elementor-1690 .elementor-element.elementor-element-72b90553 > .elementor-container{max-width:1130px;}.elementor-1690 .elementor-element.elementor-element-72b90553{margin-top:20px;margin-bottom:0px;}.elementor-1690 .elementor-element.elementor-element-5591b36e:not(.elementor-motion-effects-element-type-background) > .elementor-widget-wrap, .elementor-1690 .elementor-element.elementor-element-5591b36e > .elementor-widget-wrap > .elementor-motion-effects-container > .elementor-motion-effects-layer{background-image:url(\"https:\/\/cimsa.com.tr\/en\/wp-content\/uploads\/sites\/3\/2022\/02\/forest.jpg\");background-position:center center;background-size:cover;}.elementor-1690 .elementor-element.elementor-element-5591b36e > .elementor-element-populated >  .elementor-background-overlay{background-color:#000000;opacity:0.3;}.elementor-1690 .elementor-element.elementor-element-5591b36e > .elementor-element-populated, .elementor-1690 .elementor-element.elementor-element-5591b36e > .elementor-element-populated > .elementor-background-overlay, .elementor-1690 .elementor-element.elementor-element-5591b36e > .elementor-background-slideshow{border-radius:20px 20px 20px 20px;}.elementor-1690 .elementor-element.elementor-element-5591b36e > .elementor-element-populated{transition:background 0.3s, border 0.3s, border-radius 0.3s, box-shadow 0.3s;margin:0px 0px 0px 0px;--e-column-margin-right:0px;--e-column-margin-left:0px;padding:0px 0px 50px 25px;}.elementor-1690 .elementor-element.elementor-element-5591b36e > .elementor-element-populated > .elementor-background-overlay{transition:background 0.3s, border-radius 0.3s, opacity 0.3s;}.elementor-widget-heading .elementor-heading-title{font-family:var( --e-global-typography-primary-font-family ), Sans-serif;font-weight:var( --e-global-typography-primary-font-weight );color:var( --e-global-color-primary );}.elementor-1690 .elementor-element.elementor-element-295ce4e0 > .elementor-widget-container{margin:150px 0px 0px 0px;}.elementor-1690 .elementor-element.elementor-element-295ce4e0 .elementor-heading-title{font-family:\"Titillium Web\", Sans-serif;font-weight:600;color:var( --e-global-color-8d42b72 );}.elementor-1690 .elementor-element.elementor-element-eb254ce .elementor-heading-title{font-family:\"Titillium Web\", Sans-serif;font-weight:600;color:#FFFFFF;}.elementor-widget-button .elementor-button{background-color:var( --e-global-color-accent );font-family:var( --e-global-typography-accent-font-family ), Sans-serif;font-weight:var( --e-global-typography-accent-font-weight );}.elementor-1690 .elementor-element.elementor-element-54f7b543 .elementor-button{background-color:#EFEFEF;font-family:\"Titillium Web\", Sans-serif;font-weight:700;fill:var( --e-global-color-700ca06 );color:var( --e-global-color-700ca06 );border-radius:7px 7px 7px 7px;}<\/style>\t\t<div data-elementor-type=\"section\" data-elementor-id=\"1690\" class=\"elementor elementor-1690\" data-elementor-post-type=\"elementor_library\">\n\t\t\t\t\t<section class=\"elementor-section elementor-top-section elementor-element elementor-element-72b90553 elementor-section-boxed elementor-section-height-default elementor-section-height-default\" data-id=\"72b90553\" data-element_type=\"section\">\n\t\t\t\t\t\t<div class=\"elementor-container elementor-column-gap-default\">\n\t\t\t\t\t<div class=\"elementor-column elementor-col-100 elementor-top-column elementor-element elementor-element-5591b36e\" data-id=\"5591b36e\" data-element_type=\"column\" data-settings=\"{&quot;background_background&quot;:&quot;classic&quot;}\">\n\t\t\t<div class=\"elementor-widget-wrap elementor-element-populated\">\n\t\t\t\t\t<div class=\"elementor-background-overlay\"><\/div>\n\t\t\t\t\t\t<div class=\"elementor-element elementor-element-295ce4e0 elementor-widget elementor-widget-heading\" data-id=\"295ce4e0\" data-element_type=\"widget\" data-widget_type=\"heading.default\">\n\t\t\t\t<div class=\"elementor-widget-container\">\n\t\t\t\t\t<span class=\"elementor-heading-title elementor-size-default\">Investor Relations<\/span>\t\t\t\t<\/div>\n\t\t\t\t<\/div>\n\t\t\t\t<div class=\"elementor-element elementor-element-eb254ce elementor-widget elementor-widget-heading\" data-id=\"eb254ce\" data-element_type=\"widget\" data-widget_type=\"heading.default\">\n\t\t\t\t<div class=\"elementor-widget-container\">\n\t\t\t\t\t<h2 class=\"elementor-heading-title elementor-size-default\">2025 Financial Results Bulletin<\/h2>\t\t\t\t<\/div>\n\t\t\t\t<\/div>\n\t\t\t\t<div class=\"elementor-element elementor-element-54f7b543 elementor-widget elementor-widget-button\" data-id=\"54f7b543\" data-element_type=\"widget\" data-widget_type=\"button.default\">\n\t\t\t\t<div class=\"elementor-widget-container\">\n\t\t\t\t\t\t\t\t\t<div class=\"elementor-button-wrapper\">\n\t\t\t\t\t<a class=\"elementor-button elementor-button-link elementor-size-sm elementor-animation-grow\" href=\"https:\/\/cimsa.com.tr\/en\/wp-content\/uploads\/sites\/3\/2026\/03\/2025-Financial-Results-Bulletin.pdf\" target=\"_blank\">\n\t\t\t\t\t\t<span class=\"elementor-button-content-wrapper\">\n\t\t\t\t\t\t\t\t\t<span class=\"elementor-button-text\">Download<\/span>\n\t\t\t\t\t<\/span>\n\t\t\t\t\t<\/a>\n\t\t\t\t<\/div>\n\t\t\t\t\t\t\t\t<\/div>\n\t\t\t\t<\/div>\n\t\t\t\t\t<\/div>\n\t\t<\/div>\n\t\t\t\t\t<\/div>\n\t\t<\/section>\n\t\t\t\t<\/div>\n\t\t\n\t\t\t\t\t\t\t\t\t\t\t\t\t<\/div>\n\t\t\t\t\t\t\t\t\t\t\t\t<div class=\"premium-carousel-template item-wrapper\">\n\t\t\t\t\t\t\t<style>.elementor-1686 .elementor-element.elementor-element-3e766888 > .elementor-container{max-width:1130px;}.elementor-1686 .elementor-element.elementor-element-3e766888{margin-top:20px;margin-bottom:0px;}.elementor-1686 .elementor-element.elementor-element-1e32523c:not(.elementor-motion-effects-element-type-background) > .elementor-widget-wrap, .elementor-1686 .elementor-element.elementor-element-1e32523c > .elementor-widget-wrap > .elementor-motion-effects-container > .elementor-motion-effects-layer{background-image:url(\"https:\/\/cimsa.com.tr\/en\/wp-content\/uploads\/sites\/3\/2022\/02\/image4.jpeg\");background-position:0px 480px;background-size:cover;}.elementor-1686 .elementor-element.elementor-element-1e32523c > .elementor-element-populated >  .elementor-background-overlay{background-color:#000000;opacity:0.3;}.elementor-1686 .elementor-element.elementor-element-1e32523c > .elementor-element-populated, .elementor-1686 .elementor-element.elementor-element-1e32523c > .elementor-element-populated > .elementor-background-overlay, .elementor-1686 .elementor-element.elementor-element-1e32523c > .elementor-background-slideshow{border-radius:20px 20px 20px 20px;}.elementor-1686 .elementor-element.elementor-element-1e32523c > .elementor-element-populated{transition:background 0.3s, border 0.3s, border-radius 0.3s, box-shadow 0.3s;margin:0px 0px 0px 0px;--e-column-margin-right:0px;--e-column-margin-left:0px;padding:0px 0px 50px 25px;}.elementor-1686 .elementor-element.elementor-element-1e32523c > .elementor-element-populated > .elementor-background-overlay{transition:background 0.3s, border-radius 0.3s, opacity 0.3s;}.elementor-widget-heading .elementor-heading-title{font-family:var( --e-global-typography-primary-font-family ), Sans-serif;font-weight:var( --e-global-typography-primary-font-weight );color:var( --e-global-color-primary );}.elementor-1686 .elementor-element.elementor-element-3762404f > .elementor-widget-container{margin:150px 0px 0px 0px;}.elementor-1686 .elementor-element.elementor-element-3762404f .elementor-heading-title{font-family:\"Titillium Web\", Sans-serif;font-weight:600;color:var( --e-global-color-8d42b72 );}.elementor-1686 .elementor-element.elementor-element-689521de .elementor-heading-title{font-family:\"Titillium Web\", Sans-serif;font-weight:600;color:#FFFFFF;}.elementor-widget-button .elementor-button{background-color:var( --e-global-color-accent );font-family:var( --e-global-typography-accent-font-family ), Sans-serif;font-weight:var( --e-global-typography-accent-font-weight );}.elementor-1686 .elementor-element.elementor-element-717b1bfb .elementor-button{background-color:#EFEFEF;font-family:\"Titillium Web\", Sans-serif;font-weight:700;fill:var( --e-global-color-700ca06 );color:var( --e-global-color-700ca06 );border-radius:7px 7px 7px 7px;}@media(max-width:1024px){.elementor-1686 .elementor-element.elementor-element-1e32523c:not(.elementor-motion-effects-element-type-background) > .elementor-widget-wrap, .elementor-1686 .elementor-element.elementor-element-1e32523c > .elementor-widget-wrap > .elementor-motion-effects-container > .elementor-motion-effects-layer{background-position:0px 0px;}}@media(max-width:767px){.elementor-1686 .elementor-element.elementor-element-1e32523c:not(.elementor-motion-effects-element-type-background) > .elementor-widget-wrap, .elementor-1686 .elementor-element.elementor-element-1e32523c > .elementor-widget-wrap > .elementor-motion-effects-container > .elementor-motion-effects-layer{background-position:0px 0px;}}<\/style>\t\t<div data-elementor-type=\"section\" data-elementor-id=\"1686\" class=\"elementor elementor-1686\" data-elementor-post-type=\"elementor_library\">\n\t\t\t\t\t<section class=\"elementor-section elementor-top-section elementor-element elementor-element-3e766888 elementor-section-boxed elementor-section-height-default elementor-section-height-default\" data-id=\"3e766888\" data-element_type=\"section\">\n\t\t\t\t\t\t<div class=\"elementor-container elementor-column-gap-default\">\n\t\t\t\t\t<div class=\"elementor-column elementor-col-100 elementor-top-column elementor-element elementor-element-1e32523c\" data-id=\"1e32523c\" data-element_type=\"column\" data-settings=\"{&quot;background_background&quot;:&quot;classic&quot;}\">\n\t\t\t<div class=\"elementor-widget-wrap elementor-element-populated\">\n\t\t\t\t\t<div class=\"elementor-background-overlay\"><\/div>\n\t\t\t\t\t\t<div class=\"elementor-element elementor-element-3762404f elementor-widget elementor-widget-heading\" data-id=\"3762404f\" data-element_type=\"widget\" data-widget_type=\"heading.default\">\n\t\t\t\t<div class=\"elementor-widget-container\">\n\t\t\t\t\t<span class=\"elementor-heading-title elementor-size-default\">Investor Relations<\/span>\t\t\t\t<\/div>\n\t\t\t\t<\/div>\n\t\t\t\t<div class=\"elementor-element elementor-element-689521de elementor-widget elementor-widget-heading\" data-id=\"689521de\" data-element_type=\"widget\" data-widget_type=\"heading.default\">\n\t\t\t\t<div class=\"elementor-widget-container\">\n\t\t\t\t\t<span class=\"elementor-heading-title elementor-size-large\">4Q25 Earnings Presentation<\/span>\t\t\t\t<\/div>\n\t\t\t\t<\/div>\n\t\t\t\t<div class=\"elementor-element elementor-element-717b1bfb elementor-widget elementor-widget-button\" data-id=\"717b1bfb\" data-element_type=\"widget\" data-widget_type=\"button.default\">\n\t\t\t\t<div class=\"elementor-widget-container\">\n\t\t\t\t\t\t\t\t\t<div class=\"elementor-button-wrapper\">\n\t\t\t\t\t<a class=\"elementor-button elementor-button-link elementor-size-sm elementor-animation-grow\" href=\"https:\/\/cimsa.com.tr\/en\/wp-content\/uploads\/sites\/3\/2026\/03\/4Q25-Earnings-Presentation-1.pdf\" target=\"_blank\">\n\t\t\t\t\t\t<span class=\"elementor-button-content-wrapper\">\n\t\t\t\t\t\t\t\t\t<span class=\"elementor-button-text\">Download<\/span>\n\t\t\t\t\t<\/span>\n\t\t\t\t\t<\/a>\n\t\t\t\t<\/div>\n\t\t\t\t\t\t\t\t<\/div>\n\t\t\t\t<\/div>\n\t\t\t\t\t<\/div>\n\t\t<\/div>\n\t\t\t\t\t<\/div>\n\t\t<\/section>\n\t\t\t\t<\/div>\n\t\t\n\t\t\t\t\t\t\t\t\t\t\t\t\t<\/div>\n\t\t\t\t\t\t\t\t\t<\/div>\n\t\t\t\t\t\t\t\t<\/div>\n\t\t\t\t\t\t<\/div>\n\t\t\t\t<\/div>\n\t\t\t\t\t<\/div>\n\t\t<\/div>\n\t\t\t\t\t<\/div>\n\t\t<\/section>\n\t\t\t\t<section class=\"elementor-section elementor-top-section elementor-element elementor-element-260883a elementor-section-boxed elementor-section-height-default elementor-section-height-default\" data-id=\"260883a\" data-element_type=\"section\">\n\t\t\t\t\t\t<div class=\"elementor-container elementor-column-gap-default\">\n\t\t\t\t\t<div class=\"elementor-column elementor-col-100 elementor-top-column elementor-element elementor-element-720fa51\" data-id=\"720fa51\" data-element_type=\"column\" data-settings=\"{&quot;background_background&quot;:&quot;classic&quot;}\">\n\t\t\t<div class=\"elementor-widget-wrap elementor-element-populated\">\n\t\t\t\t\t<div class=\"elementor-background-overlay\"><\/div>\n\t\t\t\t\t\t<div class=\"elementor-element elementor-element-9db4c65 elementor-widget elementor-widget-heading\" data-id=\"9db4c65\" data-element_type=\"widget\" data-widget_type=\"heading.default\">\n\t\t\t\t<div class=\"elementor-widget-container\">\n\t\t\t\t\t<h2 class=\"elementor-heading-title elementor-size-default\">Consolidated Financial Reports<\/h2>\t\t\t\t<\/div>\n\t\t\t\t<\/div>\n\t\t\t\t<div class=\"elementor-element elementor-element-0dca1df elementor-align-center elementor-widget elementor-widget-button\" data-id=\"0dca1df\" data-element_type=\"widget\" data-widget_type=\"button.default\">\n\t\t\t\t<div class=\"elementor-widget-container\">\n\t\t\t\t\t\t\t\t\t<div class=\"elementor-button-wrapper\">\n\t\t\t\t\t<a class=\"elementor-button elementor-button-link elementor-size-sm elementor-animation-grow\" href=\"https:\/\/cimsa.com.tr\/en\/investor-relations\/consolidated-financial-reports\/\">\n\t\t\t\t\t\t<span class=\"elementor-button-content-wrapper\">\n\t\t\t\t\t\t\t\t\t<span class=\"elementor-button-text\">Show<\/span>\n\t\t\t\t\t<\/span>\n\t\t\t\t\t<\/a>\n\t\t\t\t<\/div>\n\t\t\t\t\t\t\t\t<\/div>\n\t\t\t\t<\/div>\n\t\t\t\t\t<\/div>\n\t\t<\/div>\n\t\t\t\t\t<\/div>\n\t\t<\/section>\n\t\t\t\t<section class=\"elementor-section elementor-top-section elementor-element elementor-element-0b230e9 elementor-section-boxed elementor-section-height-default elementor-section-height-default\" data-id=\"0b230e9\" data-element_type=\"section\">\n\t\t\t\t\t\t<div class=\"elementor-container elementor-column-gap-default\">\n\t\t\t\t\t<div class=\"elementor-column elementor-col-100 elementor-top-column elementor-element elementor-element-70eb48e\" data-id=\"70eb48e\" data-element_type=\"column\" data-settings=\"{&quot;background_background&quot;:&quot;classic&quot;}\">\n\t\t\t<div class=\"elementor-widget-wrap elementor-element-populated\">\n\t\t\t\t\t<div class=\"elementor-background-overlay\"><\/div>\n\t\t\t\t\t\t<div class=\"elementor-element elementor-element-06c80af elementor-widget elementor-widget-heading\" data-id=\"06c80af\" data-element_type=\"widget\" data-widget_type=\"heading.default\">\n\t\t\t\t<div class=\"elementor-widget-container\">\n\t\t\t\t\t<h2 class=\"elementor-heading-title elementor-size-default\">Investor Presentations<\/h2>\t\t\t\t<\/div>\n\t\t\t\t<\/div>\n\t\t\t\t<div class=\"elementor-element elementor-element-2cedf6b elementor-align-center elementor-widget elementor-widget-button\" data-id=\"2cedf6b\" data-element_type=\"widget\" data-widget_type=\"button.default\">\n\t\t\t\t<div class=\"elementor-widget-container\">\n\t\t\t\t\t\t\t\t\t<div class=\"elementor-button-wrapper\">\n\t\t\t\t\t<a class=\"elementor-button elementor-button-link elementor-size-sm elementor-animation-grow\" href=\"https:\/\/cimsa.com.tr\/en\/investor-relations\/presentations\/\">\n\t\t\t\t\t\t<span class=\"elementor-button-content-wrapper\">\n\t\t\t\t\t\t\t\t\t<span class=\"elementor-button-text\">Show<\/span>\n\t\t\t\t\t<\/span>\n\t\t\t\t\t<\/a>\n\t\t\t\t<\/div>\n\t\t\t\t\t\t\t\t<\/div>\n\t\t\t\t<\/div>\n\t\t\t\t\t<\/div>\n\t\t<\/div>\n\t\t\t\t\t<\/div>\n\t\t<\/section>\n\t\t\t\t<section class=\"elementor-section elementor-top-section elementor-element elementor-element-74d95ee elementor-section-boxed elementor-section-height-default elementor-section-height-default\" data-id=\"74d95ee\" data-element_type=\"section\">\n\t\t\t\t\t\t<div class=\"elementor-container elementor-column-gap-default\">\n\t\t\t\t\t<div class=\"elementor-column elementor-col-100 elementor-top-column elementor-element elementor-element-e29994e\" data-id=\"e29994e\" data-element_type=\"column\" data-settings=\"{&quot;background_background&quot;:&quot;classic&quot;}\">\n\t\t\t<div class=\"elementor-widget-wrap elementor-element-populated\">\n\t\t\t\t\t<div class=\"elementor-background-overlay\"><\/div>\n\t\t\t\t\t\t<div class=\"elementor-element elementor-element-07fc5fd elementor-widget elementor-widget-heading\" data-id=\"07fc5fd\" data-element_type=\"widget\" data-widget_type=\"heading.default\">\n\t\t\t\t<div class=\"elementor-widget-container\">\n\t\t\t\t\t<h2 class=\"elementor-heading-title elementor-size-default\">Material Event Disclosures<\/h2>\t\t\t\t<\/div>\n\t\t\t\t<\/div>\n\t\t\t\t<div class=\"elementor-element elementor-element-7102eaa elementor-align-center elementor-widget elementor-widget-button\" data-id=\"7102eaa\" data-element_type=\"widget\" data-widget_type=\"button.default\">\n\t\t\t\t<div class=\"elementor-widget-container\">\n\t\t\t\t\t\t\t\t\t<div class=\"elementor-button-wrapper\">\n\t\t\t\t\t<a class=\"elementor-button elementor-button-link elementor-size-sm elementor-animation-grow\" href=\"https:\/\/www.kap.org.tr\/en\/sirket-bilgileri\/ozet\/4028e4a240ee866c0140f1f64bdb0014\">\n\t\t\t\t\t\t<span class=\"elementor-button-content-wrapper\">\n\t\t\t\t\t\t\t\t\t<span class=\"elementor-button-text\">Show<\/span>\n\t\t\t\t\t<\/span>\n\t\t\t\t\t<\/a>\n\t\t\t\t<\/div>\n\t\t\t\t\t\t\t\t<\/div>\n\t\t\t\t<\/div>\n\t\t\t\t\t<\/div>\n\t\t<\/div>\n\t\t\t\t\t<\/div>\n\t\t<\/section>\n\t\t\t\t<\/div>\n\t\t","protected":false},"excerpt":{"rendered":"<p>Investor Relations 2024 3nd Quarter Investor Presentation Download Investor Relations \u00c7imsa \u00c7imento Financial Results Q3 2024 Download Consolidated Financial Reports Show Investor Presentations Show Material Event Disclosures Show<\/p>\n","protected":false},"author":2,"featured_media":0,"parent":0,"menu_order":0,"comment_status":"closed","ping_status":"closed","template":"","meta":{"_acf_changed":false,"footnotes":""},"class_list":["post-1564","page","type-page","status-publish","hentry"],"acf":[],"yoast_head":"<!-- This site is optimized with the Yoast SEO plugin v26.6 - https:\/\/yoast.com\/wordpress\/plugins\/seo\/ -->\n<title>Investor Relations - \u00c7imsa<\/title>\n<meta name=\"robots\" content=\"index, follow, max-snippet:-1, max-image-preview:large, max-video-preview:-1\" \/>\n<link rel=\"canonical\" href=\"https:\/\/cimsa.com.tr\/en\/investor-relations\/\" \/>\n<meta property=\"og:locale\" content=\"en_US\" \/>\n<meta property=\"og:type\" content=\"article\" \/>\n<meta property=\"og:title\" content=\"Investor Relations - \u00c7imsa\" \/>\n<meta property=\"og:description\" content=\"Investor Relations 2024 3nd Quarter Investor Presentation Download Investor Relations \u00c7imsa \u00c7imento Financial Results Q3 2024 Download Consolidated Financial Reports Show Investor Presentations Show Material Event Disclosures Show\" \/>\n<meta property=\"og:url\" content=\"https:\/\/cimsa.com.tr\/en\/investor-relations\/\" \/>\n<meta property=\"og:site_name\" content=\"\u00c7imsa\" \/>\n<meta property=\"article:modified_time\" content=\"2026-03-03T10:50:58+00:00\" \/>\n<meta name=\"twitter:card\" content=\"summary_large_image\" \/>\n<meta name=\"twitter:label1\" content=\"Est. reading time\" \/>\n\t<meta name=\"twitter:data1\" content=\"1 minute\" \/>\n<script type=\"application\/ld+json\" class=\"yoast-schema-graph\">{\"@context\":\"https:\/\/schema.org\",\"@graph\":[{\"@type\":\"WebPage\",\"@id\":\"https:\/\/cimsa.com.tr\/en\/investor-relations\/\",\"url\":\"https:\/\/cimsa.com.tr\/en\/investor-relations\/\",\"name\":\"Investor Relations - \u00c7imsa\",\"isPartOf\":{\"@id\":\"https:\/\/cimsa.com.tr\/en\/#website\"},\"datePublished\":\"2022-02-21T16:29:42+00:00\",\"dateModified\":\"2026-03-03T10:50:58+00:00\",\"inLanguage\":\"en-US\",\"potentialAction\":[{\"@type\":\"ReadAction\",\"target\":[\"https:\/\/cimsa.com.tr\/en\/investor-relations\/\"]}]},{\"@type\":\"WebSite\",\"@id\":\"https:\/\/cimsa.com.tr\/en\/#website\",\"url\":\"https:\/\/cimsa.com.tr\/en\/\",\"name\":\"\u00c7imsa\",\"description\":\"Shaping Today for Tomorrow\",\"potentialAction\":[{\"@type\":\"SearchAction\",\"target\":{\"@type\":\"EntryPoint\",\"urlTemplate\":\"https:\/\/cimsa.com.tr\/en\/?s={search_term_string}\"},\"query-input\":{\"@type\":\"PropertyValueSpecification\",\"valueRequired\":true,\"valueName\":\"search_term_string\"}}],\"inLanguage\":\"en-US\"}]}<\/script>\n<!-- \/ Yoast SEO plugin. -->","yoast_head_json":{"title":"Investor Relations - \u00c7imsa","robots":{"index":"index","follow":"follow","max-snippet":"max-snippet:-1","max-image-preview":"max-image-preview:large","max-video-preview":"max-video-preview:-1"},"canonical":"https:\/\/cimsa.com.tr\/en\/investor-relations\/","og_locale":"en_US","og_type":"article","og_title":"Investor Relations - \u00c7imsa","og_description":"Investor Relations 2024 3nd Quarter Investor Presentation Download Investor Relations \u00c7imsa \u00c7imento Financial Results Q3 2024 Download Consolidated Financial Reports Show Investor Presentations Show Material Event Disclosures Show","og_url":"https:\/\/cimsa.com.tr\/en\/investor-relations\/","og_site_name":"\u00c7imsa","article_modified_time":"2026-03-03T10:50:58+00:00","twitter_card":"summary_large_image","twitter_misc":{"Est. reading time":"1 minute"},"schema":{"@context":"https:\/\/schema.org","@graph":[{"@type":"WebPage","@id":"https:\/\/cimsa.com.tr\/en\/investor-relations\/","url":"https:\/\/cimsa.com.tr\/en\/investor-relations\/","name":"Investor Relations - \u00c7imsa","isPartOf":{"@id":"https:\/\/cimsa.com.tr\/en\/#website"},"datePublished":"2022-02-21T16:29:42+00:00","dateModified":"2026-03-03T10:50:58+00:00","inLanguage":"en-US","potentialAction":[{"@type":"ReadAction","target":["https:\/\/cimsa.com.tr\/en\/investor-relations\/"]}]},{"@type":"WebSite","@id":"https:\/\/cimsa.com.tr\/en\/#website","url":"https:\/\/cimsa.com.tr\/en\/","name":"\u00c7imsa","description":"Shaping Today for Tomorrow","potentialAction":[{"@type":"SearchAction","target":{"@type":"EntryPoint","urlTemplate":"https:\/\/cimsa.com.tr\/en\/?s={search_term_string}"},"query-input":{"@type":"PropertyValueSpecification","valueRequired":true,"valueName":"search_term_string"}}],"inLanguage":"en-US"}]}},"_links":{"self":[{"href":"https:\/\/cimsa.com.tr\/en\/wp-json\/wp\/v2\/pages\/1564","targetHints":{"allow":["GET"]}}],"collection":[{"href":"https:\/\/cimsa.com.tr\/en\/wp-json\/wp\/v2\/pages"}],"about":[{"href":"https:\/\/cimsa.com.tr\/en\/wp-json\/wp\/v2\/types\/page"}],"author":[{"embeddable":true,"href":"https:\/\/cimsa.com.tr\/en\/wp-json\/wp\/v2\/users\/2"}],"replies":[{"embeddable":true,"href":"https:\/\/cimsa.com.tr\/en\/wp-json\/wp\/v2\/comments?post=1564"}],"version-history":[{"count":5,"href":"https:\/\/cimsa.com.tr\/en\/wp-json\/wp\/v2\/pages\/1564\/revisions"}],"predecessor-version":[{"id":12920,"href":"https:\/\/cimsa.com.tr\/en\/wp-json\/wp\/v2\/pages\/1564\/revisions\/12920"}],"wp:attachment":[{"href":"https:\/\/cimsa.com.tr\/en\/wp-json\/wp\/v2\/media?parent=1564"}],"curies":[{"name":"wp","href":"https:\/\/api.w.org\/{rel}","templated":true}]}}