{"id":1523,"date":"2022-02-21T13:53:38","date_gmt":"2022-02-21T13:53:38","guid":{"rendered":"https:\/\/en.atakan.io?page_id=1523"},"modified":"2025-01-06T21:22:41","modified_gmt":"2025-01-06T21:22:41","slug":"contact","status":"publish","type":"page","link":"https:\/\/cimsa.com.tr\/en\/contact\/","title":{"rendered":"Contact"},"content":{"rendered":"\t\t<div data-elementor-type=\"wp-page\" data-elementor-id=\"1523\" class=\"elementor elementor-1523\" data-elementor-post-type=\"page\">\n\t\t\t\t\t\t<section class=\"elementor-section elementor-top-section elementor-element elementor-element-0713edd elementor-section-boxed elementor-section-height-default elementor-section-height-default\" data-id=\"0713edd\" data-element_type=\"section\">\n\t\t\t\t\t\t<div class=\"elementor-container elementor-column-gap-default\">\n\t\t\t\t\t<div class=\"elementor-column elementor-col-100 elementor-top-column elementor-element elementor-element-8732075\" data-id=\"8732075\" data-element_type=\"column\" data-settings=\"{&quot;background_background&quot;:&quot;classic&quot;}\">\n\t\t\t<div class=\"elementor-widget-wrap elementor-element-populated\">\n\t\t\t\t\t<div class=\"elementor-background-overlay\"><\/div>\n\t\t\t\t\t\t<div class=\"elementor-element elementor-element-ace3c09 elementor-widget elementor-widget-heading\" data-id=\"ace3c09\" data-element_type=\"widget\" data-widget_type=\"heading.default\">\n\t\t\t\t<div class=\"elementor-widget-container\">\n\t\t\t\t\t<h1 class=\"elementor-heading-title elementor-size-large\">Contact<\/h1>\t\t\t\t<\/div>\n\t\t\t\t<\/div>\n\t\t\t\t\t<\/div>\n\t\t<\/div>\n\t\t\t\t\t<\/div>\n\t\t<\/section>\n\t\t\t\t<section class=\"elementor-section elementor-top-section elementor-element elementor-element-610d8828 elementor-section-boxed elementor-section-height-default elementor-section-height-default\" data-id=\"610d8828\" data-element_type=\"section\">\n\t\t\t\t\t\t<div class=\"elementor-container elementor-column-gap-default\">\n\t\t\t\t\t<div class=\"elementor-column elementor-col-33 elementor-top-column elementor-element elementor-element-3fba6ec2\" data-id=\"3fba6ec2\" data-element_type=\"column\">\n\t\t\t<div class=\"elementor-widget-wrap elementor-element-populated\">\n\t\t\t\t\t\t<div class=\"elementor-element elementor-element-6387e795 elementor-widget elementor-widget-heading\" data-id=\"6387e795\" data-element_type=\"widget\" data-widget_type=\"heading.default\">\n\t\t\t\t<div class=\"elementor-widget-container\">\n\t\t\t\t\t<h6 class=\"elementor-heading-title elementor-size-default\">\u00c7imsa \u00c7imento Sanayi ve Ticaret A.\u015e<\/h6>\t\t\t\t<\/div>\n\t\t\t\t<\/div>\n\t\t\t\t<div class=\"elementor-element elementor-element-1146ff9a elementor-widget elementor-widget-heading\" data-id=\"1146ff9a\" data-element_type=\"widget\" data-widget_type=\"heading.default\">\n\t\t\t\t<div class=\"elementor-widget-container\">\n\t\t\t\t\t<h2 class=\"elementor-heading-title elementor-size-default\">Headquarters<\/h2>\t\t\t\t<\/div>\n\t\t\t\t<\/div>\n\t\t\t\t<div class=\"elementor-element elementor-element-2cce50bc elementor-widget elementor-widget-text-editor\" data-id=\"2cce50bc\" data-element_type=\"widget\" data-widget_type=\"text-editor.default\">\n\t\t\t\t<div class=\"elementor-widget-container\">\n\t\t\t\t\t\t\t\t\t<p>Allianz Tower Ata\u015fehir \/ \u0130stanbul<\/p>\t\t\t\t\t\t\t\t<\/div>\n\t\t\t\t<\/div>\n\t\t\t\t<section class=\"elementor-section elementor-inner-section elementor-element elementor-element-2670988 elementor-section-boxed elementor-section-height-default elementor-section-height-default\" data-id=\"2670988\" data-element_type=\"section\">\n\t\t\t\t\t\t<div class=\"elementor-container elementor-column-gap-default\">\n\t\t\t\t\t<div class=\"elementor-column elementor-col-50 elementor-inner-column elementor-element elementor-element-95680a9\" data-id=\"95680a9\" data-element_type=\"column\">\n\t\t\t<div class=\"elementor-widget-wrap elementor-element-populated\">\n\t\t\t\t\t\t<div class=\"elementor-element elementor-element-cdd4651 elementor-position-left elementor-view-default elementor-mobile-position-top elementor-widget elementor-widget-icon-box\" data-id=\"cdd4651\" data-element_type=\"widget\" data-widget_type=\"icon-box.default\">\n\t\t\t\t<div class=\"elementor-widget-container\">\n\t\t\t\t\t\t\t<div class=\"elementor-icon-box-wrapper\">\n\n\t\t\t\t\t\t<div class=\"elementor-icon-box-icon\">\n\t\t\t\t<span  class=\"elementor-icon\">\n\t\t\t\t<i aria-hidden=\"true\" class=\"fas fa-phone-alt\"><\/i>\t\t\t\t<\/span>\n\t\t\t<\/div>\n\t\t\t\n\t\t\t\t\t\t<div class=\"elementor-icon-box-content\">\n\n\t\t\t\t\n\t\t\t\t\t\t\t\t\t<p class=\"elementor-icon-box-description\">\n\t\t\t\t\t\t0216 651 53 00 <br>\n0216 651 05 00 <br>\n0216 651 03 85\t\t\t\t\t<\/p>\n\t\t\t\t\n\t\t\t<\/div>\n\t\t\t\n\t\t<\/div>\n\t\t\t\t\t\t<\/div>\n\t\t\t\t<\/div>\n\t\t\t\t\t<\/div>\n\t\t<\/div>\n\t\t\t\t<div class=\"elementor-column elementor-col-50 elementor-inner-column elementor-element elementor-element-dc610a1\" data-id=\"dc610a1\" data-element_type=\"column\">\n\t\t\t<div class=\"elementor-widget-wrap elementor-element-populated\">\n\t\t\t\t\t\t<div class=\"elementor-element elementor-element-40a8550 elementor-position-left elementor-vertical-align-top elementor-widget elementor-widget-image-box\" data-id=\"40a8550\" data-element_type=\"widget\" data-widget_type=\"image-box.default\">\n\t\t\t\t<div class=\"elementor-widget-container\">\n\t\t\t\t\t<div class=\"elementor-image-box-wrapper\"><figure class=\"elementor-image-box-img\"><img decoding=\"async\" width=\"125\" height=\"125\" src=\"https:\/\/cimsa.com.tr\/en\/wp-content\/uploads\/sites\/3\/2022\/08\/Fax.png\" class=\"attachment-full size-full wp-image-8356\" alt=\"\" srcset=\"https:\/\/cimsa.com.tr\/en\/wp-content\/uploads\/sites\/3\/2022\/08\/Fax.png 125w, https:\/\/cimsa.com.tr\/en\/wp-content\/uploads\/sites\/3\/2022\/08\/Fax-100x100.png 100w\" sizes=\"(max-width: 125px) 100vw, 125px\" \/><\/figure><div class=\"elementor-image-box-content\"><p class=\"elementor-image-box-description\">0216 651 14 15<\/p><\/div><\/div>\t\t\t\t<\/div>\n\t\t\t\t<\/div>\n\t\t\t\t\t<\/div>\n\t\t<\/div>\n\t\t\t\t\t<\/div>\n\t\t<\/section>\n\t\t\t\t\t<\/div>\n\t\t<\/div>\n\t\t\t\t<div class=\"elementor-column elementor-col-33 elementor-top-column elementor-element elementor-element-54e3bf3c\" data-id=\"54e3bf3c\" data-element_type=\"column\">\n\t\t\t<div class=\"elementor-widget-wrap\">\n\t\t\t\t\t\t\t<\/div>\n\t\t<\/div>\n\t\t\t\t<div class=\"elementor-column elementor-col-33 elementor-top-column elementor-element elementor-element-41985de\" data-id=\"41985de\" data-element_type=\"column\">\n\t\t\t<div class=\"elementor-widget-wrap elementor-element-populated\">\n\t\t\t\t\t\t<div class=\"elementor-element elementor-element-c8189c3 elementor-widget elementor-widget-image\" data-id=\"c8189c3\" data-element_type=\"widget\" data-widget_type=\"image.default\">\n\t\t\t\t<div class=\"elementor-widget-container\">\n\t\t\t\t\t\t\t\t\t\t\t\t\t\t\t<img fetchpriority=\"high\" decoding=\"async\" width=\"791\" height=\"1024\" src=\"https:\/\/cimsa.com.tr\/en\/wp-content\/uploads\/sites\/3\/2022\/06\/Allianz-Tower-791x1024.jpg\" class=\"attachment-large size-large wp-image-6532\" alt=\"Allianz Tower\" srcset=\"https:\/\/cimsa.com.tr\/en\/wp-content\/uploads\/sites\/3\/2022\/06\/Allianz-Tower-791x1024.jpg 791w, https:\/\/cimsa.com.tr\/en\/wp-content\/uploads\/sites\/3\/2022\/06\/Allianz-Tower-232x300.jpg 232w, https:\/\/cimsa.com.tr\/en\/wp-content\/uploads\/sites\/3\/2022\/06\/Allianz-Tower-768x995.jpg 768w, https:\/\/cimsa.com.tr\/en\/wp-content\/uploads\/sites\/3\/2022\/06\/Allianz-Tower-600x777.jpg 600w, https:\/\/cimsa.com.tr\/en\/wp-content\/uploads\/sites\/3\/2022\/06\/Allianz-Tower.jpg 888w\" sizes=\"(max-width: 791px) 100vw, 791px\" \/>\t\t\t\t\t\t\t\t\t\t\t\t\t\t\t<\/div>\n\t\t\t\t<\/div>\n\t\t\t\t<div class=\"elementor-element elementor-element-55f69aa elementor-hidden-desktop elementor-hidden-mobile elementor-widget elementor-widget-google_maps\" data-id=\"55f69aa\" data-element_type=\"widget\" data-widget_type=\"google_maps.default\">\n\t\t\t\t<div class=\"elementor-widget-container\">\n\t\t\t\t\t\t\t<div class=\"elementor-custom-embed\">\n\t\t\t<iframe loading=\"lazy\"\n\t\t\t\t\tsrc=\"https:\/\/maps.google.com\/maps?q=Allianz%20Tower%20K%C3%BC%C3%A7%C3%BCkbakkalk%C3%B6y%20Mah.%20Kay%C4%B1%C5%9Fda%C4%9F%C4%B1%20Cad.%20No%3A%201%20Kat%3A%2023-24%2C%2034750%20Ata%C5%9Fehir&#038;t=m&#038;z=15&#038;output=embed&#038;iwloc=near\"\n\t\t\t\t\ttitle=\"Allianz Tower K\u00fc\u00e7\u00fckbakkalk\u00f6y Mah. Kay\u0131\u015fda\u011f\u0131 Cad. No: 1 Kat: 23-24, 34750 Ata\u015fehir\"\n\t\t\t\t\taria-label=\"Allianz Tower K\u00fc\u00e7\u00fckbakkalk\u00f6y Mah. Kay\u0131\u015fda\u011f\u0131 Cad. No: 1 Kat: 23-24, 34750 Ata\u015fehir\"\n\t\t\t><\/iframe>\n\t\t<\/div>\n\t\t\t\t\t\t<\/div>\n\t\t\t\t<\/div>\n\t\t\t\t\t<\/div>\n\t\t<\/div>\n\t\t\t\t\t<\/div>\n\t\t<\/section>\n\t\t\t\t<section class=\"elementor-section elementor-top-section elementor-element elementor-element-427a46f7 elementor-hidden-tablet elementor-section-boxed elementor-section-height-default elementor-section-height-default\" data-id=\"427a46f7\" data-element_type=\"section\">\n\t\t\t\t\t\t<div class=\"elementor-container elementor-column-gap-default\">\n\t\t\t\t\t<div class=\"elementor-column elementor-col-100 elementor-top-column elementor-element elementor-element-7de5ae2\" data-id=\"7de5ae2\" data-element_type=\"column\">\n\t\t\t<div class=\"elementor-widget-wrap elementor-element-populated\">\n\t\t\t\t\t\t<div class=\"elementor-element elementor-element-1623dd1d elementor-widget elementor-widget-google_maps\" data-id=\"1623dd1d\" data-element_type=\"widget\" data-widget_type=\"google_maps.default\">\n\t\t\t\t<div class=\"elementor-widget-container\">\n\t\t\t\t\t\t\t<div class=\"elementor-custom-embed\">\n\t\t\t<iframe loading=\"lazy\"\n\t\t\t\t\tsrc=\"https:\/\/maps.google.com\/maps?q=Allianz%20Tower%20K%C3%BC%C3%A7%C3%BCkbakkalk%C3%B6y%20Mah.%20Kay%C4%B1%C5%9Fda%C4%9F%C4%B1%20Cad.%20No%3A%201%20Kat%3A%2023-24%2C%2034750%20Ata%C5%9Fehir&#038;t=m&#038;z=15&#038;output=embed&#038;iwloc=near\"\n\t\t\t\t\ttitle=\"Allianz Tower K\u00fc\u00e7\u00fckbakkalk\u00f6y Mah. Kay\u0131\u015fda\u011f\u0131 Cad. No: 1 Kat: 23-24, 34750 Ata\u015fehir\"\n\t\t\t\t\taria-label=\"Allianz Tower K\u00fc\u00e7\u00fckbakkalk\u00f6y Mah. Kay\u0131\u015fda\u011f\u0131 Cad. No: 1 Kat: 23-24, 34750 Ata\u015fehir\"\n\t\t\t><\/iframe>\n\t\t<\/div>\n\t\t\t\t\t\t<\/div>\n\t\t\t\t<\/div>\n\t\t\t\t\t<\/div>\n\t\t<\/div>\n\t\t\t\t\t<\/div>\n\t\t<\/section>\n\t\t\t\t<\/div>\n\t\t","protected":false},"excerpt":{"rendered":"<p>Contact \u00c7imsa \u00c7imento Sanayi ve Ticaret A.\u015e Headquarters Allianz Tower Ata\u015fehir \/ \u0130stanbul 0216 651 53 00 0216 651 05 00 0216 651 03 85 0216 651 14 15<\/p>\n","protected":false},"author":2,"featured_media":0,"parent":0,"menu_order":0,"comment_status":"closed","ping_status":"closed","template":"","meta":{"_acf_changed":false,"footnotes":""},"class_list":["post-1523","page","type-page","status-publish","hentry"],"acf":[],"yoast_head":"<!-- This site is optimized with the Yoast SEO plugin v26.6 - https:\/\/yoast.com\/wordpress\/plugins\/seo\/ -->\n<title>Contact - \u00c7imsa<\/title>\n<meta name=\"description\" content=\"Get in touch with \u00c7imsa: Contact us for inquiries, support, or more information about our products, services, and operations.\" \/>\n<meta name=\"robots\" content=\"index, follow, max-snippet:-1, max-image-preview:large, max-video-preview:-1\" \/>\n<link rel=\"canonical\" href=\"https:\/\/cimsa.com.tr\/en\/contact\/\" \/>\n<meta property=\"og:locale\" content=\"en_US\" \/>\n<meta property=\"og:type\" content=\"article\" \/>\n<meta property=\"og:title\" content=\"Contact - \u00c7imsa\" \/>\n<meta property=\"og:description\" content=\"Get in touch with \u00c7imsa: Contact us for inquiries, support, or more information about our products, services, and operations.\" \/>\n<meta property=\"og:url\" content=\"https:\/\/cimsa.com.tr\/en\/contact\/\" \/>\n<meta property=\"og:site_name\" content=\"\u00c7imsa\" \/>\n<meta property=\"article:modified_time\" content=\"2025-01-06T21:22:41+00:00\" \/>\n<meta property=\"og:image\" content=\"https:\/\/cimsa.com.tr\/en\/wp-content\/uploads\/sites\/3\/2022\/08\/Fax.png\" \/>\n<meta name=\"twitter:card\" content=\"summary_large_image\" \/>\n<meta name=\"twitter:label1\" content=\"Est. reading time\" \/>\n\t<meta name=\"twitter:data1\" content=\"1 minute\" \/>\n<script type=\"application\/ld+json\" class=\"yoast-schema-graph\">{\"@context\":\"https:\/\/schema.org\",\"@graph\":[{\"@type\":\"WebPage\",\"@id\":\"https:\/\/cimsa.com.tr\/en\/contact\/\",\"url\":\"https:\/\/cimsa.com.tr\/en\/contact\/\",\"name\":\"Contact - \u00c7imsa\",\"isPartOf\":{\"@id\":\"https:\/\/cimsa.com.tr\/en\/#website\"},\"primaryImageOfPage\":{\"@id\":\"https:\/\/cimsa.com.tr\/en\/contact\/#primaryimage\"},\"image\":{\"@id\":\"https:\/\/cimsa.com.tr\/en\/contact\/#primaryimage\"},\"thumbnailUrl\":\"https:\/\/cimsa.com.tr\/en\/wp-content\/uploads\/sites\/3\/2022\/08\/Fax.png\",\"datePublished\":\"2022-02-21T13:53:38+00:00\",\"dateModified\":\"2025-01-06T21:22:41+00:00\",\"description\":\"Get in touch with \u00c7imsa: Contact us for inquiries, support, or more information about our products, services, and operations.\",\"inLanguage\":\"en-US\",\"potentialAction\":[{\"@type\":\"ReadAction\",\"target\":[\"https:\/\/cimsa.com.tr\/en\/contact\/\"]}]},{\"@type\":\"ImageObject\",\"inLanguage\":\"en-US\",\"@id\":\"https:\/\/cimsa.com.tr\/en\/contact\/#primaryimage\",\"url\":\"https:\/\/cimsa.com.tr\/en\/wp-content\/uploads\/sites\/3\/2022\/08\/Fax.png\",\"contentUrl\":\"https:\/\/cimsa.com.tr\/en\/wp-content\/uploads\/sites\/3\/2022\/08\/Fax.png\",\"width\":125,\"height\":125},{\"@type\":\"WebSite\",\"@id\":\"https:\/\/cimsa.com.tr\/en\/#website\",\"url\":\"https:\/\/cimsa.com.tr\/en\/\",\"name\":\"\u00c7imsa\",\"description\":\"Shaping Today for Tomorrow\",\"potentialAction\":[{\"@type\":\"SearchAction\",\"target\":{\"@type\":\"EntryPoint\",\"urlTemplate\":\"https:\/\/cimsa.com.tr\/en\/?s={search_term_string}\"},\"query-input\":{\"@type\":\"PropertyValueSpecification\",\"valueRequired\":true,\"valueName\":\"search_term_string\"}}],\"inLanguage\":\"en-US\"}]}<\/script>\n<!-- \/ Yoast SEO plugin. -->","yoast_head_json":{"title":"Contact - \u00c7imsa","description":"Get in touch with \u00c7imsa: Contact us for inquiries, support, or more information about our products, services, and operations.","robots":{"index":"index","follow":"follow","max-snippet":"max-snippet:-1","max-image-preview":"max-image-preview:large","max-video-preview":"max-video-preview:-1"},"canonical":"https:\/\/cimsa.com.tr\/en\/contact\/","og_locale":"en_US","og_type":"article","og_title":"Contact - \u00c7imsa","og_description":"Get in touch with \u00c7imsa: Contact us for inquiries, support, or more information about our products, services, and operations.","og_url":"https:\/\/cimsa.com.tr\/en\/contact\/","og_site_name":"\u00c7imsa","article_modified_time":"2025-01-06T21:22:41+00:00","og_image":[{"url":"https:\/\/cimsa.com.tr\/en\/wp-content\/uploads\/sites\/3\/2022\/08\/Fax.png","type":"","width":"","height":""}],"twitter_card":"summary_large_image","twitter_misc":{"Est. reading time":"1 minute"},"schema":{"@context":"https:\/\/schema.org","@graph":[{"@type":"WebPage","@id":"https:\/\/cimsa.com.tr\/en\/contact\/","url":"https:\/\/cimsa.com.tr\/en\/contact\/","name":"Contact - \u00c7imsa","isPartOf":{"@id":"https:\/\/cimsa.com.tr\/en\/#website"},"primaryImageOfPage":{"@id":"https:\/\/cimsa.com.tr\/en\/contact\/#primaryimage"},"image":{"@id":"https:\/\/cimsa.com.tr\/en\/contact\/#primaryimage"},"thumbnailUrl":"https:\/\/cimsa.com.tr\/en\/wp-content\/uploads\/sites\/3\/2022\/08\/Fax.png","datePublished":"2022-02-21T13:53:38+00:00","dateModified":"2025-01-06T21:22:41+00:00","description":"Get in touch with \u00c7imsa: Contact us for inquiries, support, or more information about our products, services, and operations.","inLanguage":"en-US","potentialAction":[{"@type":"ReadAction","target":["https:\/\/cimsa.com.tr\/en\/contact\/"]}]},{"@type":"ImageObject","inLanguage":"en-US","@id":"https:\/\/cimsa.com.tr\/en\/contact\/#primaryimage","url":"https:\/\/cimsa.com.tr\/en\/wp-content\/uploads\/sites\/3\/2022\/08\/Fax.png","contentUrl":"https:\/\/cimsa.com.tr\/en\/wp-content\/uploads\/sites\/3\/2022\/08\/Fax.png","width":125,"height":125},{"@type":"WebSite","@id":"https:\/\/cimsa.com.tr\/en\/#website","url":"https:\/\/cimsa.com.tr\/en\/","name":"\u00c7imsa","description":"Shaping Today for Tomorrow","potentialAction":[{"@type":"SearchAction","target":{"@type":"EntryPoint","urlTemplate":"https:\/\/cimsa.com.tr\/en\/?s={search_term_string}"},"query-input":{"@type":"PropertyValueSpecification","valueRequired":true,"valueName":"search_term_string"}}],"inLanguage":"en-US"}]}},"_links":{"self":[{"href":"https:\/\/cimsa.com.tr\/en\/wp-json\/wp\/v2\/pages\/1523","targetHints":{"allow":["GET"]}}],"collection":[{"href":"https:\/\/cimsa.com.tr\/en\/wp-json\/wp\/v2\/pages"}],"about":[{"href":"https:\/\/cimsa.com.tr\/en\/wp-json\/wp\/v2\/types\/page"}],"author":[{"embeddable":true,"href":"https:\/\/cimsa.com.tr\/en\/wp-json\/wp\/v2\/users\/2"}],"replies":[{"embeddable":true,"href":"https:\/\/cimsa.com.tr\/en\/wp-json\/wp\/v2\/comments?post=1523"}],"version-history":[{"count":6,"href":"https:\/\/cimsa.com.tr\/en\/wp-json\/wp\/v2\/pages\/1523\/revisions"}],"predecessor-version":[{"id":9426,"href":"https:\/\/cimsa.com.tr\/en\/wp-json\/wp\/v2\/pages\/1523\/revisions\/9426"}],"wp:attachment":[{"href":"https:\/\/cimsa.com.tr\/en\/wp-json\/wp\/v2\/media?parent=1523"}],"curies":[{"name":"wp","href":"https:\/\/api.w.org\/{rel}","templated":true}]}}