{"id":1296,"date":"2022-02-19T12:57:06","date_gmt":"2022-02-19T12:57:06","guid":{"rendered":"https:\/\/en.atakan.io?page_id=1296"},"modified":"2025-01-06T20:12:21","modified_gmt":"2025-01-06T20:12:21","slug":"mission","status":"publish","type":"page","link":"https:\/\/cimsa.com.tr\/en\/corporate\/mission\/","title":{"rendered":"Our Mission"},"content":{"rendered":"\t\t<div data-elementor-type=\"wp-page\" data-elementor-id=\"1296\" class=\"elementor elementor-1296\" data-elementor-post-type=\"page\">\n\t\t\t\t\t\t<section class=\"elementor-section elementor-top-section elementor-element elementor-element-03605ce elementor-section-boxed elementor-section-height-default elementor-section-height-default\" data-id=\"03605ce\" data-element_type=\"section\">\n\t\t\t\t\t\t<div class=\"elementor-container elementor-column-gap-default\">\n\t\t\t\t\t<div class=\"elementor-column elementor-col-100 elementor-top-column elementor-element elementor-element-5856b02\" data-id=\"5856b02\" data-element_type=\"column\" data-settings=\"{&quot;background_background&quot;:&quot;classic&quot;}\">\n\t\t\t<div class=\"elementor-widget-wrap elementor-element-populated\">\n\t\t\t\t\t<div class=\"elementor-background-overlay\"><\/div>\n\t\t\t\t\t\t<div class=\"elementor-element elementor-element-930c93a elementor-widget elementor-widget-heading\" data-id=\"930c93a\" data-element_type=\"widget\" data-widget_type=\"heading.default\">\n\t\t\t\t<div class=\"elementor-widget-container\">\n\t\t\t\t\t<h1 class=\"elementor-heading-title elementor-size-default\">Corporate<\/h1>\t\t\t\t<\/div>\n\t\t\t\t<\/div>\n\t\t\t\t\t<\/div>\n\t\t<\/div>\n\t\t\t\t\t<\/div>\n\t\t<\/section>\n\t\t\t\t<section class=\"elementor-section elementor-top-section elementor-element elementor-element-3745aa91 elementor-section-boxed elementor-section-height-default elementor-section-height-default\" data-id=\"3745aa91\" data-element_type=\"section\">\n\t\t\t\t\t\t<div class=\"elementor-container elementor-column-gap-default\">\n\t\t\t\t\t<div class=\"elementor-column elementor-col-100 elementor-top-column elementor-element elementor-element-37b6dec9\" data-id=\"37b6dec9\" data-element_type=\"column\">\n\t\t\t<div class=\"elementor-widget-wrap elementor-element-populated\">\n\t\t\t\t\t\t<div class=\"elementor-element elementor-element-33720af3 elementor-nav-menu__align-center elementor-nav-menu--dropdown-none elementor-widget elementor-widget-nav-menu\" data-id=\"33720af3\" data-element_type=\"widget\" data-settings=\"{&quot;layout&quot;:&quot;horizontal&quot;,&quot;submenu_icon&quot;:{&quot;value&quot;:&quot;&lt;i class=\\&quot;fas fa-caret-down\\&quot; aria-hidden=\\&quot;true\\&quot;&gt;&lt;\\\/i&gt;&quot;,&quot;library&quot;:&quot;fa-solid&quot;}}\" data-widget_type=\"nav-menu.default\">\n\t\t\t\t<div class=\"elementor-widget-container\">\n\t\t\t\t\t\t\t\t<nav aria-label=\"Menu\" class=\"elementor-nav-menu--main elementor-nav-menu__container elementor-nav-menu--layout-horizontal e--pointer-underline e--animation-fade\">\n\t\t\t\t<ul id=\"menu-1-33720af3\" class=\"elementor-nav-menu\"><li class=\"menu-item menu-item-type-post_type menu-item-object-page menu-item-1284\"><a href=\"https:\/\/cimsa.com.tr\/en\/corporate\/about-cimsa\/\" class=\"elementor-item\">About Cimsa<\/a><\/li>\n<li class=\"menu-item menu-item-type-post_type menu-item-object-page menu-item-1302\"><a href=\"https:\/\/cimsa.com.tr\/en\/corporate\/mission\/\" class=\"elementor-item\">Mission and Vision<\/a><\/li>\n<li class=\"menu-item menu-item-type-post_type menu-item-object-page menu-item-1327\"><a href=\"https:\/\/cimsa.com.tr\/en\/corporate\/board-members-and-upper-management\/\" class=\"elementor-item\">Board Members<\/a><\/li>\n<li class=\"menu-item menu-item-type-custom menu-item-object-custom menu-item-1332\"><a href=\"https:\/\/cimsa.com.tr\/en\/\/corporate\/board-members-and-upper-management\/#ustyonetim\" class=\"elementor-item elementor-item-anchor\">Upper Management<\/a><\/li>\n<li class=\"menu-item menu-item-type-post_type menu-item-object-page menu-item-3192\"><a href=\"https:\/\/cimsa.com.tr\/en\/corporate\/our-partners-and-memberships\/\" class=\"elementor-item\">Our Partners and Memberships<\/a><\/li>\n<li class=\"menu-item menu-item-type-post_type menu-item-object-page menu-item-1315\"><a href=\"https:\/\/cimsa.com.tr\/en\/corporate\/social-responsibility\/\" class=\"elementor-item\">Social Responsibility<\/a><\/li>\n<\/ul>\t\t\t<\/nav>\n\t\t\t\t\t\t<nav class=\"elementor-nav-menu--dropdown elementor-nav-menu__container\" aria-hidden=\"true\">\n\t\t\t\t<ul id=\"menu-2-33720af3\" class=\"elementor-nav-menu\"><li class=\"menu-item menu-item-type-post_type menu-item-object-page menu-item-1284\"><a href=\"https:\/\/cimsa.com.tr\/en\/corporate\/about-cimsa\/\" class=\"elementor-item\" tabindex=\"-1\">About Cimsa<\/a><\/li>\n<li class=\"menu-item menu-item-type-post_type menu-item-object-page menu-item-1302\"><a href=\"https:\/\/cimsa.com.tr\/en\/corporate\/mission\/\" class=\"elementor-item\" tabindex=\"-1\">Mission and Vision<\/a><\/li>\n<li class=\"menu-item menu-item-type-post_type menu-item-object-page menu-item-1327\"><a href=\"https:\/\/cimsa.com.tr\/en\/corporate\/board-members-and-upper-management\/\" class=\"elementor-item\" tabindex=\"-1\">Board Members<\/a><\/li>\n<li class=\"menu-item menu-item-type-custom menu-item-object-custom menu-item-1332\"><a href=\"https:\/\/cimsa.com.tr\/en\/\/corporate\/board-members-and-upper-management\/#ustyonetim\" class=\"elementor-item elementor-item-anchor\" tabindex=\"-1\">Upper Management<\/a><\/li>\n<li class=\"menu-item menu-item-type-post_type menu-item-object-page menu-item-3192\"><a href=\"https:\/\/cimsa.com.tr\/en\/corporate\/our-partners-and-memberships\/\" class=\"elementor-item\" tabindex=\"-1\">Our Partners and Memberships<\/a><\/li>\n<li class=\"menu-item menu-item-type-post_type menu-item-object-page menu-item-1315\"><a href=\"https:\/\/cimsa.com.tr\/en\/corporate\/social-responsibility\/\" class=\"elementor-item\" tabindex=\"-1\">Social Responsibility<\/a><\/li>\n<\/ul>\t\t\t<\/nav>\n\t\t\t\t\t\t<\/div>\n\t\t\t\t<\/div>\n\t\t\t\t\t<\/div>\n\t\t<\/div>\n\t\t\t\t\t<\/div>\n\t\t<\/section>\n\t\t\t\t<section class=\"elementor-section elementor-top-section elementor-element elementor-element-47d01b4 elementor-section-boxed elementor-section-height-default elementor-section-height-default\" data-id=\"47d01b4\" data-element_type=\"section\">\n\t\t\t\t\t\t<div class=\"elementor-container elementor-column-gap-default\">\n\t\t\t\t\t<div class=\"elementor-column elementor-col-50 elementor-top-column elementor-element elementor-element-51f7bf1\" data-id=\"51f7bf1\" data-element_type=\"column\">\n\t\t\t<div class=\"elementor-widget-wrap elementor-element-populated\">\n\t\t\t\t\t\t<div class=\"elementor-element elementor-element-ab2af87 elementor-widget elementor-widget-heading\" data-id=\"ab2af87\" data-element_type=\"widget\" data-widget_type=\"heading.default\">\n\t\t\t\t<div class=\"elementor-widget-container\">\n\t\t\t\t\t<h2 class=\"elementor-heading-title elementor-size-default\">Mission<\/h2>\t\t\t\t<\/div>\n\t\t\t\t<\/div>\n\t\t\t\t<div class=\"elementor-element elementor-element-475e7ea elementor-widget elementor-widget-text-editor\" data-id=\"475e7ea\" data-element_type=\"widget\" data-widget_type=\"text-editor.default\">\n\t\t\t\t<div class=\"elementor-widget-container\">\n\t\t\t\t\t\t\t\t\t<p>\u00c7imsa is one of the national brands of the Sabanc\u0131 Group. We have been creating value for society, the environment and the national economy, as well shaping the future for future generations for 50 years.<span class=\"Apple-converted-space\">\u00a0<\/span><\/p><p>Our journey began in Mersin in 1972 and continued with success in Turkey and abroad. As a cement and building materials company, we sell our wide range of products in Turkey as well as many countries abroad. Thanks to our market-oriented approach and extensive distribution network, we closely follow the technological and scientific developments in the industry, develop innovative products and offer tailor-made solutions to meet the various requirements of our customers.<span class=\"Apple-converted-space\">\u00a0<\/span><\/p><p>In today&#8217;s world, where ways of doing business are changing and new economic models are emerging, we constantly develop our innovative operations that create a difference in the industry.<span class=\"Apple-converted-space\">\u00a0 <\/span>We continuously evaluate the opportunities created as a result of the changes in the conditions of the competition as well as in customer expectations. We invest in these opportunities for bettering living spaces and necessary infrastructure that the future generations will require. We take responsibility for the future as we do for today.<\/p>\t\t\t\t\t\t\t\t<\/div>\n\t\t\t\t<\/div>\n\t\t\t\t\t<\/div>\n\t\t<\/div>\n\t\t\t\t<div class=\"elementor-column elementor-col-50 elementor-top-column elementor-element elementor-element-d46ff8d\" data-id=\"d46ff8d\" data-element_type=\"column\" data-settings=\"{&quot;background_background&quot;:&quot;classic&quot;}\">\n\t\t\t<div class=\"elementor-widget-wrap elementor-element-populated\">\n\t\t\t\t\t<div class=\"elementor-background-overlay\"><\/div>\n\t\t\t\t\t\t<div class=\"elementor-element elementor-element-bdb7b22 elementor-widget elementor-widget-image\" data-id=\"bdb7b22\" data-element_type=\"widget\" data-widget_type=\"image.default\">\n\t\t\t\t<div class=\"elementor-widget-container\">\n\t\t\t\t\t\t\t\t\t\t\t\t\t\t\t<img decoding=\"async\" src=\"https:\/\/cimsa.com.tr\/en\/wp-content\/uploads\/sites\/3\/elementor\/thumbs\/1.5.3-Dusuk-Alkali-Cimento-scaled-q6zgdsakb4o0lps2xaq5n6ekpi60pg4jysqj5ribvc.jpg\" title=\"1.5.3 D\u00fc\u015f\u00fck Alkali \u00c7imento\" alt=\"misyon\" class=\"elementor-animation-bob\" loading=\"lazy\" \/>\t\t\t\t\t\t\t\t\t\t\t\t\t\t\t<\/div>\n\t\t\t\t<\/div>\n\t\t\t\t\t<\/div>\n\t\t<\/div>\n\t\t\t\t\t<\/div>\n\t\t<\/section>\n\t\t\t\t<section class=\"elementor-section elementor-top-section elementor-element elementor-element-1f1e755 elementor-reverse-mobile elementor-section-boxed elementor-section-height-default elementor-section-height-default\" data-id=\"1f1e755\" data-element_type=\"section\">\n\t\t\t\t\t\t<div class=\"elementor-container elementor-column-gap-default\">\n\t\t\t\t\t<div class=\"elementor-column elementor-col-50 elementor-top-column elementor-element elementor-element-3dfab36\" data-id=\"3dfab36\" data-element_type=\"column\" data-settings=\"{&quot;background_background&quot;:&quot;classic&quot;}\">\n\t\t\t<div class=\"elementor-widget-wrap elementor-element-populated\">\n\t\t\t\t\t<div class=\"elementor-background-overlay\"><\/div>\n\t\t\t\t\t\t<div class=\"elementor-element elementor-element-ba935ed elementor-widget elementor-widget-image\" data-id=\"ba935ed\" data-element_type=\"widget\" data-widget_type=\"image.default\">\n\t\t\t\t<div class=\"elementor-widget-container\">\n\t\t\t\t\t\t\t\t\t\t\t\t\t\t\t<img decoding=\"async\" src=\"https:\/\/cimsa.com.tr\/en\/wp-content\/uploads\/sites\/3\/elementor\/thumbs\/vizyon-q6zgdsahvf3y0xqm5z59cyvv67kn66gru395p3ougw.jpg\" title=\"vizyon\" alt=\"vizyon\" class=\"elementor-animation-bob\" loading=\"lazy\" \/>\t\t\t\t\t\t\t\t\t\t\t\t\t\t\t<\/div>\n\t\t\t\t<\/div>\n\t\t\t\t\t<\/div>\n\t\t<\/div>\n\t\t\t\t<div class=\"elementor-column elementor-col-50 elementor-top-column elementor-element elementor-element-14b4e59\" data-id=\"14b4e59\" data-element_type=\"column\">\n\t\t\t<div class=\"elementor-widget-wrap elementor-element-populated\">\n\t\t\t\t\t\t<div class=\"elementor-element elementor-element-e9cd77e elementor-widget elementor-widget-heading\" data-id=\"e9cd77e\" data-element_type=\"widget\" id=\"misyon\" data-widget_type=\"heading.default\">\n\t\t\t\t<div class=\"elementor-widget-container\">\n\t\t\t\t\t<h2 class=\"elementor-heading-title elementor-size-default\">Vision<\/h2>\t\t\t\t<\/div>\n\t\t\t\t<\/div>\n\t\t\t\t<div class=\"elementor-element elementor-element-4405d70 elementor-widget elementor-widget-text-editor\" data-id=\"4405d70\" data-element_type=\"widget\" data-widget_type=\"text-editor.default\">\n\t\t\t\t<div class=\"elementor-widget-container\">\n\t\t\t\t\t\t\t\t\t<p>We make a difference with our flexible business model, inclusive principles and innovative employees through common values. Our goal is to improve our leading position in the industry.<span class=\"Apple-converted-space\">\u00a0<\/span><\/p><p>Our common values consist of transparency, trust, responsibility to people and the environment, as well as guaranteeing the satisfaction of our customers and employees.<span class=\"Apple-converted-space\">\u00a0<\/span><\/p><p>In order to play our part in the global economy, we put efforts to achieve sustainable development and fulfill the requirements of green transformation. Our sustainability goals include carbon footprint reduction, cost optimization, energy efficiency, and environmentally-friendly products.<span class=\"Apple-converted-space\">\u00a0<\/span><\/p><p>Our goal is to become a global cement and building materials company that pioneers in the sector with our innovations. We constantly improve via R&amp;D and digital transformation, with the goal of sustainability and tackling climate change.<\/p><p>While celebrating our 50<sup>th<\/sup> anniversary, we, at \u00c7imsa, sincerely believe in our vision and promise to put all our efforts to realize it.<\/p>\t\t\t\t\t\t\t\t<\/div>\n\t\t\t\t<\/div>\n\t\t\t\t\t<\/div>\n\t\t<\/div>\n\t\t\t\t\t<\/div>\n\t\t<\/section>\n\t\t\t\t<\/div>\n\t\t","protected":false},"excerpt":{"rendered":"<p>Corporate Mission \u00c7imsa is one of the national brands of the Sabanc\u0131 Group. We have been creating value for society, the environment and the national economy, as well shaping the future for future generations for 50 years.\u00a0 Our journey began in Mersin in 1972 and continued with success in Turkey and abroad. As a cement [&hellip;]<\/p>\n","protected":false},"author":2,"featured_media":8097,"parent":7762,"menu_order":0,"comment_status":"closed","ping_status":"closed","template":"","meta":{"_acf_changed":false,"footnotes":""},"class_list":["post-1296","page","type-page","status-publish","has-post-thumbnail","hentry"],"acf":[],"yoast_head":"<!-- This site is optimized with the Yoast SEO plugin v26.6 - https:\/\/yoast.com\/wordpress\/plugins\/seo\/ -->\n<title>Our Mission - \u00c7imsa<\/title>\n<meta name=\"description\" content=\"Mission and Vision: Learn about \u00c7imsa\u2019s innovative solutions, industry leadership goals, and commitment to creating a sustainable future.\" \/>\n<meta name=\"robots\" content=\"index, follow, max-snippet:-1, max-image-preview:large, max-video-preview:-1\" \/>\n<link rel=\"canonical\" href=\"https:\/\/cimsa.com.tr\/en\/corporate\/mission\/\" \/>\n<meta property=\"og:locale\" content=\"en_US\" \/>\n<meta property=\"og:type\" content=\"article\" \/>\n<meta property=\"og:title\" content=\"Our Mission - \u00c7imsa\" \/>\n<meta property=\"og:description\" content=\"Mission and Vision: Learn about \u00c7imsa\u2019s innovative solutions, industry leadership goals, and commitment to creating a sustainable future.\" \/>\n<meta property=\"og:url\" content=\"https:\/\/cimsa.com.tr\/en\/corporate\/mission\/\" \/>\n<meta property=\"og:site_name\" content=\"\u00c7imsa\" \/>\n<meta property=\"article:modified_time\" content=\"2025-01-06T20:12:21+00:00\" \/>\n<meta property=\"og:image\" content=\"https:\/\/cimsa.com.tr\/en\/wp-content\/uploads\/sites\/3\/2022\/08\/cimsa-logo.jpg\" \/>\n\t<meta property=\"og:image:width\" content=\"800\" \/>\n\t<meta property=\"og:image:height\" content=\"800\" \/>\n\t<meta property=\"og:image:type\" content=\"image\/jpeg\" \/>\n<meta name=\"twitter:card\" content=\"summary_large_image\" \/>\n<meta name=\"twitter:label1\" content=\"Est. reading time\" \/>\n\t<meta name=\"twitter:data1\" content=\"3 minutes\" \/>\n<script type=\"application\/ld+json\" class=\"yoast-schema-graph\">{\"@context\":\"https:\/\/schema.org\",\"@graph\":[{\"@type\":\"WebPage\",\"@id\":\"https:\/\/cimsa.com.tr\/en\/corporate\/mission\/\",\"url\":\"https:\/\/cimsa.com.tr\/en\/corporate\/mission\/\",\"name\":\"Our Mission - \u00c7imsa\",\"isPartOf\":{\"@id\":\"https:\/\/cimsa.com.tr\/en\/#website\"},\"primaryImageOfPage\":{\"@id\":\"https:\/\/cimsa.com.tr\/en\/corporate\/mission\/#primaryimage\"},\"image\":{\"@id\":\"https:\/\/cimsa.com.tr\/en\/corporate\/mission\/#primaryimage\"},\"thumbnailUrl\":\"https:\/\/cimsa.com.tr\/en\/wp-content\/uploads\/sites\/3\/2022\/08\/cimsa-logo.jpg\",\"datePublished\":\"2022-02-19T12:57:06+00:00\",\"dateModified\":\"2025-01-06T20:12:21+00:00\",\"description\":\"Mission and Vision: Learn about \u00c7imsa\u2019s innovative solutions, industry leadership goals, and commitment to creating a sustainable future.\",\"breadcrumb\":{\"@id\":\"https:\/\/cimsa.com.tr\/en\/corporate\/mission\/#breadcrumb\"},\"inLanguage\":\"en-US\",\"potentialAction\":[{\"@type\":\"ReadAction\",\"target\":[\"https:\/\/cimsa.com.tr\/en\/corporate\/mission\/\"]}]},{\"@type\":\"ImageObject\",\"inLanguage\":\"en-US\",\"@id\":\"https:\/\/cimsa.com.tr\/en\/corporate\/mission\/#primaryimage\",\"url\":\"https:\/\/cimsa.com.tr\/en\/wp-content\/uploads\/sites\/3\/2022\/08\/cimsa-logo.jpg\",\"contentUrl\":\"https:\/\/cimsa.com.tr\/en\/wp-content\/uploads\/sites\/3\/2022\/08\/cimsa-logo.jpg\",\"width\":800,\"height\":800},{\"@type\":\"BreadcrumbList\",\"@id\":\"https:\/\/cimsa.com.tr\/en\/corporate\/mission\/#breadcrumb\",\"itemListElement\":[{\"@type\":\"ListItem\",\"position\":1,\"name\":\"Corporate\",\"item\":\"https:\/\/cimsa.com.tr\/en\/corporate\/\"},{\"@type\":\"ListItem\",\"position\":2,\"name\":\"Our Mission\"}]},{\"@type\":\"WebSite\",\"@id\":\"https:\/\/cimsa.com.tr\/en\/#website\",\"url\":\"https:\/\/cimsa.com.tr\/en\/\",\"name\":\"\u00c7imsa\",\"description\":\"Shaping Today for Tomorrow\",\"potentialAction\":[{\"@type\":\"SearchAction\",\"target\":{\"@type\":\"EntryPoint\",\"urlTemplate\":\"https:\/\/cimsa.com.tr\/en\/?s={search_term_string}\"},\"query-input\":{\"@type\":\"PropertyValueSpecification\",\"valueRequired\":true,\"valueName\":\"search_term_string\"}}],\"inLanguage\":\"en-US\"}]}<\/script>\n<!-- \/ Yoast SEO plugin. -->","yoast_head_json":{"title":"Our Mission - \u00c7imsa","description":"Mission and Vision: Learn about \u00c7imsa\u2019s innovative solutions, industry leadership goals, and commitment to creating a sustainable future.","robots":{"index":"index","follow":"follow","max-snippet":"max-snippet:-1","max-image-preview":"max-image-preview:large","max-video-preview":"max-video-preview:-1"},"canonical":"https:\/\/cimsa.com.tr\/en\/corporate\/mission\/","og_locale":"en_US","og_type":"article","og_title":"Our Mission - \u00c7imsa","og_description":"Mission and Vision: Learn about \u00c7imsa\u2019s innovative solutions, industry leadership goals, and commitment to creating a sustainable future.","og_url":"https:\/\/cimsa.com.tr\/en\/corporate\/mission\/","og_site_name":"\u00c7imsa","article_modified_time":"2025-01-06T20:12:21+00:00","og_image":[{"width":800,"height":800,"url":"https:\/\/cimsa.com.tr\/en\/wp-content\/uploads\/sites\/3\/2022\/08\/cimsa-logo.jpg","type":"image\/jpeg"}],"twitter_card":"summary_large_image","twitter_misc":{"Est. reading time":"3 minutes"},"schema":{"@context":"https:\/\/schema.org","@graph":[{"@type":"WebPage","@id":"https:\/\/cimsa.com.tr\/en\/corporate\/mission\/","url":"https:\/\/cimsa.com.tr\/en\/corporate\/mission\/","name":"Our Mission - \u00c7imsa","isPartOf":{"@id":"https:\/\/cimsa.com.tr\/en\/#website"},"primaryImageOfPage":{"@id":"https:\/\/cimsa.com.tr\/en\/corporate\/mission\/#primaryimage"},"image":{"@id":"https:\/\/cimsa.com.tr\/en\/corporate\/mission\/#primaryimage"},"thumbnailUrl":"https:\/\/cimsa.com.tr\/en\/wp-content\/uploads\/sites\/3\/2022\/08\/cimsa-logo.jpg","datePublished":"2022-02-19T12:57:06+00:00","dateModified":"2025-01-06T20:12:21+00:00","description":"Mission and Vision: Learn about \u00c7imsa\u2019s innovative solutions, industry leadership goals, and commitment to creating a sustainable future.","breadcrumb":{"@id":"https:\/\/cimsa.com.tr\/en\/corporate\/mission\/#breadcrumb"},"inLanguage":"en-US","potentialAction":[{"@type":"ReadAction","target":["https:\/\/cimsa.com.tr\/en\/corporate\/mission\/"]}]},{"@type":"ImageObject","inLanguage":"en-US","@id":"https:\/\/cimsa.com.tr\/en\/corporate\/mission\/#primaryimage","url":"https:\/\/cimsa.com.tr\/en\/wp-content\/uploads\/sites\/3\/2022\/08\/cimsa-logo.jpg","contentUrl":"https:\/\/cimsa.com.tr\/en\/wp-content\/uploads\/sites\/3\/2022\/08\/cimsa-logo.jpg","width":800,"height":800},{"@type":"BreadcrumbList","@id":"https:\/\/cimsa.com.tr\/en\/corporate\/mission\/#breadcrumb","itemListElement":[{"@type":"ListItem","position":1,"name":"Corporate","item":"https:\/\/cimsa.com.tr\/en\/corporate\/"},{"@type":"ListItem","position":2,"name":"Our Mission"}]},{"@type":"WebSite","@id":"https:\/\/cimsa.com.tr\/en\/#website","url":"https:\/\/cimsa.com.tr\/en\/","name":"\u00c7imsa","description":"Shaping Today for Tomorrow","potentialAction":[{"@type":"SearchAction","target":{"@type":"EntryPoint","urlTemplate":"https:\/\/cimsa.com.tr\/en\/?s={search_term_string}"},"query-input":{"@type":"PropertyValueSpecification","valueRequired":true,"valueName":"search_term_string"}}],"inLanguage":"en-US"}]}},"_links":{"self":[{"href":"https:\/\/cimsa.com.tr\/en\/wp-json\/wp\/v2\/pages\/1296","targetHints":{"allow":["GET"]}}],"collection":[{"href":"https:\/\/cimsa.com.tr\/en\/wp-json\/wp\/v2\/pages"}],"about":[{"href":"https:\/\/cimsa.com.tr\/en\/wp-json\/wp\/v2\/types\/page"}],"author":[{"embeddable":true,"href":"https:\/\/cimsa.com.tr\/en\/wp-json\/wp\/v2\/users\/2"}],"replies":[{"embeddable":true,"href":"https:\/\/cimsa.com.tr\/en\/wp-json\/wp\/v2\/comments?post=1296"}],"version-history":[{"count":1,"href":"https:\/\/cimsa.com.tr\/en\/wp-json\/wp\/v2\/pages\/1296\/revisions"}],"predecessor-version":[{"id":12154,"href":"https:\/\/cimsa.com.tr\/en\/wp-json\/wp\/v2\/pages\/1296\/revisions\/12154"}],"up":[{"embeddable":true,"href":"https:\/\/cimsa.com.tr\/en\/wp-json\/wp\/v2\/pages\/7762"}],"wp:featuredmedia":[{"embeddable":true,"href":"https:\/\/cimsa.com.tr\/en\/wp-json\/wp\/v2\/media\/8097"}],"wp:attachment":[{"href":"https:\/\/cimsa.com.tr\/en\/wp-json\/wp\/v2\/media?parent=1296"}],"curies":[{"name":"wp","href":"https:\/\/api.w.org\/{rel}","templated":true}]}}