{"id":1274,"date":"2022-02-19T12:33:02","date_gmt":"2022-02-19T12:33:02","guid":{"rendered":"https:\/\/en.atakan.io?page_id=1274"},"modified":"2025-01-06T20:11:08","modified_gmt":"2025-01-06T20:11:08","slug":"about-cimsa","status":"publish","type":"page","link":"https:\/\/cimsa.com.tr\/en\/corporate\/about-cimsa\/","title":{"rendered":"About Cimsa"},"content":{"rendered":"\t\t<div data-elementor-type=\"wp-page\" data-elementor-id=\"1274\" class=\"elementor elementor-1274\" data-elementor-post-type=\"page\">\n\t\t\t\t\t\t<section class=\"elementor-section elementor-top-section elementor-element elementor-element-03605ce elementor-section-boxed elementor-section-height-default elementor-section-height-default\" data-id=\"03605ce\" data-element_type=\"section\">\n\t\t\t\t\t\t<div class=\"elementor-container elementor-column-gap-default\">\n\t\t\t\t\t<div class=\"elementor-column elementor-col-100 elementor-top-column elementor-element elementor-element-5856b02\" data-id=\"5856b02\" data-element_type=\"column\" data-settings=\"{&quot;background_background&quot;:&quot;classic&quot;}\">\n\t\t\t<div class=\"elementor-widget-wrap elementor-element-populated\">\n\t\t\t\t\t<div class=\"elementor-background-overlay\"><\/div>\n\t\t\t\t\t\t<div class=\"elementor-element elementor-element-930c93a elementor-widget elementor-widget-heading\" data-id=\"930c93a\" data-element_type=\"widget\" data-widget_type=\"heading.default\">\n\t\t\t\t<div class=\"elementor-widget-container\">\n\t\t\t\t\t<h1 class=\"elementor-heading-title elementor-size-default\">Corporate<\/h1>\t\t\t\t<\/div>\n\t\t\t\t<\/div>\n\t\t\t\t\t<\/div>\n\t\t<\/div>\n\t\t\t\t\t<\/div>\n\t\t<\/section>\n\t\t\t\t<section class=\"elementor-section elementor-top-section elementor-element elementor-element-63493407 elementor-section-boxed elementor-section-height-default elementor-section-height-default\" data-id=\"63493407\" data-element_type=\"section\">\n\t\t\t\t\t\t<div class=\"elementor-container elementor-column-gap-default\">\n\t\t\t\t\t<div class=\"elementor-column elementor-col-100 elementor-top-column elementor-element elementor-element-5d303448\" data-id=\"5d303448\" data-element_type=\"column\">\n\t\t\t<div class=\"elementor-widget-wrap elementor-element-populated\">\n\t\t\t\t\t\t<div class=\"elementor-element elementor-element-1b9fd93f elementor-nav-menu__align-center elementor-nav-menu--dropdown-none elementor-widget elementor-widget-nav-menu\" data-id=\"1b9fd93f\" data-element_type=\"widget\" data-settings=\"{&quot;layout&quot;:&quot;horizontal&quot;,&quot;submenu_icon&quot;:{&quot;value&quot;:&quot;&lt;i class=\\&quot;fas fa-caret-down\\&quot; aria-hidden=\\&quot;true\\&quot;&gt;&lt;\\\/i&gt;&quot;,&quot;library&quot;:&quot;fa-solid&quot;}}\" data-widget_type=\"nav-menu.default\">\n\t\t\t\t<div class=\"elementor-widget-container\">\n\t\t\t\t\t\t\t\t<nav aria-label=\"Menu\" class=\"elementor-nav-menu--main elementor-nav-menu__container elementor-nav-menu--layout-horizontal e--pointer-underline e--animation-fade\">\n\t\t\t\t<ul id=\"menu-1-1b9fd93f\" class=\"elementor-nav-menu\"><li class=\"menu-item menu-item-type-post_type menu-item-object-page menu-item-1284\"><a href=\"https:\/\/cimsa.com.tr\/en\/corporate\/about-cimsa\/\" class=\"elementor-item\">About Cimsa<\/a><\/li>\n<li class=\"menu-item menu-item-type-post_type menu-item-object-page menu-item-1302\"><a href=\"https:\/\/cimsa.com.tr\/en\/corporate\/mission\/\" class=\"elementor-item\">Mission and Vision<\/a><\/li>\n<li class=\"menu-item menu-item-type-post_type menu-item-object-page menu-item-1327\"><a href=\"https:\/\/cimsa.com.tr\/en\/corporate\/board-members-and-upper-management\/\" class=\"elementor-item\">Board Members<\/a><\/li>\n<li class=\"menu-item menu-item-type-custom menu-item-object-custom menu-item-1332\"><a href=\"https:\/\/cimsa.com.tr\/en\/\/corporate\/board-members-and-upper-management\/#ustyonetim\" class=\"elementor-item elementor-item-anchor\">Upper Management<\/a><\/li>\n<li class=\"menu-item menu-item-type-post_type menu-item-object-page menu-item-3192\"><a href=\"https:\/\/cimsa.com.tr\/en\/corporate\/our-partners-and-memberships\/\" class=\"elementor-item\">Our Partners and Memberships<\/a><\/li>\n<li class=\"menu-item menu-item-type-post_type menu-item-object-page menu-item-1315\"><a href=\"https:\/\/cimsa.com.tr\/en\/corporate\/social-responsibility\/\" class=\"elementor-item\">Social Responsibility<\/a><\/li>\n<\/ul>\t\t\t<\/nav>\n\t\t\t\t\t\t<nav class=\"elementor-nav-menu--dropdown elementor-nav-menu__container\" aria-hidden=\"true\">\n\t\t\t\t<ul id=\"menu-2-1b9fd93f\" class=\"elementor-nav-menu\"><li class=\"menu-item menu-item-type-post_type menu-item-object-page menu-item-1284\"><a href=\"https:\/\/cimsa.com.tr\/en\/corporate\/about-cimsa\/\" class=\"elementor-item\" tabindex=\"-1\">About Cimsa<\/a><\/li>\n<li class=\"menu-item menu-item-type-post_type menu-item-object-page menu-item-1302\"><a href=\"https:\/\/cimsa.com.tr\/en\/corporate\/mission\/\" class=\"elementor-item\" tabindex=\"-1\">Mission and Vision<\/a><\/li>\n<li class=\"menu-item menu-item-type-post_type menu-item-object-page menu-item-1327\"><a href=\"https:\/\/cimsa.com.tr\/en\/corporate\/board-members-and-upper-management\/\" class=\"elementor-item\" tabindex=\"-1\">Board Members<\/a><\/li>\n<li class=\"menu-item menu-item-type-custom menu-item-object-custom menu-item-1332\"><a href=\"https:\/\/cimsa.com.tr\/en\/\/corporate\/board-members-and-upper-management\/#ustyonetim\" class=\"elementor-item elementor-item-anchor\" tabindex=\"-1\">Upper Management<\/a><\/li>\n<li class=\"menu-item menu-item-type-post_type menu-item-object-page menu-item-3192\"><a href=\"https:\/\/cimsa.com.tr\/en\/corporate\/our-partners-and-memberships\/\" class=\"elementor-item\" tabindex=\"-1\">Our Partners and Memberships<\/a><\/li>\n<li class=\"menu-item menu-item-type-post_type menu-item-object-page menu-item-1315\"><a href=\"https:\/\/cimsa.com.tr\/en\/corporate\/social-responsibility\/\" class=\"elementor-item\" tabindex=\"-1\">Social Responsibility<\/a><\/li>\n<\/ul>\t\t\t<\/nav>\n\t\t\t\t\t\t<\/div>\n\t\t\t\t<\/div>\n\t\t\t\t\t<\/div>\n\t\t<\/div>\n\t\t\t\t\t<\/div>\n\t\t<\/section>\n\t\t\t\t<section class=\"elementor-section elementor-top-section elementor-element elementor-element-47d01b4 elementor-section-boxed elementor-section-height-default elementor-section-height-default\" data-id=\"47d01b4\" data-element_type=\"section\">\n\t\t\t\t\t\t<div class=\"elementor-container elementor-column-gap-default\">\n\t\t\t\t\t<div class=\"elementor-column elementor-col-50 elementor-top-column elementor-element elementor-element-51f7bf1\" data-id=\"51f7bf1\" data-element_type=\"column\">\n\t\t\t<div class=\"elementor-widget-wrap elementor-element-populated\">\n\t\t\t\t\t\t<div class=\"elementor-element elementor-element-99a7a31 elementor-widget elementor-widget-heading\" data-id=\"99a7a31\" data-element_type=\"widget\" data-widget_type=\"heading.default\">\n\t\t\t\t<div class=\"elementor-widget-container\">\n\t\t\t\t\t<h2 class=\"elementor-heading-title elementor-size-default\">About \u00c7imsa <\/h2>\t\t\t\t<\/div>\n\t\t\t\t<\/div>\n\t\t\t\t<div class=\"elementor-element elementor-element-475e7ea elementor-widget elementor-widget-text-editor\" data-id=\"475e7ea\" data-element_type=\"widget\" data-widget_type=\"text-editor.default\">\n\t\t\t\t<div class=\"elementor-widget-container\">\n\t\t\t\t\t\t\t\t\t<p>\u00c7imsa, a subsidiary of Sabanc\u0131 Holding, was founded in Mersin in 1972. Today, the company operates four integrated production plants in T\u00fcrkiye, located in Mersin, Eski\u015fehir, and Afyonkarahisar. In addition to producing grey cement, \u00c7imsa leads the Turkish cement and building materials sector in innovation, offering specialized products such as white cement and CAC (calcium aluminate cement). Committed to delivering profitable growth and creating value for all stakeholders, \u00c7imsa remains focused on sustaining this trajectory into the future.<\/p><p>\u00c7imsa, one of the world&#8217;s foremost brands in white cement and one of the world&#8217;s top three producers of CAC with the latest investment completed in Mersin, manages its international operations through its Netherlands based subsidiary, Cimsa Building Solutions BV.<\/p><p>\u00c7imsa, which develops new technologies that shed light on the future of the building materials industry in T\u00fcrkiye through its first R&amp;D Center, Formula Center\u2014approved by the Ministry of Industry and Technology\u2014operates at the Mersin Plant. This is the only integrated facility in the world capable of producing grey cement, white cement, and CAC and has at the same time extended its innovation power to Europe through the Sabanc\u0131 Technology Center located on the campus of the Technical University of Munich in Germany.<\/p><p>\u00c7imsa ensures the complete and timely fulfillment of its customers&#8217; product and service needs through its market-focused approach and extensive distribution network. As a trusted partner to its stakeholders, the company delivers essential materials for living spaces and infrastructures designed to endure for generations to come.<\/p>\t\t\t\t\t\t\t\t<\/div>\n\t\t\t\t<\/div>\n\t\t\t\t\t<\/div>\n\t\t<\/div>\n\t\t\t\t<div class=\"elementor-column elementor-col-50 elementor-top-column elementor-element elementor-element-d46ff8d\" data-id=\"d46ff8d\" data-element_type=\"column\" data-settings=\"{&quot;background_background&quot;:&quot;classic&quot;}\">\n\t\t\t<div class=\"elementor-widget-wrap elementor-element-populated\">\n\t\t\t\t\t<div class=\"elementor-background-overlay\"><\/div>\n\t\t\t\t\t\t<div class=\"elementor-element elementor-element-bdb7b22 elementor-widget elementor-widget-image\" data-id=\"bdb7b22\" data-element_type=\"widget\" data-widget_type=\"image.default\">\n\t\t\t\t<div class=\"elementor-widget-container\">\n\t\t\t\t\t\t\t\t\t\t\t\t\t\t\t<img decoding=\"async\" src=\"https:\/\/cimsa.com.tr\/en\/wp-content\/uploads\/sites\/3\/elementor\/thumbs\/Cimsa-Mersin-Fabrika-3-q6zgdd8z6i6c9gjej3dy6e2eqy7zep5i3dssky4ynw.jpg\" title=\"\u00c7imsa-Mersin-Fabrika-(3)\" alt=\"Cimsa Mersin Fabrika\" class=\"elementor-animation-bob\" loading=\"lazy\" \/>\t\t\t\t\t\t\t\t\t\t\t\t\t\t\t<\/div>\n\t\t\t\t<\/div>\n\t\t\t\t\t<\/div>\n\t\t<\/div>\n\t\t\t\t\t<\/div>\n\t\t<\/section>\n\t\t\t\t<section class=\"elementor-section elementor-top-section elementor-element elementor-element-1f1e755 elementor-reverse-mobile elementor-section-boxed elementor-section-height-default elementor-section-height-default\" data-id=\"1f1e755\" data-element_type=\"section\">\n\t\t\t\t\t\t<div class=\"elementor-container elementor-column-gap-default\">\n\t\t\t\t\t<div class=\"elementor-column elementor-col-50 elementor-top-column elementor-element elementor-element-3dfab36\" data-id=\"3dfab36\" data-element_type=\"column\" data-settings=\"{&quot;background_background&quot;:&quot;classic&quot;}\">\n\t\t\t<div class=\"elementor-widget-wrap elementor-element-populated\">\n\t\t\t\t\t<div class=\"elementor-background-overlay\"><\/div>\n\t\t\t\t\t\t<div class=\"elementor-element elementor-element-ba935ed elementor-widget elementor-widget-image\" data-id=\"ba935ed\" data-element_type=\"widget\" data-widget_type=\"image.default\">\n\t\t\t\t<div class=\"elementor-widget-container\">\n\t\t\t\t\t\t\t\t\t\t\t\t\t\t\t<img decoding=\"async\" src=\"https:\/\/cimsa.com.tr\/en\/wp-content\/uploads\/sites\/3\/elementor\/thumbs\/CEMEX_Bunol_2012_FcoMARQUEZ__004-q6zgdiw3z2p153ou2zu4yg97uifug0b748y3lokvn4.jpg\" title=\"CEMEX_Bu\u00f1ol_2012_FcoMARQUEZ__004\" alt=\"CEMEX_Bu\u00f1ol_2012_FcoMARQUEZ__004\" class=\"elementor-animation-bob\" loading=\"lazy\" \/>\t\t\t\t\t\t\t\t\t\t\t\t\t\t\t<\/div>\n\t\t\t\t<\/div>\n\t\t\t\t\t<\/div>\n\t\t<\/div>\n\t\t\t\t<div class=\"elementor-column elementor-col-50 elementor-top-column elementor-element elementor-element-14b4e59\" data-id=\"14b4e59\" data-element_type=\"column\">\n\t\t\t<div class=\"elementor-widget-wrap elementor-element-populated\">\n\t\t\t\t\t\t<div class=\"elementor-element elementor-element-e9cd77e elementor-widget elementor-widget-heading\" data-id=\"e9cd77e\" data-element_type=\"widget\" id=\"misyon\" data-widget_type=\"heading.default\">\n\t\t\t\t<div class=\"elementor-widget-container\">\n\t\t\t\t\t<h2 class=\"elementor-heading-title elementor-size-default\">About \u00c7imsa Building Solutions BV\n\n<\/h2>\t\t\t\t<\/div>\n\t\t\t\t<\/div>\n\t\t\t\t<div class=\"elementor-element elementor-element-4405d70 elementor-widget elementor-widget-text-editor\" data-id=\"4405d70\" data-element_type=\"widget\" data-widget_type=\"text-editor.default\">\n\t\t\t\t<div class=\"elementor-widget-container\">\n\t\t\t\t\t\t\t\t\t<p style=\"font-weight: 400;\">In line with the goal to become a leading global player in the white cement industry and to create a more efficient and stronger platform, Sabanc\u0131 Holding and \u00c7imsa integrated their operational and financial strengths and founded \u00c7imsa Building Solutions BV in Holland in November 2020. While Sabanc\u0131 holds 49% of the total equity shares of the company, the remaining 51% belongs to \u00c7imsa.\u00a0<\/p><p style=\"font-weight: 400;\">Cimsa Building Solutions BV has emerged as a key player in the international white cement market, with a white cement production plant in Valencia, Spain, a grinding plant in Houston, USA, and terminals in Hamburg, Germany, Trieste, Italy, and Seville, Spain. Most recently, with the acquisition completed in October 2024, Ireland-based Mannok Holdings, which specializes in the production and sale of cement, cement-based products (such as tiles, precast materials, and concrete), insulation materials, and recycled plastic packaging, has been included in the Cimsa Building Solutions BV portfolio.<\/p>\t\t\t\t\t\t\t\t<\/div>\n\t\t\t\t<\/div>\n\t\t\t\t\t<\/div>\n\t\t<\/div>\n\t\t\t\t\t<\/div>\n\t\t<\/section>\n\t\t\t\t<\/div>\n\t\t","protected":false},"excerpt":{"rendered":"<p>Corporate About \u00c7imsa \u00c7imsa, a subsidiary of Sabanc\u0131 Holding, was founded in Mersin in 1972. Today, the company operates four integrated production plants in T\u00fcrkiye, located in Mersin, Eski\u015fehir, and Afyonkarahisar. In addition to producing grey cement, \u00c7imsa leads the Turkish cement and building materials sector in innovation, offering specialized products such as white cement [&hellip;]<\/p>\n","protected":false},"author":2,"featured_media":8097,"parent":7762,"menu_order":0,"comment_status":"closed","ping_status":"closed","template":"","meta":{"_acf_changed":false,"footnotes":""},"class_list":["post-1274","page","type-page","status-publish","has-post-thumbnail","hentry"],"acf":[],"yoast_head":"<!-- This site is optimized with the Yoast SEO plugin v26.6 - https:\/\/yoast.com\/wordpress\/plugins\/seo\/ -->\n<title>About Cimsa - \u00c7imsa<\/title>\n<meta name=\"description\" content=\"About \u00c7imsa: Discover our history, vision, mission, and sustainability-focused projects. Visit our page to learn more about \u00c7imsa\u2019s journey and values.\" \/>\n<meta name=\"robots\" content=\"index, follow, max-snippet:-1, max-image-preview:large, max-video-preview:-1\" \/>\n<link rel=\"canonical\" href=\"https:\/\/cimsa.com.tr\/en\/corporate\/about-cimsa\/\" \/>\n<meta property=\"og:locale\" content=\"en_US\" \/>\n<meta property=\"og:type\" content=\"article\" \/>\n<meta property=\"og:title\" content=\"About Cimsa - \u00c7imsa\" \/>\n<meta property=\"og:description\" content=\"About \u00c7imsa: Discover our history, vision, mission, and sustainability-focused projects. Visit our page to learn more about \u00c7imsa\u2019s journey and values.\" \/>\n<meta property=\"og:url\" content=\"https:\/\/cimsa.com.tr\/en\/corporate\/about-cimsa\/\" \/>\n<meta property=\"og:site_name\" content=\"\u00c7imsa\" \/>\n<meta property=\"article:modified_time\" content=\"2025-01-06T20:11:08+00:00\" \/>\n<meta property=\"og:image\" content=\"https:\/\/cimsa.com.tr\/en\/wp-content\/uploads\/sites\/3\/2022\/08\/cimsa-logo.jpg\" \/>\n\t<meta property=\"og:image:width\" content=\"800\" \/>\n\t<meta property=\"og:image:height\" content=\"800\" \/>\n\t<meta property=\"og:image:type\" content=\"image\/jpeg\" \/>\n<meta name=\"twitter:card\" content=\"summary_large_image\" \/>\n<meta name=\"twitter:label1\" content=\"Est. reading time\" \/>\n\t<meta name=\"twitter:data1\" content=\"3 minutes\" \/>\n<script type=\"application\/ld+json\" class=\"yoast-schema-graph\">{\"@context\":\"https:\/\/schema.org\",\"@graph\":[{\"@type\":\"WebPage\",\"@id\":\"https:\/\/cimsa.com.tr\/en\/corporate\/about-cimsa\/\",\"url\":\"https:\/\/cimsa.com.tr\/en\/corporate\/about-cimsa\/\",\"name\":\"About Cimsa - \u00c7imsa\",\"isPartOf\":{\"@id\":\"https:\/\/cimsa.com.tr\/en\/#website\"},\"primaryImageOfPage\":{\"@id\":\"https:\/\/cimsa.com.tr\/en\/corporate\/about-cimsa\/#primaryimage\"},\"image\":{\"@id\":\"https:\/\/cimsa.com.tr\/en\/corporate\/about-cimsa\/#primaryimage\"},\"thumbnailUrl\":\"https:\/\/cimsa.com.tr\/en\/wp-content\/uploads\/sites\/3\/2022\/08\/cimsa-logo.jpg\",\"datePublished\":\"2022-02-19T12:33:02+00:00\",\"dateModified\":\"2025-01-06T20:11:08+00:00\",\"description\":\"About \u00c7imsa: Discover our history, vision, mission, and sustainability-focused projects. Visit our page to learn more about \u00c7imsa\u2019s journey and values.\",\"breadcrumb\":{\"@id\":\"https:\/\/cimsa.com.tr\/en\/corporate\/about-cimsa\/#breadcrumb\"},\"inLanguage\":\"en-US\",\"potentialAction\":[{\"@type\":\"ReadAction\",\"target\":[\"https:\/\/cimsa.com.tr\/en\/corporate\/about-cimsa\/\"]}]},{\"@type\":\"ImageObject\",\"inLanguage\":\"en-US\",\"@id\":\"https:\/\/cimsa.com.tr\/en\/corporate\/about-cimsa\/#primaryimage\",\"url\":\"https:\/\/cimsa.com.tr\/en\/wp-content\/uploads\/sites\/3\/2022\/08\/cimsa-logo.jpg\",\"contentUrl\":\"https:\/\/cimsa.com.tr\/en\/wp-content\/uploads\/sites\/3\/2022\/08\/cimsa-logo.jpg\",\"width\":800,\"height\":800},{\"@type\":\"BreadcrumbList\",\"@id\":\"https:\/\/cimsa.com.tr\/en\/corporate\/about-cimsa\/#breadcrumb\",\"itemListElement\":[{\"@type\":\"ListItem\",\"position\":1,\"name\":\"Corporate\",\"item\":\"https:\/\/cimsa.com.tr\/en\/corporate\/\"},{\"@type\":\"ListItem\",\"position\":2,\"name\":\"About Cimsa\"}]},{\"@type\":\"WebSite\",\"@id\":\"https:\/\/cimsa.com.tr\/en\/#website\",\"url\":\"https:\/\/cimsa.com.tr\/en\/\",\"name\":\"\u00c7imsa\",\"description\":\"Shaping Today for Tomorrow\",\"potentialAction\":[{\"@type\":\"SearchAction\",\"target\":{\"@type\":\"EntryPoint\",\"urlTemplate\":\"https:\/\/cimsa.com.tr\/en\/?s={search_term_string}\"},\"query-input\":{\"@type\":\"PropertyValueSpecification\",\"valueRequired\":true,\"valueName\":\"search_term_string\"}}],\"inLanguage\":\"en-US\"}]}<\/script>\n<!-- \/ Yoast SEO plugin. -->","yoast_head_json":{"title":"About Cimsa - \u00c7imsa","description":"About \u00c7imsa: Discover our history, vision, mission, and sustainability-focused projects. Visit our page to learn more about \u00c7imsa\u2019s journey and values.","robots":{"index":"index","follow":"follow","max-snippet":"max-snippet:-1","max-image-preview":"max-image-preview:large","max-video-preview":"max-video-preview:-1"},"canonical":"https:\/\/cimsa.com.tr\/en\/corporate\/about-cimsa\/","og_locale":"en_US","og_type":"article","og_title":"About Cimsa - \u00c7imsa","og_description":"About \u00c7imsa: Discover our history, vision, mission, and sustainability-focused projects. Visit our page to learn more about \u00c7imsa\u2019s journey and values.","og_url":"https:\/\/cimsa.com.tr\/en\/corporate\/about-cimsa\/","og_site_name":"\u00c7imsa","article_modified_time":"2025-01-06T20:11:08+00:00","og_image":[{"width":800,"height":800,"url":"https:\/\/cimsa.com.tr\/en\/wp-content\/uploads\/sites\/3\/2022\/08\/cimsa-logo.jpg","type":"image\/jpeg"}],"twitter_card":"summary_large_image","twitter_misc":{"Est. reading time":"3 minutes"},"schema":{"@context":"https:\/\/schema.org","@graph":[{"@type":"WebPage","@id":"https:\/\/cimsa.com.tr\/en\/corporate\/about-cimsa\/","url":"https:\/\/cimsa.com.tr\/en\/corporate\/about-cimsa\/","name":"About Cimsa - \u00c7imsa","isPartOf":{"@id":"https:\/\/cimsa.com.tr\/en\/#website"},"primaryImageOfPage":{"@id":"https:\/\/cimsa.com.tr\/en\/corporate\/about-cimsa\/#primaryimage"},"image":{"@id":"https:\/\/cimsa.com.tr\/en\/corporate\/about-cimsa\/#primaryimage"},"thumbnailUrl":"https:\/\/cimsa.com.tr\/en\/wp-content\/uploads\/sites\/3\/2022\/08\/cimsa-logo.jpg","datePublished":"2022-02-19T12:33:02+00:00","dateModified":"2025-01-06T20:11:08+00:00","description":"About \u00c7imsa: Discover our history, vision, mission, and sustainability-focused projects. Visit our page to learn more about \u00c7imsa\u2019s journey and values.","breadcrumb":{"@id":"https:\/\/cimsa.com.tr\/en\/corporate\/about-cimsa\/#breadcrumb"},"inLanguage":"en-US","potentialAction":[{"@type":"ReadAction","target":["https:\/\/cimsa.com.tr\/en\/corporate\/about-cimsa\/"]}]},{"@type":"ImageObject","inLanguage":"en-US","@id":"https:\/\/cimsa.com.tr\/en\/corporate\/about-cimsa\/#primaryimage","url":"https:\/\/cimsa.com.tr\/en\/wp-content\/uploads\/sites\/3\/2022\/08\/cimsa-logo.jpg","contentUrl":"https:\/\/cimsa.com.tr\/en\/wp-content\/uploads\/sites\/3\/2022\/08\/cimsa-logo.jpg","width":800,"height":800},{"@type":"BreadcrumbList","@id":"https:\/\/cimsa.com.tr\/en\/corporate\/about-cimsa\/#breadcrumb","itemListElement":[{"@type":"ListItem","position":1,"name":"Corporate","item":"https:\/\/cimsa.com.tr\/en\/corporate\/"},{"@type":"ListItem","position":2,"name":"About Cimsa"}]},{"@type":"WebSite","@id":"https:\/\/cimsa.com.tr\/en\/#website","url":"https:\/\/cimsa.com.tr\/en\/","name":"\u00c7imsa","description":"Shaping Today for Tomorrow","potentialAction":[{"@type":"SearchAction","target":{"@type":"EntryPoint","urlTemplate":"https:\/\/cimsa.com.tr\/en\/?s={search_term_string}"},"query-input":{"@type":"PropertyValueSpecification","valueRequired":true,"valueName":"search_term_string"}}],"inLanguage":"en-US"}]}},"_links":{"self":[{"href":"https:\/\/cimsa.com.tr\/en\/wp-json\/wp\/v2\/pages\/1274","targetHints":{"allow":["GET"]}}],"collection":[{"href":"https:\/\/cimsa.com.tr\/en\/wp-json\/wp\/v2\/pages"}],"about":[{"href":"https:\/\/cimsa.com.tr\/en\/wp-json\/wp\/v2\/types\/page"}],"author":[{"embeddable":true,"href":"https:\/\/cimsa.com.tr\/en\/wp-json\/wp\/v2\/users\/2"}],"replies":[{"embeddable":true,"href":"https:\/\/cimsa.com.tr\/en\/wp-json\/wp\/v2\/comments?post=1274"}],"version-history":[{"count":5,"href":"https:\/\/cimsa.com.tr\/en\/wp-json\/wp\/v2\/pages\/1274\/revisions"}],"predecessor-version":[{"id":11995,"href":"https:\/\/cimsa.com.tr\/en\/wp-json\/wp\/v2\/pages\/1274\/revisions\/11995"}],"up":[{"embeddable":true,"href":"https:\/\/cimsa.com.tr\/en\/wp-json\/wp\/v2\/pages\/7762"}],"wp:featuredmedia":[{"embeddable":true,"href":"https:\/\/cimsa.com.tr\/en\/wp-json\/wp\/v2\/media\/8097"}],"wp:attachment":[{"href":"https:\/\/cimsa.com.tr\/en\/wp-json\/wp\/v2\/media?parent=1274"}],"curies":[{"name":"wp","href":"https:\/\/api.w.org\/{rel}","templated":true}]}}