{"id":10588,"date":"2023-10-09T10:34:17","date_gmt":"2023-10-09T10:34:17","guid":{"rendered":"https:\/\/cimsa.com.tr\/en\/?page_id=10588"},"modified":"2025-01-04T10:49:54","modified_gmt":"2025-01-04T10:49:54","slug":"digital-catalog","status":"publish","type":"page","link":"https:\/\/cimsa.com.tr\/en\/digital-catalog\/","title":{"rendered":"Digital Catalog"},"content":{"rendered":"\t\t<div data-elementor-type=\"wp-page\" data-elementor-id=\"10588\" class=\"elementor elementor-10588\" data-elementor-post-type=\"page\">\n\t\t\t\t\t\t<section class=\"elementor-section elementor-top-section elementor-element elementor-element-0598873 elementor-section-boxed elementor-section-height-default elementor-section-height-default\" data-id=\"0598873\" data-element_type=\"section\">\n\t\t\t\t\t\t<div class=\"elementor-container elementor-column-gap-default\">\n\t\t\t\t\t<div class=\"elementor-column elementor-col-100 elementor-top-column elementor-element elementor-element-cae332b\" data-id=\"cae332b\" data-element_type=\"column\" data-settings=\"{&quot;background_background&quot;:&quot;classic&quot;}\">\n\t\t\t<div class=\"elementor-widget-wrap elementor-element-populated\">\n\t\t\t\t\t<div class=\"elementor-background-overlay\"><\/div>\n\t\t\t\t\t\t<div class=\"elementor-element elementor-element-40ab682 elementor-widget elementor-widget-heading\" data-id=\"40ab682\" data-element_type=\"widget\" data-widget_type=\"heading.default\">\n\t\t\t\t<div class=\"elementor-widget-container\">\n\t\t\t\t\t<h1 class=\"elementor-heading-title elementor-size-large\">CAC Digital Catalog<\/h1>\t\t\t\t<\/div>\n\t\t\t\t<\/div>\n\t\t\t\t\t<\/div>\n\t\t<\/div>\n\t\t\t\t\t<\/div>\n\t\t<\/section>\n\t\t\t\t<section class=\"elementor-section elementor-top-section elementor-element elementor-element-652d85f elementor-section-boxed elementor-section-height-default elementor-section-height-default\" data-id=\"652d85f\" data-element_type=\"section\">\n\t\t\t\t\t\t<div class=\"elementor-container elementor-column-gap-default\">\n\t\t\t\t\t<div class=\"elementor-column elementor-col-50 elementor-top-column elementor-element elementor-element-e3e51f3\" data-id=\"e3e51f3\" data-element_type=\"column\">\n\t\t\t<div class=\"elementor-widget-wrap elementor-element-populated\">\n\t\t\t\t\t\t<div class=\"elementor-element elementor-element-29ac286 elementor-widget elementor-widget-text-editor\" data-id=\"29ac286\" data-element_type=\"widget\" data-widget_type=\"text-editor.default\">\n\t\t\t\t<div class=\"elementor-widget-container\">\n\t\t\t\t\t\t\t\t\t<p>We have 20+ years of experience as the \u00c7imsa Aluminate Family and we offer the most prestigious cement products.<\/p><p>Our segment-based special product options are designed according to customer expectations and are created with innovative solutions.<\/p><p>You can find out more about our calcium aluminate cement products in our catalog!\u00a0<\/p>\t\t\t\t\t\t\t\t<\/div>\n\t\t\t\t<\/div>\n\t\t\t\t\t<\/div>\n\t\t<\/div>\n\t\t\t\t<div class=\"elementor-column elementor-col-50 elementor-top-column elementor-element elementor-element-1a3076f\" data-id=\"1a3076f\" data-element_type=\"column\">\n\t\t\t<div class=\"elementor-widget-wrap elementor-element-populated\">\n\t\t\t\t\t\t<div class=\"elementor-element elementor-element-9c21051 elementor-widget elementor-widget-shortcode\" data-id=\"9c21051\" data-element_type=\"widget\" data-widget_type=\"shortcode.default\">\n\t\t\t\t<div class=\"elementor-widget-container\">\n\t\t\t\t\t\t\t<div class=\"elementor-shortcode\"><script charset=\"utf-8\" type=\"text\/javascript\" src=\"\/\/js.hsforms.net\/forms\/v2.js\"><\/script>\n<script>\n  hbspt.forms.create({\n    region: \"na1\",\n    portalId: \"9198927\",\n    formId: \"9cca96e6-9ebc-4921-8b29-bd277aba8ff1\",\n    version: \"V2_PRERELEASE\",\n    onFormReady: function($form) {\n      \/\/ Form y\u00fcklendikten sonra submit olay\u0131n\u0131 dinleyelim\n      $form.on('submit', function() {\n          dataLayer.push({'event': 'hotspotFormSubmission'});\n      });\n    }\n  });\n<\/script><\/div>\n\t\t\t\t\t\t<\/div>\n\t\t\t\t<\/div>\n\t\t\t\t\t<\/div>\n\t\t<\/div>\n\t\t\t\t\t<\/div>\n\t\t<\/section>\n\t\t\t\t<\/div>\n\t\t","protected":false},"excerpt":{"rendered":"<p>CAC Digital Catalog We have 20+ years of experience as the \u00c7imsa Aluminate Family and we offer the most prestigious cement products. Our segment-based special product options are designed according to customer expectations and are created with innovative solutions. You can find out more about our calcium aluminate cement products in our catalog!\u00a0<\/p>\n","protected":false},"author":3,"featured_media":0,"parent":0,"menu_order":0,"comment_status":"closed","ping_status":"closed","template":"","meta":{"_acf_changed":false,"footnotes":""},"class_list":["post-10588","page","type-page","status-publish","hentry"],"acf":[],"yoast_head":"<!-- This site is optimized with the Yoast SEO plugin v26.6 - https:\/\/yoast.com\/wordpress\/plugins\/seo\/ -->\n<title>Digital Catalog - \u00c7imsa<\/title>\n<meta name=\"description\" content=\"Discover our range of calcium aluminate cement products in our digital catalog. Explore now for detailed product information!\" \/>\n<meta name=\"robots\" content=\"index, follow, max-snippet:-1, max-image-preview:large, max-video-preview:-1\" \/>\n<link rel=\"canonical\" href=\"https:\/\/cimsa.com.tr\/en\/digital-catalog\/\" \/>\n<meta property=\"og:locale\" content=\"en_US\" \/>\n<meta property=\"og:type\" content=\"article\" \/>\n<meta property=\"og:title\" content=\"Digital Catalog - \u00c7imsa\" \/>\n<meta property=\"og:description\" content=\"Discover our range of calcium aluminate cement products in our digital catalog. Explore now for detailed product information!\" \/>\n<meta property=\"og:url\" content=\"https:\/\/cimsa.com.tr\/en\/digital-catalog\/\" \/>\n<meta property=\"og:site_name\" content=\"\u00c7imsa\" \/>\n<meta property=\"article:modified_time\" content=\"2025-01-04T10:49:54+00:00\" \/>\n<meta name=\"twitter:card\" content=\"summary_large_image\" \/>\n<meta name=\"twitter:label1\" content=\"Est. reading time\" \/>\n\t<meta name=\"twitter:data1\" content=\"1 minute\" \/>\n<script type=\"application\/ld+json\" class=\"yoast-schema-graph\">{\"@context\":\"https:\/\/schema.org\",\"@graph\":[{\"@type\":\"WebPage\",\"@id\":\"https:\/\/cimsa.com.tr\/en\/digital-catalog\/\",\"url\":\"https:\/\/cimsa.com.tr\/en\/digital-catalog\/\",\"name\":\"Digital Catalog - \u00c7imsa\",\"isPartOf\":{\"@id\":\"https:\/\/cimsa.com.tr\/en\/#website\"},\"datePublished\":\"2023-10-09T10:34:17+00:00\",\"dateModified\":\"2025-01-04T10:49:54+00:00\",\"description\":\"Discover our range of calcium aluminate cement products in our digital catalog. Explore now for detailed product information!\",\"inLanguage\":\"en-US\",\"potentialAction\":[{\"@type\":\"ReadAction\",\"target\":[\"https:\/\/cimsa.com.tr\/en\/digital-catalog\/\"]}]},{\"@type\":\"WebSite\",\"@id\":\"https:\/\/cimsa.com.tr\/en\/#website\",\"url\":\"https:\/\/cimsa.com.tr\/en\/\",\"name\":\"\u00c7imsa\",\"description\":\"Shaping Today for Tomorrow\",\"potentialAction\":[{\"@type\":\"SearchAction\",\"target\":{\"@type\":\"EntryPoint\",\"urlTemplate\":\"https:\/\/cimsa.com.tr\/en\/?s={search_term_string}\"},\"query-input\":{\"@type\":\"PropertyValueSpecification\",\"valueRequired\":true,\"valueName\":\"search_term_string\"}}],\"inLanguage\":\"en-US\"}]}<\/script>\n<!-- \/ Yoast SEO plugin. -->","yoast_head_json":{"title":"Digital Catalog - \u00c7imsa","description":"Discover our range of calcium aluminate cement products in our digital catalog. Explore now for detailed product information!","robots":{"index":"index","follow":"follow","max-snippet":"max-snippet:-1","max-image-preview":"max-image-preview:large","max-video-preview":"max-video-preview:-1"},"canonical":"https:\/\/cimsa.com.tr\/en\/digital-catalog\/","og_locale":"en_US","og_type":"article","og_title":"Digital Catalog - \u00c7imsa","og_description":"Discover our range of calcium aluminate cement products in our digital catalog. Explore now for detailed product information!","og_url":"https:\/\/cimsa.com.tr\/en\/digital-catalog\/","og_site_name":"\u00c7imsa","article_modified_time":"2025-01-04T10:49:54+00:00","twitter_card":"summary_large_image","twitter_misc":{"Est. reading time":"1 minute"},"schema":{"@context":"https:\/\/schema.org","@graph":[{"@type":"WebPage","@id":"https:\/\/cimsa.com.tr\/en\/digital-catalog\/","url":"https:\/\/cimsa.com.tr\/en\/digital-catalog\/","name":"Digital Catalog - \u00c7imsa","isPartOf":{"@id":"https:\/\/cimsa.com.tr\/en\/#website"},"datePublished":"2023-10-09T10:34:17+00:00","dateModified":"2025-01-04T10:49:54+00:00","description":"Discover our range of calcium aluminate cement products in our digital catalog. Explore now for detailed product information!","inLanguage":"en-US","potentialAction":[{"@type":"ReadAction","target":["https:\/\/cimsa.com.tr\/en\/digital-catalog\/"]}]},{"@type":"WebSite","@id":"https:\/\/cimsa.com.tr\/en\/#website","url":"https:\/\/cimsa.com.tr\/en\/","name":"\u00c7imsa","description":"Shaping Today for Tomorrow","potentialAction":[{"@type":"SearchAction","target":{"@type":"EntryPoint","urlTemplate":"https:\/\/cimsa.com.tr\/en\/?s={search_term_string}"},"query-input":{"@type":"PropertyValueSpecification","valueRequired":true,"valueName":"search_term_string"}}],"inLanguage":"en-US"}]}},"_links":{"self":[{"href":"https:\/\/cimsa.com.tr\/en\/wp-json\/wp\/v2\/pages\/10588","targetHints":{"allow":["GET"]}}],"collection":[{"href":"https:\/\/cimsa.com.tr\/en\/wp-json\/wp\/v2\/pages"}],"about":[{"href":"https:\/\/cimsa.com.tr\/en\/wp-json\/wp\/v2\/types\/page"}],"author":[{"embeddable":true,"href":"https:\/\/cimsa.com.tr\/en\/wp-json\/wp\/v2\/users\/3"}],"replies":[{"embeddable":true,"href":"https:\/\/cimsa.com.tr\/en\/wp-json\/wp\/v2\/comments?post=10588"}],"version-history":[{"count":5,"href":"https:\/\/cimsa.com.tr\/en\/wp-json\/wp\/v2\/pages\/10588\/revisions"}],"predecessor-version":[{"id":11975,"href":"https:\/\/cimsa.com.tr\/en\/wp-json\/wp\/v2\/pages\/10588\/revisions\/11975"}],"wp:attachment":[{"href":"https:\/\/cimsa.com.tr\/en\/wp-json\/wp\/v2\/media?parent=10588"}],"curies":[{"name":"wp","href":"https:\/\/api.w.org\/{rel}","templated":true}]}}